{"id":2435,"date":"2022-01-28T14:05:04","date_gmt":"2022-01-28T14:05:04","guid":{"rendered":"https:\/\/www4.umc.br\/posgraduacao\/?page_id=2435"},"modified":"2024-09-19T19:36:30","modified_gmt":"2024-09-19T19:36:30","slug":"modulo-de-gestao-e-negocios","status":"publish","type":"page","link":"https:\/\/www.umc.br\/posgraduacao\/pos-graduacao\/modulo-de-gestao-e-negocios\/","title":{"rendered":"M\u00f3dulo de Gest\u00e3o e Negocios"},"content":{"rendered":"\t\t<div data-elementor-type=\"wp-page\" data-elementor-id=\"2435\" class=\"elementor elementor-2435\" data-elementor-settings=\"{&quot;ha_cmc_init_switcher&quot;:&quot;no&quot;}\" data-elementor-post-type=\"page\">\n\t\t\t\t\t\t<section class=\"elementor-section elementor-top-section elementor-element elementor-element-12a6b128 elementor-section-height-min-height elementor-section-boxed elementor-section-height-default elementor-section-items-middle\" data-id=\"12a6b128\" data-element_type=\"section\" data-e-type=\"section\" data-settings=\"{&quot;background_background&quot;:&quot;classic&quot;,&quot;shape_divider_bottom&quot;:&quot;split&quot;,&quot;_ha_eqh_enable&quot;:false,&quot;ekit_has_onepagescroll_dot&quot;:&quot;yes&quot;}\">\n\t\t\t\t\t\t\t<div class=\"elementor-background-overlay\"><\/div>\n\t\t\t\t\t\t<div class=\"elementor-shape elementor-shape-bottom\" aria-hidden=\"true\" data-negative=\"false\">\n\t\t\t<svg xmlns=\"http:\/\/www.w3.org\/2000\/svg\" viewBox=\"0 0 1000 20\" preserveAspectRatio=\"none\">\n\t<path class=\"elementor-shape-fill\" d=\"M0,0v3c0,0,393.8,0,483.4,0c9.2,0,16.6,7.4,16.6,16.6c0-9.1,7.4-16.6,16.6-16.6C606.2,3,1000,3,1000,3V0H0z\"\/>\n<\/svg>\t\t<\/div>\n\t\t\t\t\t<div class=\"elementor-container elementor-column-gap-default\">\n\t\t\t\t\t<div class=\"elementor-column elementor-col-100 elementor-top-column elementor-element elementor-element-446a362c\" data-id=\"446a362c\" data-element_type=\"column\" data-e-type=\"column\" data-settings=\"{&quot;background_background&quot;:&quot;classic&quot;}\">\n\t\t\t<div class=\"elementor-widget-wrap elementor-element-populated\">\n\t\t\t\t\t\t<div class=\"elementor-element elementor-element-4fdfb951 elementor-widget elementor-widget-heading\" data-id=\"4fdfb951\" data-element_type=\"widget\" data-e-type=\"widget\" data-settings=\"{&quot;ekit_we_effect_on&quot;:&quot;none&quot;}\" data-widget_type=\"heading.default\">\n\t\t\t\t<div class=\"elementor-widget-container\">\n\t\t\t\t\t<h2 class=\"elementor-heading-title elementor-size-default\">P\u00d3S<\/h2>\t\t\t\t<\/div>\n\t\t\t\t<\/div>\n\t\t\t\t<div class=\"elementor-element elementor-element-37f16565 elementor-widget elementor-widget-text-editor\" data-id=\"37f16565\" data-element_type=\"widget\" data-e-type=\"widget\" data-settings=\"{&quot;ekit_we_effect_on&quot;:&quot;none&quot;}\" data-widget_type=\"text-editor.default\">\n\t\t\t\t<div class=\"elementor-widget-container\">\n\t\t\t\t\t\t\t\t\t<p>M\u00d3DULO DE\u00a0<\/p>\t\t\t\t\t\t\t\t<\/div>\n\t\t\t\t<\/div>\n\t\t\t\t<div class=\"elementor-element elementor-element-17427d85 elementor-widget elementor-widget-heading\" data-id=\"17427d85\" data-element_type=\"widget\" data-e-type=\"widget\" data-settings=\"{&quot;ekit_we_effect_on&quot;:&quot;none&quot;}\" data-widget_type=\"heading.default\">\n\t\t\t\t<div class=\"elementor-widget-container\">\n\t\t\t\t\t<h2 class=\"elementor-heading-title elementor-size-default\">GEST\u00c3O E <\/BR>\nNEG\u00d3CIOS<\/h2>\t\t\t\t<\/div>\n\t\t\t\t<\/div>\n\t\t\t\t\t<\/div>\n\t\t<\/div>\n\t\t\t\t\t<\/div>\n\t\t<\/section>\n\t\t\t\t<section class=\"elementor-section elementor-top-section elementor-element elementor-element-316b2bf1 elementor-section-boxed elementor-section-height-default elementor-section-height-default\" data-id=\"316b2bf1\" data-element_type=\"section\" data-e-type=\"section\" data-settings=\"{&quot;_ha_eqh_enable&quot;:false,&quot;ekit_has_onepagescroll_dot&quot;:&quot;yes&quot;}\">\n\t\t\t\t\t\t<div class=\"elementor-container elementor-column-gap-default\">\n\t\t\t\t\t<div class=\"elementor-column elementor-col-100 elementor-top-column elementor-element elementor-element-267a974d\" data-id=\"267a974d\" data-element_type=\"column\" data-e-type=\"column\">\n\t\t\t<div class=\"elementor-widget-wrap elementor-element-populated\">\n\t\t\t\t\t\t<section class=\"elementor-section elementor-inner-section elementor-element elementor-element-2e7beacd elementor-section-boxed elementor-section-height-default elementor-section-height-default\" data-id=\"2e7beacd\" data-element_type=\"section\" data-e-type=\"section\" data-settings=\"{&quot;_ha_eqh_enable&quot;:false,&quot;ekit_has_onepagescroll_dot&quot;:&quot;yes&quot;}\">\n\t\t\t\t\t\t<div class=\"elementor-container elementor-column-gap-default\">\n\t\t\t\t\t<div class=\"elementor-column elementor-col-50 elementor-inner-column elementor-element elementor-element-5397c450\" data-id=\"5397c450\" data-element_type=\"column\" data-e-type=\"column\">\n\t\t\t<div class=\"elementor-widget-wrap elementor-element-populated\">\n\t\t\t\t\t\t<div class=\"elementor-element elementor-element-c9dd886 ha-card--top ha-card--tablet-top ha-card--mobile-top elementor-widget elementor-widget-ha-card happy-addon ha-card\" data-id=\"c9dd886\" data-element_type=\"widget\" data-e-type=\"widget\" data-settings=\"{&quot;ekit_we_effect_on&quot;:&quot;none&quot;}\" data-widget_type=\"ha-card.default\">\n\t\t\t\t<div class=\"elementor-widget-container\">\n\t\t\t\t\t\n\t\t\t\t\t<figure class=\"ha-card-figure\">\n\t\t\t\t<img fetchpriority=\"high\" decoding=\"async\" width=\"1920\" height=\"555\" src=\"https:\/\/www.umc.br\/posgraduacao\/wp-content\/uploads\/2022\/01\/bannerlistagemgestaonegocios.jpg\" class=\"attachment-full size-full wp-image-1127\" alt=\"\" srcset=\"https:\/\/www.umc.br\/posgraduacao\/wp-content\/uploads\/2022\/01\/bannerlistagemgestaonegocios.jpg 1920w, https:\/\/www.umc.br\/posgraduacao\/wp-content\/uploads\/2022\/01\/bannerlistagemgestaonegocios-300x87.jpg 300w, https:\/\/www.umc.br\/posgraduacao\/wp-content\/uploads\/2022\/01\/bannerlistagemgestaonegocios-1024x296.jpg 1024w, https:\/\/www.umc.br\/posgraduacao\/wp-content\/uploads\/2022\/01\/bannerlistagemgestaonegocios-768x222.jpg 768w, https:\/\/www.umc.br\/posgraduacao\/wp-content\/uploads\/2022\/01\/bannerlistagemgestaonegocios-1536x444.jpg 1536w\" sizes=\"(max-width: 1920px) 100vw, 1920px\" \/>\t\t\t\t\t\t\t\t\t<div class=\"ha-badge ha-badge--top-right\">P\u00d3S-GRADUA\u00c7\u00c3O<\/div>\n\t\t\t\t\t\t\t<\/figure>\n\t\t\n\t\t<div class=\"ha-card-body\">\n\n\t\t\t<h1 class=\"ha-card-title\">MBA em Lideran\u00e7a e Gest\u00e3o de Pessoas<\/h1>\n\t\t\t\t\t\t\t<div class=\"ha-card-text\">\n\t\t\t\t\t<p>PRESENCIAL CONVENCIONAL<\/p>\n\t\t\t\t<\/div>\n\t\t\t\n\t\t\t<a class=\"ha-btn\" href=\"https:\/\/www.umc.br\/posgraduacao\/pos-graduacao\/modulo-de-gestao-e-negocios\/mba-em-lideranca-e-gestao-de-pessoas\/\"><span class=\"ha-btn-text\">SAIBA MAIS<\/span><\/a>\t\t<\/div>\n\t\t\t\t\t\t<\/div>\n\t\t\t\t<\/div>\n\t\t\t\t\t<\/div>\n\t\t<\/div>\n\t\t\t\t<div class=\"elementor-column elementor-col-50 elementor-inner-column elementor-element elementor-element-577237e9\" data-id=\"577237e9\" data-element_type=\"column\" data-e-type=\"column\">\n\t\t\t<div class=\"elementor-widget-wrap elementor-element-populated\">\n\t\t\t\t\t\t<div class=\"elementor-element elementor-element-f02a843 ha-card--top ha-card--tablet-top ha-card--mobile-top elementor-widget elementor-widget-ha-card happy-addon ha-card\" data-id=\"f02a843\" data-element_type=\"widget\" data-e-type=\"widget\" data-settings=\"{&quot;ekit_we_effect_on&quot;:&quot;none&quot;}\" data-widget_type=\"ha-card.default\">\n\t\t\t\t<div class=\"elementor-widget-container\">\n\t\t\t\t\t\n\t\t\t\t\t<figure class=\"ha-card-figure\">\n\t\t\t\t<img fetchpriority=\"high\" decoding=\"async\" width=\"1920\" height=\"555\" src=\"https:\/\/www.umc.br\/posgraduacao\/wp-content\/uploads\/2022\/01\/bannerlistagemgestaonegocios.jpg\" class=\"attachment-full size-full wp-image-1127\" alt=\"\" srcset=\"https:\/\/www.umc.br\/posgraduacao\/wp-content\/uploads\/2022\/01\/bannerlistagemgestaonegocios.jpg 1920w, https:\/\/www.umc.br\/posgraduacao\/wp-content\/uploads\/2022\/01\/bannerlistagemgestaonegocios-300x87.jpg 300w, https:\/\/www.umc.br\/posgraduacao\/wp-content\/uploads\/2022\/01\/bannerlistagemgestaonegocios-1024x296.jpg 1024w, https:\/\/www.umc.br\/posgraduacao\/wp-content\/uploads\/2022\/01\/bannerlistagemgestaonegocios-768x222.jpg 768w, https:\/\/www.umc.br\/posgraduacao\/wp-content\/uploads\/2022\/01\/bannerlistagemgestaonegocios-1536x444.jpg 1536w\" sizes=\"(max-width: 1920px) 100vw, 1920px\" \/>\t\t\t\t\t\t\t\t\t<div class=\"ha-badge ha-badge--top-right\">P\u00d3S-GRADUA\u00c7\u00c3O<\/div>\n\t\t\t\t\t\t\t<\/figure>\n\t\t\n\t\t<div class=\"ha-card-body\">\n\n\t\t\t<h1 class=\"ha-card-title\">MBA em Gest\u00e3o Estrat\u00e9gica de Neg\u00f3cios<\/h1>\n\t\t\t\t\t\t\t<div class=\"ha-card-text\">\n\t\t\t\t\t<p>PRESENCIAL CONVENCIONAL<\/p>\n\t\t\t\t<\/div>\n\t\t\t\n\t\t\t<a class=\"ha-btn\" href=\"https:\/\/www.umc.br\/posgraduacao\/pos-graduacao\/modulo-de-gestao-e-negocios\/mba-em-gestao-estrategica-de-negocios\/\"><span class=\"ha-btn-text\">SAIBA MAIS<\/span><\/a>\t\t<\/div>\n\t\t\t\t\t\t<\/div>\n\t\t\t\t<\/div>\n\t\t\t\t\t<\/div>\n\t\t<\/div>\n\t\t\t\t\t<\/div>\n\t\t<\/section>\n\t\t\t\t<section class=\"elementor-section elementor-inner-section elementor-element elementor-element-c1e7d02 elementor-hidden-widescreen elementor-hidden-desktop elementor-hidden-laptop elementor-hidden-tablet_extra elementor-hidden-tablet elementor-hidden-mobile_extra elementor-hidden-mobile elementor-section-boxed elementor-section-height-default elementor-section-height-default\" data-id=\"c1e7d02\" data-element_type=\"section\" data-e-type=\"section\" data-settings=\"{&quot;_ha_eqh_enable&quot;:false,&quot;ekit_has_onepagescroll_dot&quot;:&quot;yes&quot;}\">\n\t\t\t\t\t\t<div class=\"elementor-container elementor-column-gap-default\">\n\t\t\t\t\t<div class=\"elementor-column elementor-col-50 elementor-inner-column elementor-element elementor-element-162ad7b\" data-id=\"162ad7b\" data-element_type=\"column\" data-e-type=\"column\">\n\t\t\t<div class=\"elementor-widget-wrap elementor-element-populated\">\n\t\t\t\t\t\t<div class=\"elementor-element elementor-element-6f0a9f7 ha-card--top ha-card--tablet-top ha-card--mobile-top elementor-widget elementor-widget-ha-card happy-addon ha-card\" data-id=\"6f0a9f7\" data-element_type=\"widget\" data-e-type=\"widget\" data-settings=\"{&quot;ekit_we_effect_on&quot;:&quot;none&quot;}\" data-widget_type=\"ha-card.default\">\n\t\t\t\t<div class=\"elementor-widget-container\">\n\t\t\t\t\t\n\t\t\t\t\t<figure class=\"ha-card-figure\">\n\t\t\t\t<img decoding=\"async\" width=\"413\" height=\"114\" src=\"https:\/\/www.umc.br\/posgraduacao\/wp-content\/uploads\/2021\/12\/base_btn_listagens-u150049-fr3.png\" class=\"attachment-full size-full wp-image-22\" alt=\"\" srcset=\"https:\/\/www.umc.br\/posgraduacao\/wp-content\/uploads\/2021\/12\/base_btn_listagens-u150049-fr3.png 413w, https:\/\/www.umc.br\/posgraduacao\/wp-content\/uploads\/2021\/12\/base_btn_listagens-u150049-fr3-300x83.png 300w\" sizes=\"(max-width: 413px) 100vw, 413px\" \/>\t\t\t\t\t\t\t\t\t<div class=\"ha-badge ha-badge--top-right\">P\u00d3S-GRADUA\u00c7\u00c3O<\/div>\n\t\t\t\t\t\t\t<\/figure>\n\t\t\n\t\t<div class=\"ha-card-body\">\n\n\t\t\t<h1 class=\"ha-card-title\">Psicologia <\/BR>Organizacional<\/h1>\n\t\t\t\t\t\t\t<div class=\"ha-card-text\">\n\t\t\t\t\t<p>PRESENCIAL CONVENCIONAL<\/p>\n\t\t\t\t<\/div>\n\t\t\t\n\t\t\t<a class=\"ha-btn\" href=\"https:\/\/www4.umc.br\/posgraduacao\/pos-graduacao\/modulo-de-gestao-e-negocios\/psicologia-organizacional\/\"><span class=\"ha-btn-text\">SAIBA MAIS<\/span><\/a>\t\t<\/div>\n\t\t\t\t\t\t<\/div>\n\t\t\t\t<\/div>\n\t\t\t\t<div class=\"elementor-element elementor-element-057931d ha-card--top ha-card--tablet-top ha-card--mobile-top elementor-widget elementor-widget-ha-card happy-addon ha-card\" data-id=\"057931d\" data-element_type=\"widget\" data-e-type=\"widget\" data-settings=\"{&quot;ekit_we_effect_on&quot;:&quot;none&quot;}\" data-widget_type=\"ha-card.default\">\n\t\t\t\t<div class=\"elementor-widget-container\">\n\t\t\t\t\t\n\t\t\t\t\t<figure class=\"ha-card-figure\">\n\t\t\t\t<img decoding=\"async\" width=\"413\" height=\"114\" src=\"https:\/\/www.umc.br\/posgraduacao\/wp-content\/uploads\/2021\/12\/base_btn_listagens-u150049-fr3.png\" class=\"attachment-full size-full wp-image-22\" alt=\"\" srcset=\"https:\/\/www.umc.br\/posgraduacao\/wp-content\/uploads\/2021\/12\/base_btn_listagens-u150049-fr3.png 413w, https:\/\/www.umc.br\/posgraduacao\/wp-content\/uploads\/2021\/12\/base_btn_listagens-u150049-fr3-300x83.png 300w\" sizes=\"(max-width: 413px) 100vw, 413px\" \/>\t\t\t\t\t\t\t\t\t<div class=\"ha-badge ha-badge--top-right\">P\u00d3S-GRADUA\u00c7\u00c3O<\/div>\n\t\t\t\t\t\t\t<\/figure>\n\t\t\n\t\t<div class=\"ha-card-body\">\n\n\t\t\t<h1 class=\"ha-card-title\">MBA em Log\u00edstica e supply<\/br> chain management<\/h1>\n\t\t\t\t\t\t\t<div class=\"ha-card-text\">\n\t\t\t\t\t<p>PRESENCIAL CONVENCIONAL<\/p>\n\t\t\t\t<\/div>\n\t\t\t\n\t\t\t<a class=\"ha-btn\" href=\"https:\/\/www4.umc.br\/posgraduacao\/mba-em-logistica-e-supply-chain\/\"><span class=\"ha-btn-text\">SAIBA MAIS<\/span><\/a>\t\t<\/div>\n\t\t\t\t\t\t<\/div>\n\t\t\t\t<\/div>\n\t\t\t\t\t<\/div>\n\t\t<\/div>\n\t\t\t\t<div class=\"elementor-column elementor-col-50 elementor-inner-column elementor-element elementor-element-47b7e27\" data-id=\"47b7e27\" data-element_type=\"column\" data-e-type=\"column\">\n\t\t\t<div class=\"elementor-widget-wrap elementor-element-populated\">\n\t\t\t\t\t\t<div class=\"elementor-element elementor-element-bb7d446 ha-card--top ha-card--tablet-top ha-card--mobile-top elementor-widget elementor-widget-ha-card happy-addon ha-card\" data-id=\"bb7d446\" data-element_type=\"widget\" data-e-type=\"widget\" data-settings=\"{&quot;ekit_we_effect_on&quot;:&quot;none&quot;}\" data-widget_type=\"ha-card.default\">\n\t\t\t\t<div class=\"elementor-widget-container\">\n\t\t\t\t\t\n\t\t\t\t\t<figure class=\"ha-card-figure\">\n\t\t\t\t<img decoding=\"async\" width=\"413\" height=\"114\" src=\"https:\/\/www.umc.br\/posgraduacao\/wp-content\/uploads\/2021\/12\/base_btn_listagens-u150049-fr3.png\" class=\"attachment-full size-full wp-image-22\" alt=\"\" srcset=\"https:\/\/www.umc.br\/posgraduacao\/wp-content\/uploads\/2021\/12\/base_btn_listagens-u150049-fr3.png 413w, https:\/\/www.umc.br\/posgraduacao\/wp-content\/uploads\/2021\/12\/base_btn_listagens-u150049-fr3-300x83.png 300w\" sizes=\"(max-width: 413px) 100vw, 413px\" \/>\t\t\t\t\t\t\t\t\t<div class=\"ha-badge ha-badge--top-right\">P\u00d3S-GRADUA\u00c7\u00c3O<\/div>\n\t\t\t\t\t\t\t<\/figure>\n\t\t\n\t\t<div class=\"ha-card-body\">\n\n\t\t\t<h1 class=\"ha-card-title\">MBA em Gest\u00e3o <\/br>de projetos<\/h1>\n\t\t\t\t\t\t\t<div class=\"ha-card-text\">\n\t\t\t\t\t<p>PRESENCIAL CONVENCIONAL<\/p>\n\t\t\t\t<\/div>\n\t\t\t\n\t\t\t<a class=\"ha-btn\" href=\"https:\/\/www4.umc.br\/posgraduacao\/pos-graduacao\/modulo-de-gestao-e-negocios\/mba-em-gestao-de-projetos-combinando-pmi-com-agile\/\"><span class=\"ha-btn-text\">SAIBA MAIS<\/span><\/a>\t\t<\/div>\n\t\t\t\t\t\t<\/div>\n\t\t\t\t<\/div>\n\t\t\t\t<div class=\"elementor-element elementor-element-4cf8e0c ha-card--top ha-card--tablet-top ha-card--mobile-top elementor-widget elementor-widget-ha-card happy-addon ha-card\" data-id=\"4cf8e0c\" data-element_type=\"widget\" data-e-type=\"widget\" data-settings=\"{&quot;ekit_we_effect_on&quot;:&quot;none&quot;}\" data-widget_type=\"ha-card.default\">\n\t\t\t\t<div class=\"elementor-widget-container\">\n\t\t\t\t\t\n\t\t\t\t\t<figure class=\"ha-card-figure\">\n\t\t\t\t<img decoding=\"async\" width=\"413\" height=\"114\" src=\"https:\/\/www.umc.br\/posgraduacao\/wp-content\/uploads\/2021\/12\/base_btn_listagens-u150049-fr3.png\" class=\"attachment-full size-full wp-image-22\" alt=\"\" srcset=\"https:\/\/www.umc.br\/posgraduacao\/wp-content\/uploads\/2021\/12\/base_btn_listagens-u150049-fr3.png 413w, https:\/\/www.umc.br\/posgraduacao\/wp-content\/uploads\/2021\/12\/base_btn_listagens-u150049-fr3-300x83.png 300w\" sizes=\"(max-width: 413px) 100vw, 413px\" \/>\t\t\t\t\t\t\t\t\t<div class=\"ha-badge ha-badge--top-right\">P\u00d3S-GRADUA\u00c7\u00c3O<\/div>\n\t\t\t\t\t\t\t<\/figure>\n\t\t\n\t\t<div class=\"ha-card-body\">\n\n\t\t\t<h1 class=\"ha-card-title\">MBA em Marketing <\/br>e Vendas<\/h1>\n\t\t\t\t\t\t\t<div class=\"ha-card-text\">\n\t\t\t\t\t<p>PRESENCIAL CONVENCIONAL<\/p>\n\t\t\t\t<\/div>\n\t\t\t\n\t\t\t<a class=\"ha-btn\" href=\"https:\/\/www4.umc.br\/posgraduacao\/pos-graduacao\/modulo-de-gestao-e-negocios\/mba-gestao-estrategica-de-marketing-e-vendas\/\"><span class=\"ha-btn-text\">SAIBA MAIS<\/span><\/a>\t\t<\/div>\n\t\t\t\t\t\t<\/div>\n\t\t\t\t<\/div>\n\t\t\t\t\t<\/div>\n\t\t<\/div>\n\t\t\t\t\t<\/div>\n\t\t<\/section>\n\t\t\t\t<section class=\"elementor-section elementor-inner-section elementor-element elementor-element-c91347f elementor-hidden-widescreen elementor-hidden-desktop elementor-hidden-laptop elementor-hidden-tablet_extra elementor-hidden-tablet elementor-hidden-mobile_extra elementor-hidden-mobile elementor-section-boxed elementor-section-height-default elementor-section-height-default\" data-id=\"c91347f\" data-element_type=\"section\" data-e-type=\"section\" data-settings=\"{&quot;_ha_eqh_enable&quot;:false,&quot;ekit_has_onepagescroll_dot&quot;:&quot;yes&quot;}\">\n\t\t\t\t\t\t<div class=\"elementor-container elementor-column-gap-default\">\n\t\t\t\t\t<div class=\"elementor-column elementor-col-50 elementor-inner-column elementor-element elementor-element-dde9b0d\" data-id=\"dde9b0d\" data-element_type=\"column\" data-e-type=\"column\">\n\t\t\t<div class=\"elementor-widget-wrap elementor-element-populated\">\n\t\t\t\t\t\t<div class=\"elementor-element elementor-element-cf4ec3b ha-card--top ha-card--tablet-top ha-card--mobile-top elementor-widget elementor-widget-ha-card happy-addon ha-card\" data-id=\"cf4ec3b\" data-element_type=\"widget\" data-e-type=\"widget\" data-settings=\"{&quot;ekit_we_effect_on&quot;:&quot;none&quot;}\" data-widget_type=\"ha-card.default\">\n\t\t\t\t<div class=\"elementor-widget-container\">\n\t\t\t\t\t\n\t\t\t\t\t<figure class=\"ha-card-figure\">\n\t\t\t\t<img decoding=\"async\" width=\"413\" height=\"114\" src=\"https:\/\/www.umc.br\/posgraduacao\/wp-content\/uploads\/2021\/12\/base_btn_listagens-u150049-fr3.png\" class=\"attachment-full size-full wp-image-22\" alt=\"\" srcset=\"https:\/\/www.umc.br\/posgraduacao\/wp-content\/uploads\/2021\/12\/base_btn_listagens-u150049-fr3.png 413w, https:\/\/www.umc.br\/posgraduacao\/wp-content\/uploads\/2021\/12\/base_btn_listagens-u150049-fr3-300x83.png 300w\" sizes=\"(max-width: 413px) 100vw, 413px\" \/>\t\t\t\t\t\t\t\t\t<div class=\"ha-badge ha-badge--top-right\">P\u00d3S-GRADUA\u00c7\u00c3O<\/div>\n\t\t\t\t\t\t\t<\/figure>\n\t\t\n\t\t<div class=\"ha-card-body\">\n\n\t\t\t<h1 class=\"ha-card-title\">MBA em Finan\u00e7as<\/br> e controladoria<\/h1>\n\t\t\t\t\t\t\t<div class=\"ha-card-text\">\n\t\t\t\t\t<p>PRESENCIAL CONVENCIONAL<\/p>\n\t\t\t\t<\/div>\n\t\t\t\n\t\t\t<a class=\"ha-btn\" href=\"https:\/\/www4.umc.br\/posgraduacao\/pos-graduacao\/modulo-de-gestao-e-negocios\/mba-em-gestao-financeira-e-controladoria\/\"><span class=\"ha-btn-text\">SAIBA MAIS<\/span><\/a>\t\t<\/div>\n\t\t\t\t\t\t<\/div>\n\t\t\t\t<\/div>\n\t\t\t\t\t<\/div>\n\t\t<\/div>\n\t\t\t\t<div class=\"elementor-column elementor-col-50 elementor-inner-column elementor-element elementor-element-20c6346\" data-id=\"20c6346\" data-element_type=\"column\" data-e-type=\"column\">\n\t\t\t<div class=\"elementor-widget-wrap\">\n\t\t\t\t\t\t\t<\/div>\n\t\t<\/div>\n\t\t\t\t\t<\/div>\n\t\t<\/section>\n\t\t\t\t<section class=\"elementor-section elementor-inner-section elementor-element elementor-element-90ac266 elementor-section-boxed elementor-section-height-default elementor-section-height-default\" data-id=\"90ac266\" data-element_type=\"section\" data-e-type=\"section\" data-settings=\"{&quot;_ha_eqh_enable&quot;:false,&quot;ekit_has_onepagescroll_dot&quot;:&quot;yes&quot;}\">\n\t\t\t\t\t\t<div class=\"elementor-container elementor-column-gap-default\">\n\t\t\t\t\t<div class=\"elementor-column elementor-col-50 elementor-inner-column elementor-element elementor-element-68bcdab\" data-id=\"68bcdab\" data-element_type=\"column\" data-e-type=\"column\">\n\t\t\t<div class=\"elementor-widget-wrap\">\n\t\t\t\t\t\t\t<\/div>\n\t\t<\/div>\n\t\t\t\t<div class=\"elementor-column elementor-col-50 elementor-inner-column elementor-element elementor-element-a213de0\" data-id=\"a213de0\" data-element_type=\"column\" data-e-type=\"column\">\n\t\t\t<div class=\"elementor-widget-wrap\">\n\t\t\t\t\t\t\t<\/div>\n\t\t<\/div>\n\t\t\t\t\t<\/div>\n\t\t<\/section>\n\t\t\t\t<section class=\"elementor-section elementor-inner-section elementor-element elementor-element-d023d26 elementor-hidden-widescreen elementor-hidden-desktop elementor-hidden-laptop elementor-hidden-tablet_extra elementor-hidden-tablet elementor-hidden-mobile_extra elementor-hidden-mobile elementor-section-boxed elementor-section-height-default elementor-section-height-default\" data-id=\"d023d26\" data-element_type=\"section\" data-e-type=\"section\" data-settings=\"{&quot;_ha_eqh_enable&quot;:false,&quot;ekit_has_onepagescroll_dot&quot;:&quot;yes&quot;}\">\n\t\t\t\t\t\t<div class=\"elementor-container elementor-column-gap-default\">\n\t\t\t\t\t<div class=\"elementor-column elementor-col-50 elementor-inner-column elementor-element elementor-element-b26e1ee\" data-id=\"b26e1ee\" data-element_type=\"column\" data-e-type=\"column\">\n\t\t\t<div class=\"elementor-widget-wrap elementor-element-populated\">\n\t\t\t\t\t\t<div class=\"elementor-element elementor-element-381c32b ha-card--top ha-card--tablet-top ha-card--mobile-top elementor-widget elementor-widget-ha-card happy-addon ha-card\" data-id=\"381c32b\" data-element_type=\"widget\" data-e-type=\"widget\" data-settings=\"{&quot;ekit_we_effect_on&quot;:&quot;none&quot;}\" data-widget_type=\"ha-card.default\">\n\t\t\t\t<div class=\"elementor-widget-container\">\n\t\t\t\t\t\n\t\t\t\t\t<figure class=\"ha-card-figure\">\n\t\t\t\t<img fetchpriority=\"high\" decoding=\"async\" width=\"1920\" height=\"555\" src=\"https:\/\/www.umc.br\/posgraduacao\/wp-content\/uploads\/2022\/01\/bannerlistagemgestaonegocios.jpg\" class=\"attachment-full size-full wp-image-1127\" alt=\"\" srcset=\"https:\/\/www.umc.br\/posgraduacao\/wp-content\/uploads\/2022\/01\/bannerlistagemgestaonegocios.jpg 1920w, https:\/\/www.umc.br\/posgraduacao\/wp-content\/uploads\/2022\/01\/bannerlistagemgestaonegocios-300x87.jpg 300w, https:\/\/www.umc.br\/posgraduacao\/wp-content\/uploads\/2022\/01\/bannerlistagemgestaonegocios-1024x296.jpg 1024w, https:\/\/www.umc.br\/posgraduacao\/wp-content\/uploads\/2022\/01\/bannerlistagemgestaonegocios-768x222.jpg 768w, https:\/\/www.umc.br\/posgraduacao\/wp-content\/uploads\/2022\/01\/bannerlistagemgestaonegocios-1536x444.jpg 1536w\" sizes=\"(max-width: 1920px) 100vw, 1920px\" \/>\t\t\t\t\t\t\t\t\t<div class=\"ha-badge ha-badge--top-right\">P\u00d3S-GRADUA\u00c7\u00c3O<\/div>\n\t\t\t\t\t\t\t<\/figure>\n\t\t\n\t\t<div class=\"ha-card-body\">\n\n\t\t\t<h1 class=\"ha-card-title\">Engenharia da Qualidade e Produtividade <\/h1>\n\t\t\t\t\t\t\t<div class=\"ha-card-text\">\n\t\t\t\t\t<p>PRESENCIAL CONVENCIONAL<\/p>\n\t\t\t\t<\/div>\n\t\t\t\n\t\t\t<a class=\"ha-btn\" href=\"https:\/\/www4.umc.br\/posgraduacao\/pos-graduacao\/modulo-de-gestao-e-negocios\/mba-em-lideranca-e-gestao-de-pessoas\/\"><span class=\"ha-btn-text\">SAIBA MAIS<\/span><\/a>\t\t<\/div>\n\t\t\t\t\t\t<\/div>\n\t\t\t\t<\/div>\n\t\t\t\t\t<\/div>\n\t\t<\/div>\n\t\t\t\t<div class=\"elementor-column elementor-col-50 elementor-inner-column elementor-element elementor-element-32817f7\" data-id=\"32817f7\" data-element_type=\"column\" data-e-type=\"column\">\n\t\t\t<div class=\"elementor-widget-wrap elementor-element-populated\">\n\t\t\t\t\t\t<div class=\"elementor-element elementor-element-40222518 ha-card--top ha-card--tablet-top ha-card--mobile-top elementor-widget elementor-widget-ha-card happy-addon ha-card\" data-id=\"40222518\" data-element_type=\"widget\" data-e-type=\"widget\" data-settings=\"{&quot;ekit_we_effect_on&quot;:&quot;none&quot;}\" data-widget_type=\"ha-card.default\">\n\t\t\t\t<div class=\"elementor-widget-container\">\n\t\t\t\t\t\n\t\t\t\t\t<figure class=\"ha-card-figure\">\n\t\t\t\t<img decoding=\"async\" width=\"413\" height=\"114\" src=\"https:\/\/www.umc.br\/posgraduacao\/wp-content\/uploads\/2021\/12\/base_btn_listagens-u150049-fr3.png\" class=\"attachment-full size-full wp-image-22\" alt=\"\" srcset=\"https:\/\/www.umc.br\/posgraduacao\/wp-content\/uploads\/2021\/12\/base_btn_listagens-u150049-fr3.png 413w, https:\/\/www.umc.br\/posgraduacao\/wp-content\/uploads\/2021\/12\/base_btn_listagens-u150049-fr3-300x83.png 300w\" sizes=\"(max-width: 413px) 100vw, 413px\" \/>\t\t\t\t\t\t\t\t\t<div class=\"ha-badge ha-badge--top-right\">P\u00d3S-GRADUA\u00c7\u00c3O<\/div>\n\t\t\t\t\t\t\t<\/figure>\n\t\t\n\t\t<div class=\"ha-card-body\">\n\n\t\t\t<h1 class=\"ha-card-title\">MBA em <\/BR>Marketing Digital<\/h1>\n\t\t\t\t\t\t\t<div class=\"ha-card-text\">\n\t\t\t\t\t<p>PRESENCIAL CONVENCIONAL<\/p>\n\t\t\t\t<\/div>\n\t\t\t\n\t\t\t<a class=\"ha-btn\" href=\"https:\/\/www4.umc.br\/posgraduacao\/pos-graduacao\/modulo-de-gestao-e-negocios\/mba-em-marketing-digital\/\"><span class=\"ha-btn-text\">SAIBA MAIS<\/span><\/a>\t\t<\/div>\n\t\t\t\t\t\t<\/div>\n\t\t\t\t<\/div>\n\t\t\t\t\t<\/div>\n\t\t<\/div>\n\t\t\t\t\t<\/div>\n\t\t<\/section>\n\t\t\t\t\t<\/div>\n\t\t<\/div>\n\t\t\t\t\t<\/div>\n\t\t<\/section>\n\t\t\t\t<\/div>\n\t\t","protected":false},"excerpt":{"rendered":"<p>P\u00d3S M\u00d3DULO DE\u00a0 GEST\u00c3O E NEG\u00d3CIOS P\u00d3S-GRADUA\u00c7\u00c3O MBA em Lideran\u00e7a e Gest\u00e3o de Pessoas PRESENCIAL CONVENCIONAL SAIBA MAIS P\u00d3S-GRADUA\u00c7\u00c3O MBA em Gest\u00e3o Estrat\u00e9gica de Neg\u00f3cios PRESENCIAL CONVENCIONAL SAIBA MAIS P\u00d3S-GRADUA\u00c7\u00c3O Psicologia Organizacional PRESENCIAL CONVENCIONAL SAIBA MAIS P\u00d3S-GRADUA\u00c7\u00c3O MBA em Log\u00edstica e supply chain management PRESENCIAL CONVENCIONAL SAIBA MAIS P\u00d3S-GRADUA\u00c7\u00c3O MBA em Gest\u00e3o de projetos PRESENCIAL [&hellip;]<\/p>\n","protected":false},"author":4,"featured_media":0,"parent":497,"menu_order":0,"comment_status":"closed","ping_status":"closed","template":"elementor_header_footer","meta":{"footnotes":""},"class_list":["post-2435","page","type-page","status-publish","hentry"],"_links":{"self":[{"href":"https:\/\/www.umc.br\/posgraduacao\/wp-json\/wp\/v2\/pages\/2435","targetHints":{"allow":["GET"]}}],"collection":[{"href":"https:\/\/www.umc.br\/posgraduacao\/wp-json\/wp\/v2\/pages"}],"about":[{"href":"https:\/\/www.umc.br\/posgraduacao\/wp-json\/wp\/v2\/types\/page"}],"author":[{"embeddable":true,"href":"https:\/\/www.umc.br\/posgraduacao\/wp-json\/wp\/v2\/users\/4"}],"replies":[{"embeddable":true,"href":"https:\/\/www.umc.br\/posgraduacao\/wp-json\/wp\/v2\/comments?post=2435"}],"version-history":[{"count":75,"href":"https:\/\/www.umc.br\/posgraduacao\/wp-json\/wp\/v2\/pages\/2435\/revisions"}],"predecessor-version":[{"id":6319,"href":"https:\/\/www.umc.br\/posgraduacao\/wp-json\/wp\/v2\/pages\/2435\/revisions\/6319"}],"up":[{"embeddable":true,"href":"https:\/\/www.umc.br\/posgraduacao\/wp-json\/wp\/v2\/pages\/497"}],"wp:attachment":[{"href":"https:\/\/www.umc.br\/posgraduacao\/wp-json\/wp\/v2\/media?parent=2435"}],"curies":[{"name":"wp","href":"https:\/\/api.w.org\/{rel}","templated":true}]}}