{"id":246,"date":"2022-01-21T19:04:33","date_gmt":"2022-01-21T19:04:33","guid":{"rendered":"https:\/\/www4.umc.br\/covid19\/?page_id=246"},"modified":"2024-09-05T18:51:17","modified_gmt":"2024-09-05T18:51:17","slug":"home","status":"publish","type":"page","link":"https:\/\/www.umc.br\/covid19\/","title":{"rendered":"HOME"},"content":{"rendered":"\t\t<div data-elementor-type=\"wp-page\" data-elementor-id=\"246\" class=\"elementor elementor-246\" data-elementor-post-type=\"page\">\n\t\t\t\t\t\t<section class=\"elementor-section elementor-top-section elementor-element elementor-element-9f71ba7 elementor-section-boxed elementor-section-height-default elementor-section-height-default\" data-id=\"9f71ba7\" data-element_type=\"section\" data-e-type=\"section\" data-settings=\"{&quot;ekit_has_onepagescroll_dot&quot;:&quot;yes&quot;}\">\n\t\t\t\t\t\t\t<div class=\"elementor-background-overlay\"><\/div>\n\t\t\t\t\t\t\t<div class=\"elementor-container elementor-column-gap-default\">\n\t\t\t\t\t<div class=\"elementor-column elementor-col-100 elementor-top-column elementor-element elementor-element-a670173\" data-id=\"a670173\" data-element_type=\"column\" data-e-type=\"column\">\n\t\t\t<div class=\"elementor-widget-wrap elementor-element-populated\">\n\t\t\t\t\t\t<section class=\"elementor-section elementor-inner-section elementor-element elementor-element-f09a12a elementor-section-boxed elementor-section-height-default elementor-section-height-default\" data-id=\"f09a12a\" data-element_type=\"section\" data-e-type=\"section\" data-settings=\"{&quot;ekit_has_onepagescroll_dot&quot;:&quot;yes&quot;}\">\n\t\t\t\t\t\t<div class=\"elementor-container elementor-column-gap-default\">\n\t\t\t\t\t<div class=\"elementor-column elementor-col-100 elementor-inner-column elementor-element elementor-element-4b2bc92\" data-id=\"4b2bc92\" data-element_type=\"column\" data-e-type=\"column\">\n\t\t\t<div class=\"elementor-widget-wrap elementor-element-populated\">\n\t\t\t\t\t\t<div class=\"elementor-element elementor-element-947ec6a elementor-widget elementor-widget-text-editor\" data-id=\"947ec6a\" data-element_type=\"widget\" data-e-type=\"widget\" data-settings=\"{&quot;ekit_we_effect_on&quot;:&quot;none&quot;}\" data-widget_type=\"text-editor.default\">\n\t\t\t\t<div class=\"elementor-widget-container\">\n\t\t\t\t\t\t\t\t\t<p>Desde os primeiros impactos causados pela pandemia, ainda em 2020, a UMC vem seguindo \u00e0 risca todas as recomenda\u00e7\u00f5es dos \u00f3rg\u00e3os oficiais de sa\u00fade e do poder p\u00fablico, que regulam a nossa atua\u00e7\u00e3o.<br \/>Ao longo desses quase dois anos, elaboramos diversos protocolos internos de biosseguran\u00e7a, tanto gerais quanto por ambientes espec\u00edficos, sempre amparados nas recomenda\u00e7\u00f5es das autoridades competentes. Isso gerou um <strong>Plano Institucional de Preven\u00e7\u00e3o e Redu\u00e7\u00e3o de Riscos<\/strong>, que pode ser consultado neste hotsite.<br \/>Tamb\u00e9m criamos, logo no in\u00edcio da pandemia, este hotsite espec\u00edfico, onde concentramos toda a parte das legisla\u00e7\u00f5es federais, estaduais e municipais, os protocolos de biosseguran\u00e7a e os comunicados oficiais para alunos e docentes.<br \/>O surgimento e a aplica\u00e7\u00e3o das vacinas, obedecendo um cronograma de aplica\u00e7\u00e3o por faixas et\u00e1rias e grupos priorit\u00e1rios, possibilitou um retorno mais seguro das atividades econ\u00f4micas em todos os setores da economia em todo o mundo. Na educa\u00e7\u00e3o, favoreceu em 2021 o retorno presencial dos cursos da \u00e1rea de Sa\u00fade, especialmente, mas n\u00e3o s\u00f3, dos est\u00e1gios e aulas pr\u00e1ticas, pela especificidade da e import\u00e2ncia no enfrentamento \u00e0 pandemia.<br \/>Estamos iniciando 2022 num outro patamar de prote\u00e7\u00e3o, mesmo com novas variantes, pois as popula\u00e7\u00f5es jovem e adulta tiveram a oportunidade de tomar no m\u00ednimo as duas doses da vacina &#8211; para as marcas que n\u00e3o s\u00e3o dose \u00fanica. A 3\u00aa dose vem atingindo dia a dia um p\u00fablico maior, principalmente dos jovens. Os estudos levam a crer que esse v\u00edrus e suas variantes ainda dever\u00e3o permanecer no planeta e que apenas a manuten\u00e7\u00e3o dos cuidados individuais nos previne da contamina\u00e7\u00e3o e a vacina\u00e7\u00e3o, da presen\u00e7a de sintomas mais graves, levando a interna\u00e7\u00f5es e \u00f3bitos. Como desde o in\u00edcio a UMC buscou proporcionar a prote\u00e7\u00e3o de sua comunidade acad\u00eamica e a busca do retorno \u00e0 presencialidade nos cursos dessa modalidade, estamos lan\u00e7ando a campanha #TODOSPELAVACINA. Somos uma academia, que nesses 60 anos que ser\u00e3o completados em 2022, teve a pesquisa cient\u00edfica, o ensino de qualidade e a extens\u00e3o universit\u00e1ria como trip\u00e9, fomentar mais ainda que todos busquem a prote\u00e7\u00e3o das vacinas, desenvolvidas pela ci\u00eancia. Respiramos e transpiramos ci\u00eancia h\u00e1 6 d\u00e9cadas&#8230; n\u00e3o poder\u00edamos fazer diferente. Contamos com todos, precisamos de todos: alunos, docentes, pessoal t\u00e9cnico-administrativos e prestadores de servi\u00e7o.<br \/><br \/>UMC, janeiro\/2022<\/p>\t\t\t\t\t\t\t\t<\/div>\n\t\t\t\t<\/div>\n\t\t\t\t\t<\/div>\n\t\t<\/div>\n\t\t\t\t\t<\/div>\n\t\t<\/section>\n\t\t\t\t\t<\/div>\n\t\t<\/div>\n\t\t\t\t\t<\/div>\n\t\t<\/section>\n\t\t\t\t<section class=\"elementor-section elementor-top-section elementor-element elementor-element-cba0b32 elementor-section-boxed elementor-section-height-default elementor-section-height-default\" data-id=\"cba0b32\" data-element_type=\"section\" data-e-type=\"section\" data-settings=\"{&quot;ekit_has_onepagescroll_dot&quot;:&quot;yes&quot;}\">\n\t\t\t\t\t\t<div class=\"elementor-container elementor-column-gap-default\">\n\t\t\t\t\t<div class=\"elementor-column elementor-col-100 elementor-top-column elementor-element elementor-element-427498b\" data-id=\"427498b\" data-element_type=\"column\" data-e-type=\"column\">\n\t\t\t<div class=\"elementor-widget-wrap elementor-element-populated\">\n\t\t\t\t\t\t<div class=\"elementor-element elementor-element-eea61c5 elementor-align-center elementor-widget elementor-widget-elementskit-button\" data-id=\"eea61c5\" data-element_type=\"widget\" data-e-type=\"widget\" data-settings=\"{&quot;ekit_we_effect_on&quot;:&quot;none&quot;}\" data-widget_type=\"elementskit-button.default\">\n\t\t\t\t<div class=\"elementor-widget-container\">\n\t\t\t\t\t<div class=\"ekit-wid-con\" >\t\t<div class=\"ekit-btn-wraper\">\n\t\t\t\t\t\t\t<a href=\"https:\/\/www.umc.br\/covid19\/legislacao\/\" class=\"elementskit-btn  whitespace--normal\" id=\"\">\n\t\t\t\t\tLEGISLA\u00c7\u00c3O<svg xmlns=\"http:\/\/www.w3.org\/2000\/svg\" id=\"Layer_1\" data-name=\"Layer 1\" viewBox=\"0 0 129.68 50.91\"><title>novo<\/title><rect x=\"0.46\" y=\"0.46\" width=\"128.76\" height=\"50\" rx=\"22\" fill=\"#fff\" stroke=\"#ee3724\" stroke-miterlimit=\"10\" stroke-width=\"0.91\"><\/rect><path d=\"M21.05,20.39h6.6L36.26,33V20.39h6.66V43.26H36.26L27.7,30.7V43.26H21.05Z\" transform=\"translate(-5.4 -5.28)\" fill=\"#f04e24\"><\/path><path d=\"M46.73,31.84q0-5.6,3.12-8.72T58.54,20q5.71,0,8.8,3.07t3.09,8.58a14.07,14.07,0,0,1-1.35,6.58,9.61,9.61,0,0,1-3.9,4,12.9,12.9,0,0,1-6.36,1.43,14.63,14.63,0,0,1-6.4-1.23,9.62,9.62,0,0,1-4.11-3.9A13,13,0,0,1,46.73,31.84Zm7.07,0q0,3.47,1.28,5a4.88,4.88,0,0,0,7,0q1.24-1.49,1.25-5.32a7.06,7.06,0,0,0-1.3-4.72,4.48,4.48,0,0,0-3.54-1.49,4.33,4.33,0,0,0-3.43,1.51Q53.8,28.38,53.8,31.87Z\" transform=\"translate(-5.4 -5.28)\" fill=\"#f04e24\"><\/path><path d=\"M70.61,20.39H78l5.15,16.46,5.08-16.46H95.4L86.91,43.26H79.25Z\" transform=\"translate(-5.4 -5.28)\" fill=\"#f04e24\"><\/path><path d=\"M95.73,31.84q0-5.6,3.12-8.72T107.54,20q5.71,0,8.8,3.07t3.09,8.58a14.07,14.07,0,0,1-1.35,6.58,9.61,9.61,0,0,1-3.9,4,12.9,12.9,0,0,1-6.36,1.43,14.63,14.63,0,0,1-6.4-1.23,9.62,9.62,0,0,1-4.11-3.9A12.88,12.88,0,0,1,95.73,31.84Zm7.07,0q0,3.47,1.28,5a4.88,4.88,0,0,0,7,0q1.24-1.49,1.25-5.32a7.06,7.06,0,0,0-1.3-4.72,4.48,4.48,0,0,0-3.54-1.49,4.32,4.32,0,0,0-3.43,1.51Q102.8,28.38,102.8,31.87Z\" transform=\"translate(-5.4 -5.28)\" fill=\"#f04e24\"><\/path><\/svg>\t\t\t\t<\/a>\n\t\t\t\t\t<\/div>\n        <\/div>\t\t\t\t<\/div>\n\t\t\t\t<\/div>\n\t\t\t\t<div class=\"elementor-element elementor-element-42b3848 elementor-align-justify elementor-widget elementor-widget-button\" data-id=\"42b3848\" data-element_type=\"widget\" data-e-type=\"widget\" data-settings=\"{&quot;ekit_we_effect_on&quot;:&quot;none&quot;}\" data-widget_type=\"button.default\">\n\t\t\t\t<div class=\"elementor-widget-container\">\n\t\t\t\t\t\t\t\t\t<div class=\"elementor-button-wrapper\">\n\t\t\t\t\t<a class=\"elementor-button elementor-button-link elementor-size-sm\" href=\"https:\/\/www.institutomix.com.br\/blog\/parceiros\/prefeitura-de-mogi-das-cruzes-e-o-instituto-mix-oferecem-cursos-gratuitos-para-empresas-treinarem-colaboradores-em-meio-a-pandemia-do-covid-19\/\" target=\"_blank\">\n\t\t\t\t\t\t<span class=\"elementor-button-content-wrapper\">\n\t\t\t\t\t\t\t\t\t<span class=\"elementor-button-text\">CURSO ON-LINE DE PREVEN\u00c7\u00c3O \u00c0 COVID-19 PARA COLABORADORES<\/span>\n\t\t\t\t\t<\/span>\n\t\t\t\t\t<\/a>\n\t\t\t\t<\/div>\n\t\t\t\t\t\t\t\t<\/div>\n\t\t\t\t<\/div>\n\t\t\t\t<div class=\"elementor-element elementor-element-6d73a8c elementor-align-center elementor-widget elementor-widget-elementskit-button\" data-id=\"6d73a8c\" data-element_type=\"widget\" data-e-type=\"widget\" data-settings=\"{&quot;ekit_we_effect_on&quot;:&quot;none&quot;}\" data-widget_type=\"elementskit-button.default\">\n\t\t\t\t<div class=\"elementor-widget-container\">\n\t\t\t\t\t<div class=\"ekit-wid-con\" >\t\t<div class=\"ekit-btn-wraper\">\n\t\t\t\t\t\t\t<a href=\"https:\/\/www.umc.br\/covid19\/comunicados-importantes-alunos-docentes-e-colaboradores\/\" class=\"elementskit-btn  whitespace--normal\" id=\"\">\n\t\t\t\t\tCOMUNICADOS IMPORTANTES ALUNOS, DOCENTES E COLABORADORES\t\t\t\t<\/a>\n\t\t\t\t\t<\/div>\n        <\/div>\t\t\t\t<\/div>\n\t\t\t\t<\/div>\n\t\t\t\t<div class=\"elementor-element elementor-element-b04d22b elementor-align-justify elementor-widget elementor-widget-button\" data-id=\"b04d22b\" data-element_type=\"widget\" data-e-type=\"widget\" data-settings=\"{&quot;ekit_we_effect_on&quot;:&quot;none&quot;}\" data-widget_type=\"button.default\">\n\t\t\t\t<div class=\"elementor-widget-container\">\n\t\t\t\t\t\t\t\t\t<div class=\"elementor-button-wrapper\">\n\t\t\t\t\t<a class=\"elementor-button elementor-button-link elementor-size-sm\" href=\"https:\/\/www.umc.br\/covid19\/protocolos-de-biosseguranca\/\">\n\t\t\t\t\t\t<span class=\"elementor-button-content-wrapper\">\n\t\t\t\t\t\t\t\t\t<span class=\"elementor-button-text\">PROTOCOLOS DE BIOSSEGURAN\u00c7A<\/span>\n\t\t\t\t\t<\/span>\n\t\t\t\t\t<\/a>\n\t\t\t\t<\/div>\n\t\t\t\t\t\t\t\t<\/div>\n\t\t\t\t<\/div>\n\t\t\t\t<div class=\"elementor-element elementor-element-72168e9 elementor-align-justify elementor-widget elementor-widget-button\" data-id=\"72168e9\" data-element_type=\"widget\" data-e-type=\"widget\" data-settings=\"{&quot;ekit_we_effect_on&quot;:&quot;none&quot;}\" data-widget_type=\"button.default\">\n\t\t\t\t<div class=\"elementor-widget-container\">\n\t\t\t\t\t\t\t\t\t<div class=\"elementor-button-wrapper\">\n\t\t\t\t\t<a class=\"elementor-button elementor-button-link elementor-size-sm\" href=\"https:\/\/www.umc.br\/covid19\/acesso-aos-campi-umc-e-horarios\/\">\n\t\t\t\t\t\t<span class=\"elementor-button-content-wrapper\">\n\t\t\t\t\t\t\t\t\t<span class=\"elementor-button-text\">ACESSO AOS CAMPI UMC E HOR\u00c1RIOS<\/span>\n\t\t\t\t\t<\/span>\n\t\t\t\t\t<\/a>\n\t\t\t\t<\/div>\n\t\t\t\t\t\t\t\t<\/div>\n\t\t\t\t<\/div>\n\t\t\t\t<div class=\"elementor-element elementor-element-738c588 elementor-align-justify elementor-widget elementor-widget-button\" data-id=\"738c588\" data-element_type=\"widget\" data-e-type=\"widget\" data-settings=\"{&quot;ekit_we_effect_on&quot;:&quot;none&quot;}\" data-widget_type=\"button.default\">\n\t\t\t\t<div class=\"elementor-widget-container\">\n\t\t\t\t\t\t\t\t\t<div class=\"elementor-button-wrapper\">\n\t\t\t\t\t<a class=\"elementor-button elementor-button-link elementor-size-sm\" href=\"https:\/\/www.umc.br\/covid19\/manual-de-utilizacao-do-ms-teams\/\">\n\t\t\t\t\t\t<span class=\"elementor-button-content-wrapper\">\n\t\t\t\t\t\t\t\t\t<span class=\"elementor-button-text\">MANUAIS DE UTILIZA\u00c7\u00c3O DO MS TEAMS<\/span>\n\t\t\t\t\t<\/span>\n\t\t\t\t\t<\/a>\n\t\t\t\t<\/div>\n\t\t\t\t\t\t\t\t<\/div>\n\t\t\t\t<\/div>\n\t\t\t\t<div class=\"elementor-element elementor-element-2860378 elementor-widget elementor-widget-spacer\" data-id=\"2860378\" data-element_type=\"widget\" data-e-type=\"widget\" data-settings=\"{&quot;ekit_we_effect_on&quot;:&quot;none&quot;}\" data-widget_type=\"spacer.default\">\n\t\t\t\t<div class=\"elementor-widget-container\">\n\t\t\t\t\t\t\t<div class=\"elementor-spacer\">\n\t\t\t<div class=\"elementor-spacer-inner\"><\/div>\n\t\t<\/div>\n\t\t\t\t\t\t<\/div>\n\t\t\t\t<\/div>\n\t\t\t\t\t<\/div>\n\t\t<\/div>\n\t\t\t\t\t<\/div>\n\t\t<\/section>\n\t\t\t\t<section class=\"elementor-section elementor-top-section elementor-element elementor-element-6031d46 elementor-section-boxed elementor-section-height-default elementor-section-height-default\" data-id=\"6031d46\" data-element_type=\"section\" data-e-type=\"section\" data-settings=\"{&quot;ekit_has_onepagescroll_dot&quot;:&quot;yes&quot;}\">\n\t\t\t\t\t\t<div class=\"elementor-container elementor-column-gap-default\">\n\t\t\t\t\t<div class=\"elementor-column elementor-col-100 elementor-top-column elementor-element elementor-element-2347324\" data-id=\"2347324\" data-element_type=\"column\" data-e-type=\"column\">\n\t\t\t<div class=\"elementor-widget-wrap\">\n\t\t\t\t\t\t\t<\/div>\n\t\t<\/div>\n\t\t\t\t\t<\/div>\n\t\t<\/section>\n\t\t\t\t<\/div>\n\t\t","protected":false},"excerpt":{"rendered":"<p>Desde os primeiros impactos causados pela pandemia, ainda em 2020, a UMC vem seguindo \u00e0 risca todas as recomenda\u00e7\u00f5es dos \u00f3rg\u00e3os oficiais de sa\u00fade e do poder p\u00fablico, que regulam a nossa atua\u00e7\u00e3o.Ao longo desses quase dois anos, elaboramos diversos protocolos internos de biosseguran\u00e7a, tanto gerais quanto por ambientes espec\u00edficos, sempre amparados nas recomenda\u00e7\u00f5es das [&hellip;]<\/p>\n","protected":false},"author":3,"featured_media":0,"parent":0,"menu_order":0,"comment_status":"closed","ping_status":"closed","template":"elementor_canvas","meta":{"footnotes":""},"class_list":["post-246","page","type-page","status-publish","hentry"],"_links":{"self":[{"href":"https:\/\/www.umc.br\/covid19\/wp-json\/wp\/v2\/pages\/246","targetHints":{"allow":["GET"]}}],"collection":[{"href":"https:\/\/www.umc.br\/covid19\/wp-json\/wp\/v2\/pages"}],"about":[{"href":"https:\/\/www.umc.br\/covid19\/wp-json\/wp\/v2\/types\/page"}],"author":[{"embeddable":true,"href":"https:\/\/www.umc.br\/covid19\/wp-json\/wp\/v2\/users\/3"}],"replies":[{"embeddable":true,"href":"https:\/\/www.umc.br\/covid19\/wp-json\/wp\/v2\/comments?post=246"}],"version-history":[{"count":62,"href":"https:\/\/www.umc.br\/covid19\/wp-json\/wp\/v2\/pages\/246\/revisions"}],"predecessor-version":[{"id":617,"href":"https:\/\/www.umc.br\/covid19\/wp-json\/wp\/v2\/pages\/246\/revisions\/617"}],"wp:attachment":[{"href":"https:\/\/www.umc.br\/covid19\/wp-json\/wp\/v2\/media?parent=246"}],"curies":[{"name":"wp","href":"https:\/\/api.w.org\/{rel}","templated":true}]}}