{"id":124,"date":"2021-11-23T16:42:23","date_gmt":"2021-11-23T16:42:23","guid":{"rendered":"https:\/\/www4.umc.br\/covid19\/?page_id=124"},"modified":"2022-01-23T18:10:56","modified_gmt":"2022-01-23T18:10:56","slug":"manual-de-utilizacao-do-ms-teams","status":"publish","type":"page","link":"https:\/\/www.umc.br\/covid19\/manual-de-utilizacao-do-ms-teams\/","title":{"rendered":"MANUAL DE UTILIZA\u00c7\u00c3O DO MS TEAMS:"},"content":{"rendered":"\t\t<div data-elementor-type=\"wp-page\" data-elementor-id=\"124\" class=\"elementor elementor-124\" data-elementor-post-type=\"page\">\n\t\t\t\t\t\t<section class=\"elementor-section elementor-top-section elementor-element elementor-element-406a7e08 elementor-section-boxed elementor-section-height-default elementor-section-height-default\" data-id=\"406a7e08\" data-element_type=\"section\" data-e-type=\"section\" data-settings=\"{&quot;ekit_has_onepagescroll_dot&quot;:&quot;yes&quot;}\">\n\t\t\t\t\t\t<div class=\"elementor-container elementor-column-gap-default\">\n\t\t\t\t\t<div class=\"elementor-column elementor-col-100 elementor-top-column elementor-element elementor-element-4cddcca2\" data-id=\"4cddcca2\" data-element_type=\"column\" data-e-type=\"column\">\n\t\t\t<div class=\"elementor-widget-wrap elementor-element-populated\">\n\t\t\t\t\t\t<div class=\"elementor-element elementor-element-a442754 elementor-widget elementor-widget-heading\" data-id=\"a442754\" data-element_type=\"widget\" data-e-type=\"widget\" data-settings=\"{&quot;ekit_we_effect_on&quot;:&quot;none&quot;}\" data-widget_type=\"heading.default\">\n\t\t\t\t<div class=\"elementor-widget-container\">\n\t\t\t\t\t<h2 class=\"elementor-heading-title elementor-size-default\">MANUAL DE UTILIZA\u00c7\u00c3O DO MS TEAMS:<\/h2>\t\t\t\t<\/div>\n\t\t\t\t<\/div>\n\t\t\t\t<div class=\"elementor-element elementor-element-8e23a3d elementor-align-justify elementor-widget elementor-widget-button\" data-id=\"8e23a3d\" data-element_type=\"widget\" data-e-type=\"widget\" data-settings=\"{&quot;ekit_we_effect_on&quot;:&quot;none&quot;}\" data-widget_type=\"button.default\">\n\t\t\t\t<div class=\"elementor-widget-container\">\n\t\t\t\t\t\t\t\t\t<div class=\"elementor-button-wrapper\">\n\t\t\t\t\t<a class=\"elementor-button elementor-button-link elementor-size-sm\" href=\"http:\/\/www.umc.br\/coronavirus\/arquivos\/guia_rapido_ms_teams_alunos.pdf\" target=\"_blank\">\n\t\t\t\t\t\t<span class=\"elementor-button-content-wrapper\">\n\t\t\t\t\t\t\t\t\t<span class=\"elementor-button-text\">GUIA R\u00c1PIDO DE UTILIZA\u00c7\u00c3O DO MS TEAMS - ALUNOS<\/span>\n\t\t\t\t\t<\/span>\n\t\t\t\t\t<\/a>\n\t\t\t\t<\/div>\n\t\t\t\t\t\t\t\t<\/div>\n\t\t\t\t<\/div>\n\t\t\t\t<div class=\"elementor-element elementor-element-1d1738d9 elementor-align-justify elementor-widget elementor-widget-button\" data-id=\"1d1738d9\" data-element_type=\"widget\" data-e-type=\"widget\" data-settings=\"{&quot;ekit_we_effect_on&quot;:&quot;none&quot;}\" data-widget_type=\"button.default\">\n\t\t\t\t<div class=\"elementor-widget-container\">\n\t\t\t\t\t\t\t\t\t<div class=\"elementor-button-wrapper\">\n\t\t\t\t\t<a class=\"elementor-button elementor-button-link elementor-size-sm\" href=\"http:\/\/www.umc.br\/coronavirus\/arquivos\/guia_rapido_ms_teams_professores.pdf\" target=\"_blank\">\n\t\t\t\t\t\t<span class=\"elementor-button-content-wrapper\">\n\t\t\t\t\t\t\t\t\t<span class=\"elementor-button-text\">GUIA R\u00c1PIDO DE UTILIZA\u00c7\u00c3O DO MS TEAMS - PROFESSORES<\/span>\n\t\t\t\t\t<\/span>\n\t\t\t\t\t<\/a>\n\t\t\t\t<\/div>\n\t\t\t\t\t\t\t\t<\/div>\n\t\t\t\t<\/div>\n\t\t\t\t<div class=\"elementor-element elementor-element-7e0e6cd6 elementor-widget elementor-widget-spacer\" data-id=\"7e0e6cd6\" data-element_type=\"widget\" data-e-type=\"widget\" data-settings=\"{&quot;ekit_we_effect_on&quot;:&quot;none&quot;}\" data-widget_type=\"spacer.default\">\n\t\t\t\t<div class=\"elementor-widget-container\">\n\t\t\t\t\t\t\t<div class=\"elementor-spacer\">\n\t\t\t<div class=\"elementor-spacer-inner\"><\/div>\n\t\t<\/div>\n\t\t\t\t\t\t<\/div>\n\t\t\t\t<\/div>\n\t\t\t\t\t<\/div>\n\t\t<\/div>\n\t\t\t\t\t<\/div>\n\t\t<\/section>\n\t\t\t\t<\/div>\n\t\t","protected":false},"excerpt":{"rendered":"<p>MANUAL DE UTILIZA\u00c7\u00c3O DO MS TEAMS: GUIA R\u00c1PIDO DE UTILIZA\u00c7\u00c3O DO MS TEAMS &#8211; ALUNOS GUIA R\u00c1PIDO DE UTILIZA\u00c7\u00c3O DO MS TEAMS &#8211; PROFESSORES<\/p>\n","protected":false},"author":3,"featured_media":0,"parent":0,"menu_order":0,"comment_status":"closed","ping_status":"closed","template":"","meta":{"footnotes":""},"class_list":["post-124","page","type-page","status-publish","hentry"],"_links":{"self":[{"href":"https:\/\/www.umc.br\/covid19\/wp-json\/wp\/v2\/pages\/124","targetHints":{"allow":["GET"]}}],"collection":[{"href":"https:\/\/www.umc.br\/covid19\/wp-json\/wp\/v2\/pages"}],"about":[{"href":"https:\/\/www.umc.br\/covid19\/wp-json\/wp\/v2\/types\/page"}],"author":[{"embeddable":true,"href":"https:\/\/www.umc.br\/covid19\/wp-json\/wp\/v2\/users\/3"}],"replies":[{"embeddable":true,"href":"https:\/\/www.umc.br\/covid19\/wp-json\/wp\/v2\/comments?post=124"}],"version-history":[{"count":16,"href":"https:\/\/www.umc.br\/covid19\/wp-json\/wp\/v2\/pages\/124\/revisions"}],"predecessor-version":[{"id":430,"href":"https:\/\/www.umc.br\/covid19\/wp-json\/wp\/v2\/pages\/124\/revisions\/430"}],"wp:attachment":[{"href":"https:\/\/www.umc.br\/covid19\/wp-json\/wp\/v2\/media?parent=124"}],"curies":[{"name":"wp","href":"https:\/\/api.w.org\/{rel}","templated":true}]}}