{"id":1550,"date":"2025-10-13T11:54:50","date_gmt":"2025-10-13T11:54:50","guid":{"rendered":"https:\/\/www.umc.br\/cigex\/?page_id=1550"},"modified":"2025-10-13T12:43:31","modified_gmt":"2025-10-13T12:43:31","slug":"a-universidade-estadual-do-novo-mexico","status":"publish","type":"page","link":"https:\/\/www.umc.br\/cigex\/a-universidade-estadual-do-novo-mexico\/","title":{"rendered":"A UNIVERSIDADE ESTADUAL DO NOVO M\u00c9XICO"},"content":{"rendered":"\t\t<div data-elementor-type=\"wp-page\" data-elementor-id=\"1550\" class=\"elementor elementor-1550\" data-elementor-settings=\"{&quot;ha_cmc_init_switcher&quot;:&quot;no&quot;}\" data-elementor-post-type=\"page\">\n\t\t\t\t\t\t<section class=\"elementor-section elementor-top-section elementor-element elementor-element-3239cff7 elementor-section-boxed elementor-section-height-default elementor-section-height-default\" data-id=\"3239cff7\" data-element_type=\"section\" data-e-type=\"section\" data-settings=\"{&quot;background_background&quot;:&quot;slideshow&quot;,&quot;background_slideshow_gallery&quot;:[{&quot;id&quot;:1552,&quot;url&quot;:&quot;https:\\\/\\\/www.umc.br\\\/cigex\\\/wp-content\\\/uploads\\\/2025\\\/10\\\/fotos.png&quot;}],&quot;background_slideshow_loop&quot;:&quot;yes&quot;,&quot;background_slideshow_slide_duration&quot;:5000,&quot;background_slideshow_slide_transition&quot;:&quot;fade&quot;,&quot;background_slideshow_transition_duration&quot;:500,&quot;_ha_eqh_enable&quot;:false,&quot;ekit_has_onepagescroll_dot&quot;:&quot;yes&quot;}\">\n\t\t\t\t\t\t\t<div class=\"elementor-background-overlay\"><\/div>\n\t\t\t\t\t\t\t<div class=\"elementor-container elementor-column-gap-default\">\n\t\t\t\t\t<div class=\"elementor-column elementor-col-100 elementor-top-column elementor-element elementor-element-9fe7270\" data-id=\"9fe7270\" data-element_type=\"column\" data-e-type=\"column\">\n\t\t\t<div class=\"elementor-widget-wrap elementor-element-populated\">\n\t\t\t\t\t\t<div class=\"elementor-element elementor-element-7e6ab88c elementor-widget elementor-widget-heading\" data-id=\"7e6ab88c\" data-element_type=\"widget\" data-e-type=\"widget\" data-settings=\"{&quot;ekit_we_effect_on&quot;:&quot;none&quot;}\" data-widget_type=\"heading.default\">\n\t\t\t\t<div class=\"elementor-widget-container\">\n\t\t\t\t\t<h2 class=\"elementor-heading-title elementor-size-default\">A UNIVERSIDADE ESTADUAL DO NOVO M\u00c9XICO<\/h2>\t\t\t\t<\/div>\n\t\t\t\t<\/div>\n\t\t\t\t\t<\/div>\n\t\t<\/div>\n\t\t\t\t\t<\/div>\n\t\t<\/section>\n\t\t\t\t<section class=\"elementor-section elementor-top-section elementor-element elementor-element-42f75bbb elementor-section-content-middle elementor-section-boxed elementor-section-height-default elementor-section-height-default\" data-id=\"42f75bbb\" data-element_type=\"section\" data-e-type=\"section\" data-settings=\"{&quot;background_background&quot;:&quot;classic&quot;,&quot;_ha_eqh_enable&quot;:false,&quot;ekit_has_onepagescroll_dot&quot;:&quot;yes&quot;}\">\n\t\t\t\t\t\t\t<div class=\"elementor-background-overlay\"><\/div>\n\t\t\t\t\t\t\t<div class=\"elementor-container elementor-column-gap-no\">\n\t\t\t\t\t<div class=\"elementor-column elementor-col-50 elementor-top-column elementor-element elementor-element-55ccb6c3\" data-id=\"55ccb6c3\" data-element_type=\"column\" data-e-type=\"column\" data-settings=\"{&quot;background_background&quot;:&quot;slideshow&quot;,&quot;background_slideshow_gallery&quot;:[{&quot;id&quot;:1552,&quot;url&quot;:&quot;https:\\\/\\\/www.umc.br\\\/cigex\\\/wp-content\\\/uploads\\\/2025\\\/10\\\/fotos.png&quot;}],&quot;background_slideshow_loop&quot;:&quot;yes&quot;,&quot;background_slideshow_slide_duration&quot;:5000,&quot;background_slideshow_slide_transition&quot;:&quot;fade&quot;,&quot;background_slideshow_transition_duration&quot;:500}\">\n\t\t\t<div class=\"elementor-widget-wrap elementor-element-populated\">\n\t\t\t\t\t\t<div class=\"elementor-element elementor-element-56666e8d elementor-widget elementor-widget-spacer\" data-id=\"56666e8d\" data-element_type=\"widget\" data-e-type=\"widget\" data-settings=\"{&quot;ekit_we_effect_on&quot;:&quot;none&quot;}\" data-widget_type=\"spacer.default\">\n\t\t\t\t<div class=\"elementor-widget-container\">\n\t\t\t\t\t\t\t<div class=\"elementor-spacer\">\n\t\t\t<div class=\"elementor-spacer-inner\"><\/div>\n\t\t<\/div>\n\t\t\t\t\t\t<\/div>\n\t\t\t\t<\/div>\n\t\t\t\t\t<\/div>\n\t\t<\/div>\n\t\t\t\t<div class=\"elementor-column elementor-col-50 elementor-top-column elementor-element elementor-element-6f3c052d\" data-id=\"6f3c052d\" data-element_type=\"column\" data-e-type=\"column\">\n\t\t\t<div class=\"elementor-widget-wrap elementor-element-populated\">\n\t\t\t\t\t\t<div class=\"elementor-element elementor-element-e0bd3c7 elementor-widget__width-initial elementor-widget elementor-widget-text-editor\" data-id=\"e0bd3c7\" data-element_type=\"widget\" data-e-type=\"widget\" data-settings=\"{&quot;ekit_we_effect_on&quot;:&quot;none&quot;}\" data-widget_type=\"text-editor.default\">\n\t\t\t\t<div class=\"elementor-widget-container\">\n\t\t\t\t\t\t\t\t\t<p>A Universidade Estadual do Novo M\u00e9xico conta com mais de 14.000 alunos de todos os EUA e de outros 89 pa\u00edses. Uma institui\u00e7\u00e3o que atende a hisp\u00e2nicos, a NMSU atende a uma popula\u00e7\u00e3o multicultural de estudantes e membros da comunidade em todo o estado, em quatro campi, um centro de aprendizagem sat\u00e9lite em Albuquerque, escrit\u00f3rios de extens\u00e3o cooperativa localizados em cada um dos 33 condados do Novo M\u00e9xico e 12 centros de pesquisa e ci\u00eancia agr\u00edcola. Al\u00e9m disso, os programas de educa\u00e7\u00e3o a dist\u00e2ncia oferecem aos alunos a m\u00e1xima flexibilidade.<\/p>\t\t\t\t\t\t\t\t<\/div>\n\t\t\t\t<\/div>\n\t\t\t\t\t<\/div>\n\t\t<\/div>\n\t\t\t\t\t<\/div>\n\t\t<\/section>\n\t\t\t\t<\/div>\n\t\t","protected":false},"excerpt":{"rendered":"<p>A UNIVERSIDADE ESTADUAL DO NOVO M\u00c9XICO A Universidade Estadual do Novo M\u00e9xico conta com mais de 14.000 alunos de todos os EUA e de outros 89 pa\u00edses. Uma institui\u00e7\u00e3o que atende a hisp\u00e2nicos, a NMSU atende a uma popula\u00e7\u00e3o multicultural de estudantes e membros da comunidade em todo o estado, em quatro campi, um centro [&hellip;]<\/p>\n","protected":false},"author":3,"featured_media":0,"parent":0,"menu_order":0,"comment_status":"closed","ping_status":"closed","template":"elementor_header_footer","meta":{"footnotes":""},"class_list":["post-1550","page","type-page","status-publish","hentry"],"blocksy_meta":[],"_links":{"self":[{"href":"https:\/\/www.umc.br\/cigex\/wp-json\/wp\/v2\/pages\/1550","targetHints":{"allow":["GET"]}}],"collection":[{"href":"https:\/\/www.umc.br\/cigex\/wp-json\/wp\/v2\/pages"}],"about":[{"href":"https:\/\/www.umc.br\/cigex\/wp-json\/wp\/v2\/types\/page"}],"author":[{"embeddable":true,"href":"https:\/\/www.umc.br\/cigex\/wp-json\/wp\/v2\/users\/3"}],"replies":[{"embeddable":true,"href":"https:\/\/www.umc.br\/cigex\/wp-json\/wp\/v2\/comments?post=1550"}],"version-history":[{"count":19,"href":"https:\/\/www.umc.br\/cigex\/wp-json\/wp\/v2\/pages\/1550\/revisions"}],"predecessor-version":[{"id":1578,"href":"https:\/\/www.umc.br\/cigex\/wp-json\/wp\/v2\/pages\/1550\/revisions\/1578"}],"wp:attachment":[{"href":"https:\/\/www.umc.br\/cigex\/wp-json\/wp\/v2\/media?parent=1550"}],"curies":[{"name":"wp","href":"https:\/\/api.w.org\/{rel}","templated":true}]}}