{"id":1520,"date":"2024-12-12T17:11:29","date_gmt":"2024-12-12T17:11:29","guid":{"rendered":"https:\/\/www.umc.br\/cigex\/?page_id=1520"},"modified":"2024-12-12T17:37:54","modified_gmt":"2024-12-12T17:37:54","slug":"universita-degli-studi-di-roma-foro-italico","status":"publish","type":"page","link":"https:\/\/www.umc.br\/cigex\/universita-degli-studi-di-roma-foro-italico\/","title":{"rendered":"UNIVERSIT\u00c1 DEGLI STUDI DI ROMA \u2013 FORO ITALICO"},"content":{"rendered":"\t\t<div data-elementor-type=\"wp-page\" data-elementor-id=\"1520\" class=\"elementor elementor-1520\" data-elementor-settings=\"{&quot;ha_cmc_init_switcher&quot;:&quot;no&quot;}\" data-elementor-post-type=\"page\">\n\t\t\t\t\t\t<section class=\"elementor-section elementor-top-section elementor-element elementor-element-3239cff7 elementor-section-boxed elementor-section-height-default elementor-section-height-default\" data-id=\"3239cff7\" data-element_type=\"section\" data-e-type=\"section\" data-settings=\"{&quot;background_background&quot;:&quot;slideshow&quot;,&quot;background_slideshow_gallery&quot;:[{&quot;id&quot;:1523,&quot;url&quot;:&quot;https:\\\/\\\/www.umc.br\\\/cigex\\\/wp-content\\\/uploads\\\/2024\\\/12\\\/Imagem1.jpg&quot;}],&quot;background_slideshow_loop&quot;:&quot;yes&quot;,&quot;background_slideshow_slide_duration&quot;:5000,&quot;background_slideshow_slide_transition&quot;:&quot;fade&quot;,&quot;background_slideshow_transition_duration&quot;:500,&quot;_ha_eqh_enable&quot;:false,&quot;ekit_has_onepagescroll_dot&quot;:&quot;yes&quot;}\">\n\t\t\t\t\t\t\t<div class=\"elementor-background-overlay\"><\/div>\n\t\t\t\t\t\t\t<div class=\"elementor-container elementor-column-gap-default\">\n\t\t\t\t\t<div class=\"elementor-column elementor-col-100 elementor-top-column elementor-element elementor-element-9fe7270\" data-id=\"9fe7270\" data-element_type=\"column\" data-e-type=\"column\">\n\t\t\t<div class=\"elementor-widget-wrap elementor-element-populated\">\n\t\t\t\t\t\t<div class=\"elementor-element elementor-element-7e6ab88c elementor-widget elementor-widget-heading\" data-id=\"7e6ab88c\" data-element_type=\"widget\" data-e-type=\"widget\" data-settings=\"{&quot;ekit_we_effect_on&quot;:&quot;none&quot;}\" data-widget_type=\"heading.default\">\n\t\t\t\t<div class=\"elementor-widget-container\">\n\t\t\t\t\t<h2 class=\"elementor-heading-title elementor-size-default\">UNIVERSIT\u00c1 DEGLI STUDI DI ROMA&lt; \u2013 FORO ITALICO<\/h2>\t\t\t\t<\/div>\n\t\t\t\t<\/div>\n\t\t\t\t\t<\/div>\n\t\t<\/div>\n\t\t\t\t\t<\/div>\n\t\t<\/section>\n\t\t\t\t<section class=\"elementor-section elementor-top-section elementor-element elementor-element-53eca197 elementor-section-content-middle elementor-section-boxed elementor-section-height-default elementor-section-height-default\" data-id=\"53eca197\" data-element_type=\"section\" data-e-type=\"section\" data-settings=\"{&quot;background_background&quot;:&quot;classic&quot;,&quot;_ha_eqh_enable&quot;:false,&quot;ekit_has_onepagescroll_dot&quot;:&quot;yes&quot;}\">\n\t\t\t\t\t\t\t<div class=\"elementor-background-overlay\"><\/div>\n\t\t\t\t\t\t\t<div class=\"elementor-container elementor-column-gap-no\">\n\t\t\t\t\t<div class=\"elementor-column elementor-col-50 elementor-top-column elementor-element elementor-element-3a070621\" data-id=\"3a070621\" data-element_type=\"column\" data-e-type=\"column\" data-settings=\"{&quot;background_background&quot;:&quot;slideshow&quot;,&quot;background_slideshow_gallery&quot;:[],&quot;background_slideshow_loop&quot;:&quot;yes&quot;,&quot;background_slideshow_slide_duration&quot;:5000,&quot;background_slideshow_slide_transition&quot;:&quot;fade&quot;,&quot;background_slideshow_transition_duration&quot;:500}\">\n\t\t\t<div class=\"elementor-widget-wrap elementor-element-populated\">\n\t\t\t\t\t\t<div class=\"elementor-element elementor-element-8be31d8 elementor-widget elementor-widget-image\" data-id=\"8be31d8\" data-element_type=\"widget\" data-e-type=\"widget\" data-settings=\"{&quot;ekit_we_effect_on&quot;:&quot;none&quot;}\" data-widget_type=\"image.default\">\n\t\t\t\t<div class=\"elementor-widget-container\">\n\t\t\t\t\t\t\t\t\t\t\t\t\t\t\t<img fetchpriority=\"high\" decoding=\"async\" width=\"310\" height=\"310\" src=\"https:\/\/www.umc.br\/cigex\/wp-content\/uploads\/2024\/12\/Imagem2.jpg\" class=\"attachment-large size-large wp-image-1524\" alt=\"\" srcset=\"https:\/\/www.umc.br\/cigex\/wp-content\/uploads\/2024\/12\/Imagem2.jpg 310w, https:\/\/www.umc.br\/cigex\/wp-content\/uploads\/2024\/12\/Imagem2-300x300.jpg 300w, https:\/\/www.umc.br\/cigex\/wp-content\/uploads\/2024\/12\/Imagem2-150x150.jpg 150w\" sizes=\"(max-width: 310px) 100vw, 310px\" \/>\t\t\t\t\t\t\t\t\t\t\t\t\t\t\t<\/div>\n\t\t\t\t<\/div>\n\t\t\t\t\t<\/div>\n\t\t<\/div>\n\t\t\t\t<div class=\"elementor-column elementor-col-50 elementor-top-column elementor-element elementor-element-215a7987\" data-id=\"215a7987\" data-element_type=\"column\" data-e-type=\"column\">\n\t\t\t<div class=\"elementor-widget-wrap elementor-element-populated\">\n\t\t\t\t\t\t<div class=\"elementor-element elementor-element-b73b099 elementor-widget__width-initial elementor-widget elementor-widget-text-editor\" data-id=\"b73b099\" data-element_type=\"widget\" data-e-type=\"widget\" data-settings=\"{&quot;ekit_we_effect_on&quot;:&quot;none&quot;}\" data-widget_type=\"text-editor.default\">\n\t\t\t\t<div class=\"elementor-widget-container\">\n\t\t\t\t\t\t\t\t\tContinuando no caminho da internacionaliza\u00e7\u00e3o, a Universidade de Mogi das Cruzes, por meio da Coordena\u00e7\u00e3o de Internacionaliza\u00e7\u00e3o e Global Experience \u2013 CIGEX, firmou mais uma parceria, agora com a Universidade de Estudos de Roma \u2013 Foro It\u00e1lico. \n<\/br>\nEssa parceria ter\u00e1 in\u00edcio com os programas de pesquisa para desenvolvimento de prote\u00ednas que possam ajustar a microbiota intestinal e fortalecer o sistema imunol\u00f3gico. Essas pesquisas envolver\u00e3o a \u00e1rea de Biotecnologia da universidade e ter\u00e3o a participa\u00e7\u00e3o direta do Professor Dr. Carlos Mateus Rotta, dentre outros pesquisadores.\n<\/br>\nA previs\u00e3o \u00e9 que esse seja o primeiro trabalho conjunto e se estenda tamb\u00e9m para os outros cursos da universidade.\t\t\t\t\t\t\t\t<\/div>\n\t\t\t\t<\/div>\n\t\t\t\t\t<\/div>\n\t\t<\/div>\n\t\t\t\t\t<\/div>\n\t\t<\/section>\n\t\t\t\t<section class=\"elementor-section elementor-top-section elementor-element elementor-element-87ab527 elementor-section-content-middle elementor-section-boxed elementor-section-height-default elementor-section-height-default\" data-id=\"87ab527\" data-element_type=\"section\" data-e-type=\"section\" data-settings=\"{&quot;background_background&quot;:&quot;classic&quot;,&quot;_ha_eqh_enable&quot;:false,&quot;ekit_has_onepagescroll_dot&quot;:&quot;yes&quot;}\">\n\t\t\t\t\t\t\t<div class=\"elementor-background-overlay\"><\/div>\n\t\t\t\t\t\t\t<div class=\"elementor-container elementor-column-gap-no\">\n\t\t\t\t\t<div class=\"elementor-column elementor-col-50 elementor-top-column elementor-element elementor-element-841920f\" data-id=\"841920f\" data-element_type=\"column\" data-e-type=\"column\">\n\t\t\t<div class=\"elementor-widget-wrap elementor-element-populated\">\n\t\t\t\t\t\t<div class=\"elementor-element elementor-element-e310290 elementor-widget elementor-widget-text-editor\" data-id=\"e310290\" data-element_type=\"widget\" data-e-type=\"widget\" data-settings=\"{&quot;ekit_we_effect_on&quot;:&quot;none&quot;}\" data-widget_type=\"text-editor.default\">\n\t\t\t\t<div class=\"elementor-widget-container\">\n\t\t\t\t\t\t\t\t\tFundada em 1928 como Academia de Educa\u00e7\u00e3o F\u00edsica, sempre esteve focada no Esporte, na Ci\u00eancia e na Sa\u00fade como temas de pesquisa e ensino intimamente ligados entre si. Um caso \u00fanico na It\u00e1lia.<\/br>\nA quarta universidade de Roma \u00e9 uma universidade onde estudantes, professores, pesquisadores e pessoal t\u00e9cnico-administrativo vivenciam um relacionamento di\u00e1rio exclusivo e direto.<\/br>\nNos edif\u00edcios vermelhos e brancos do complexo Foro Italico, jovens capazes de competir em alta n\u00edvel s\u00e3o treinados internacionalmente em todas as \u00e1reas esportivas como atletas, mas tamb\u00e9m como gestores esportivos, pesquisadores e professores, especialistas em marketing e comunica\u00e7\u00e3o esportiva.<\/br>\nS\u00e3o in\u00fameros os laborat\u00f3rios cient\u00edficos, onde professores e pesquisadores discutem diariamente projetos de pesquisa inovadores, sem os quais n\u00e3o \u00e9 poss\u00edvel realizar um bom ensino e impactar o desenvolvimento da sociedade civil.<\/br>\nAqui s\u00e3o formadas compet\u00eancias profissionais cada vez mais procuradas na nossa sociedade, onde o desporto \u00e9 considerado parte integrante da cultura, do estilo de vida das pessoas e da economia mundial.\t\t\t\t\t\t\t\t<\/div>\n\t\t\t\t<\/div>\n\t\t\t\t\t<\/div>\n\t\t<\/div>\n\t\t\t\t<div class=\"elementor-column elementor-col-50 elementor-top-column elementor-element elementor-element-cd951bb\" data-id=\"cd951bb\" data-element_type=\"column\" data-e-type=\"column\" data-settings=\"{&quot;background_background&quot;:&quot;slideshow&quot;,&quot;background_slideshow_gallery&quot;:[{&quot;id&quot;:1523,&quot;url&quot;:&quot;https:\\\/\\\/www.umc.br\\\/cigex\\\/wp-content\\\/uploads\\\/2024\\\/12\\\/Imagem1.jpg&quot;}],&quot;background_slideshow_loop&quot;:&quot;yes&quot;,&quot;background_slideshow_slide_duration&quot;:5000,&quot;background_slideshow_slide_transition&quot;:&quot;fade&quot;,&quot;background_slideshow_transition_duration&quot;:500}\">\n\t\t\t<div class=\"elementor-widget-wrap\">\n\t\t\t\t\t\t\t<\/div>\n\t\t<\/div>\n\t\t\t\t\t<\/div>\n\t\t<\/section>\n\t\t\t\t<\/div>\n\t\t","protected":false},"excerpt":{"rendered":"<p>UNIVERSIT\u00c1 DEGLI STUDI DI ROMA&lt; \u2013 FORO ITALICO Continuando no caminho da internacionaliza\u00e7\u00e3o, a Universidade de Mogi das Cruzes, por meio da Coordena\u00e7\u00e3o de Internacionaliza\u00e7\u00e3o e Global Experience \u2013 CIGEX, firmou mais uma parceria, agora com a Universidade de Estudos de Roma \u2013 Foro It\u00e1lico. Essa parceria ter\u00e1 in\u00edcio com os programas de pesquisa para [&hellip;]<\/p>\n","protected":false},"author":3,"featured_media":0,"parent":0,"menu_order":0,"comment_status":"closed","ping_status":"closed","template":"elementor_header_footer","meta":{"footnotes":""},"class_list":["post-1520","page","type-page","status-publish","hentry"],"blocksy_meta":[],"_links":{"self":[{"href":"https:\/\/www.umc.br\/cigex\/wp-json\/wp\/v2\/pages\/1520","targetHints":{"allow":["GET"]}}],"collection":[{"href":"https:\/\/www.umc.br\/cigex\/wp-json\/wp\/v2\/pages"}],"about":[{"href":"https:\/\/www.umc.br\/cigex\/wp-json\/wp\/v2\/types\/page"}],"author":[{"embeddable":true,"href":"https:\/\/www.umc.br\/cigex\/wp-json\/wp\/v2\/users\/3"}],"replies":[{"embeddable":true,"href":"https:\/\/www.umc.br\/cigex\/wp-json\/wp\/v2\/comments?post=1520"}],"version-history":[{"count":10,"href":"https:\/\/www.umc.br\/cigex\/wp-json\/wp\/v2\/pages\/1520\/revisions"}],"predecessor-version":[{"id":1533,"href":"https:\/\/www.umc.br\/cigex\/wp-json\/wp\/v2\/pages\/1520\/revisions\/1533"}],"wp:attachment":[{"href":"https:\/\/www.umc.br\/cigex\/wp-json\/wp\/v2\/media?parent=1520"}],"curies":[{"name":"wp","href":"https:\/\/api.w.org\/{rel}","templated":true}]}}