{"id":1501,"date":"2024-11-25T12:46:53","date_gmt":"2024-11-25T12:46:53","guid":{"rendered":"https:\/\/www.umc.br\/cigex\/?page_id=1501"},"modified":"2024-11-25T13:17:15","modified_gmt":"2024-11-25T13:17:15","slug":"kansas-city-university","status":"publish","type":"page","link":"https:\/\/www.umc.br\/cigex\/kansas-city-university\/","title":{"rendered":"Kansas City University"},"content":{"rendered":"\t\t<div data-elementor-type=\"wp-page\" data-elementor-id=\"1501\" class=\"elementor elementor-1501\" data-elementor-settings=\"{&quot;ha_cmc_init_switcher&quot;:&quot;no&quot;}\" data-elementor-post-type=\"page\">\n\t\t\t\t\t\t<section class=\"elementor-section elementor-top-section elementor-element elementor-element-69fb3e8 elementor-section-boxed elementor-section-height-default elementor-section-height-default\" data-id=\"69fb3e8\" data-element_type=\"section\" data-e-type=\"section\" data-settings=\"{&quot;_ha_eqh_enable&quot;:false,&quot;ekit_has_onepagescroll_dot&quot;:&quot;yes&quot;}\">\n\t\t\t\t\t\t<div class=\"elementor-container elementor-column-gap-default\">\n\t\t\t\t\t<div class=\"elementor-column elementor-col-100 elementor-top-column elementor-element elementor-element-e64c307\" data-id=\"e64c307\" data-element_type=\"column\" data-e-type=\"column\">\n\t\t\t<div class=\"elementor-widget-wrap elementor-element-populated\">\n\t\t\t\t\t\t<div class=\"elementor-element elementor-element-42fb8a5 elementor-widget elementor-widget-heading\" data-id=\"42fb8a5\" data-element_type=\"widget\" data-e-type=\"widget\" data-settings=\"{&quot;ekit_we_effect_on&quot;:&quot;none&quot;}\" data-widget_type=\"heading.default\">\n\t\t\t\t<div class=\"elementor-widget-container\">\n\t\t\t\t\t<h2 class=\"elementor-heading-title elementor-size-default\">Kansas City University <\/h2>\t\t\t\t<\/div>\n\t\t\t\t<\/div>\n\t\t\t\t<div class=\"elementor-element elementor-element-1a77990 elementor-widget elementor-widget-text-editor\" data-id=\"1a77990\" data-element_type=\"widget\" data-e-type=\"widget\" data-settings=\"{&quot;ekit_we_effect_on&quot;:&quot;none&quot;}\" data-widget_type=\"text-editor.default\">\n\t\t\t\t<div class=\"elementor-widget-container\">\n\t\t\t\t\t\t\t\t\t<p>A Kansas City University \u00e9 uma universidade privada composta por uma Faculdade de Medicina Osteop\u00e1tica, fundada em 1916, e uma Faculdade de Bioci\u00eancias, a Kansas City University \u00e9 a mais antiga escola de medicina em Kansas City, Mo., e a maior em Missouri. A Faculdade de Medicina Dent\u00e1ria foi inaugurada em 2023 em Joplin, Missouri.\u00a0<\/p><p><strong>Programa KCU-GMEC\/ADCS Orlando<\/strong>.<\/p><p>O programa de resid\u00eancia em parceria com a Advanced Dermatology and Cosmetic Surgery (ADCS), foca no treinamento de m\u00e9dicos apaixonados por Dermatologia. O programa se orgulha de se especializar em dermatologia m\u00e9dica, cir\u00fargica e cosm\u00e9tica para condi\u00e7\u00f5es da pele, cabelo e unhas.<\/p><p>A miss\u00e3o do Programa KCU-GMEC\/ADCS Orlando \u00e9 fornecer experi\u00eancia cl\u00ednica, recursos educacionais e suporte de mentoria que produzam dermatologistas excepcionais que se engajem na pr\u00e1tica \u00e9tica e compassiva da medicina.<\/p>\t\t\t\t\t\t\t\t<\/div>\n\t\t\t\t<\/div>\n\t\t\t\t<div class=\"elementor-element elementor-element-81df69c elementor-widget elementor-widget-image\" data-id=\"81df69c\" data-element_type=\"widget\" data-e-type=\"widget\" data-settings=\"{&quot;ekit_we_effect_on&quot;:&quot;none&quot;}\" data-widget_type=\"image.default\">\n\t\t\t\t<div class=\"elementor-widget-container\">\n\t\t\t\t\t\t\t\t\t\t\t\t\t\t\t<img fetchpriority=\"high\" decoding=\"async\" width=\"1024\" height=\"477\" src=\"https:\/\/www.umc.br\/cigex\/wp-content\/uploads\/2024\/11\/Foto-1024x477.jpg\" class=\"attachment-large size-large wp-image-1511\" alt=\"\" srcset=\"https:\/\/www.umc.br\/cigex\/wp-content\/uploads\/2024\/11\/Foto-1024x477.jpg 1024w, https:\/\/www.umc.br\/cigex\/wp-content\/uploads\/2024\/11\/Foto-300x140.jpg 300w, https:\/\/www.umc.br\/cigex\/wp-content\/uploads\/2024\/11\/Foto-768x358.jpg 768w, https:\/\/www.umc.br\/cigex\/wp-content\/uploads\/2024\/11\/Foto-1536x716.jpg 1536w, https:\/\/www.umc.br\/cigex\/wp-content\/uploads\/2024\/11\/Foto.jpg 1764w\" sizes=\"(max-width: 1024px) 100vw, 1024px\" \/>\t\t\t\t\t\t\t\t\t\t\t\t\t\t\t<\/div>\n\t\t\t\t<\/div>\n\t\t\t\t\t<\/div>\n\t\t<\/div>\n\t\t\t\t\t<\/div>\n\t\t<\/section>\n\t\t\t\t<\/div>\n\t\t","protected":false},"excerpt":{"rendered":"<p>Kansas City University A Kansas City University \u00e9 uma universidade privada composta por uma Faculdade de Medicina Osteop\u00e1tica, fundada em 1916, e uma Faculdade de Bioci\u00eancias, a Kansas City University \u00e9 a mais antiga escola de medicina em Kansas City, Mo., e a maior em Missouri. A Faculdade de Medicina Dent\u00e1ria foi inaugurada em 2023 [&hellip;]<\/p>\n","protected":false},"author":4,"featured_media":0,"parent":0,"menu_order":0,"comment_status":"closed","ping_status":"closed","template":"elementor_header_footer","meta":{"footnotes":""},"class_list":["post-1501","page","type-page","status-publish","hentry"],"blocksy_meta":[],"_links":{"self":[{"href":"https:\/\/www.umc.br\/cigex\/wp-json\/wp\/v2\/pages\/1501","targetHints":{"allow":["GET"]}}],"collection":[{"href":"https:\/\/www.umc.br\/cigex\/wp-json\/wp\/v2\/pages"}],"about":[{"href":"https:\/\/www.umc.br\/cigex\/wp-json\/wp\/v2\/types\/page"}],"author":[{"embeddable":true,"href":"https:\/\/www.umc.br\/cigex\/wp-json\/wp\/v2\/users\/4"}],"replies":[{"embeddable":true,"href":"https:\/\/www.umc.br\/cigex\/wp-json\/wp\/v2\/comments?post=1501"}],"version-history":[{"count":11,"href":"https:\/\/www.umc.br\/cigex\/wp-json\/wp\/v2\/pages\/1501\/revisions"}],"predecessor-version":[{"id":1516,"href":"https:\/\/www.umc.br\/cigex\/wp-json\/wp\/v2\/pages\/1501\/revisions\/1516"}],"wp:attachment":[{"href":"https:\/\/www.umc.br\/cigex\/wp-json\/wp\/v2\/media?parent=1501"}],"curies":[{"name":"wp","href":"https:\/\/api.w.org\/{rel}","templated":true}]}}