{"id":1459,"date":"2023-12-06T15:46:19","date_gmt":"2023-12-06T15:46:19","guid":{"rendered":"https:\/\/www.umc.br\/cigex\/?page_id=1459"},"modified":"2023-12-06T15:52:30","modified_gmt":"2023-12-06T15:52:30","slug":"universidade-catolica-de-santiago-del-estero-ucse","status":"publish","type":"page","link":"https:\/\/www.umc.br\/cigex\/universidade-catolica-de-santiago-del-estero-ucse\/","title":{"rendered":"Universidade Cat\u00f3lica de Santiago del Estero (UCSE)."},"content":{"rendered":"\t\t<div data-elementor-type=\"wp-page\" data-elementor-id=\"1459\" class=\"elementor elementor-1459\" data-elementor-settings=\"{&quot;ha_cmc_init_switcher&quot;:&quot;no&quot;}\" data-elementor-post-type=\"page\">\n\t\t\t\t\t\t<section class=\"elementor-section elementor-top-section elementor-element elementor-element-3e05ccc elementor-section-boxed elementor-section-height-default elementor-section-height-default\" data-id=\"3e05ccc\" data-element_type=\"section\" data-e-type=\"section\" data-settings=\"{&quot;background_background&quot;:&quot;slideshow&quot;,&quot;background_slideshow_gallery&quot;:[{&quot;id&quot;:1463,&quot;url&quot;:&quot;https:\\\/\\\/www.umc.br\\\/cigex\\\/wp-content\\\/uploads\\\/2023\\\/12\\\/Imagem1.jpg&quot;}],&quot;background_slideshow_loop&quot;:&quot;yes&quot;,&quot;background_slideshow_slide_duration&quot;:5000,&quot;background_slideshow_slide_transition&quot;:&quot;fade&quot;,&quot;background_slideshow_transition_duration&quot;:500,&quot;_ha_eqh_enable&quot;:false,&quot;ekit_has_onepagescroll_dot&quot;:&quot;yes&quot;}\">\n\t\t\t\t\t\t\t<div class=\"elementor-background-overlay\"><\/div>\n\t\t\t\t\t\t\t<div class=\"elementor-container elementor-column-gap-default\">\n\t\t\t\t\t<div class=\"elementor-column elementor-col-100 elementor-top-column elementor-element elementor-element-17b8d10\" data-id=\"17b8d10\" data-element_type=\"column\" data-e-type=\"column\">\n\t\t\t<div class=\"elementor-widget-wrap elementor-element-populated\">\n\t\t\t\t\t\t<div class=\"elementor-element elementor-element-0806230 elementor-widget elementor-widget-heading\" data-id=\"0806230\" data-element_type=\"widget\" data-e-type=\"widget\" data-settings=\"{&quot;ekit_we_effect_on&quot;:&quot;none&quot;}\" data-widget_type=\"heading.default\">\n\t\t\t\t<div class=\"elementor-widget-container\">\n\t\t\t\t\t<h2 class=\"elementor-heading-title elementor-size-default\">Universidade Cat\u00f3lica de Santiago del Estero (UCSE). <\/h2>\t\t\t\t<\/div>\n\t\t\t\t<\/div>\n\t\t\t\t\t<\/div>\n\t\t<\/div>\n\t\t\t\t\t<\/div>\n\t\t<\/section>\n\t\t\t\t<section class=\"elementor-section elementor-top-section elementor-element elementor-element-jhihk1a elementor-section-content-middle elementor-section-boxed elementor-section-height-default elementor-section-height-default\" data-id=\"jhihk1a\" data-element_type=\"section\" data-e-type=\"section\" data-settings=\"{&quot;background_background&quot;:&quot;classic&quot;,&quot;_ha_eqh_enable&quot;:false,&quot;ekit_has_onepagescroll_dot&quot;:&quot;yes&quot;}\">\n\t\t\t\t\t\t\t<div class=\"elementor-background-overlay\"><\/div>\n\t\t\t\t\t\t\t<div class=\"elementor-container elementor-column-gap-no\">\n\t\t\t\t\t<div class=\"elementor-column elementor-col-100 elementor-top-column elementor-element elementor-element-75109e3\" data-id=\"75109e3\" data-element_type=\"column\" data-e-type=\"column\">\n\t\t\t<div class=\"elementor-widget-wrap elementor-element-populated\">\n\t\t\t\t\t\t<div class=\"elementor-element elementor-element-6859fd5 elementor-widget elementor-widget-heading\" data-id=\"6859fd5\" data-element_type=\"widget\" data-e-type=\"widget\" data-settings=\"{&quot;ekit_we_effect_on&quot;:&quot;none&quot;}\" data-widget_type=\"heading.default\">\n\t\t\t\t<div class=\"elementor-widget-container\">\n\t\t\t\t\t<h1 class=\"elementor-heading-title elementor-size-default\">A Universidade Cat\u00f3lica de Santiago del Estero (UCSE). <\/h1>\t\t\t\t<\/div>\n\t\t\t\t<\/div>\n\t\t\t\t<div class=\"elementor-element elementor-element-0a26147 elementor-widget elementor-widget-text-editor\" data-id=\"0a26147\" data-element_type=\"widget\" data-e-type=\"widget\" data-settings=\"{&quot;ekit_we_effect_on&quot;:&quot;none&quot;}\" data-widget_type=\"text-editor.default\">\n\t\t\t\t<div class=\"elementor-widget-container\">\n\t\t\t\t\t\t\t\t\t<p>Foi fundada em 21 de junho de 1960, para colaborar no campo da educa\u00e7\u00e3o, comprometida com a evangeliza\u00e7\u00e3o da cultura e com o servi\u00e7o \u00e0 Igreja e \u00e0 Na\u00e7\u00e3o.<\/p><p>Na d\u00e9cada de 90, foi tomada uma decis\u00e3o importante em rela\u00e7\u00e3o \u00e0 cria\u00e7\u00e3o de novas sedes acad\u00eamicas fora dos limites da Prov\u00edncia, com os Departamentos Acad\u00eamicos de Buenos Aires, San Salvador e Rafaela, o que deu \u00e0 institui\u00e7\u00e3o uma nova configura\u00e7\u00e3o, enriquecida pela diversidade\u00a0 e possibilidades oferecidas \u00a0em seu extenso territorio. A heterog\u00e9neidade do corpo docente e seu contexto social e produtivo, contribuem \u00a0para enriquecer o trabalho da UCSE.<\/p><p>A universidade possui gradua\u00e7\u00e3o nas \u00e1reas de ci\u00eancias exatas, ci\u00eancias sociais e ci\u00eancias da sa\u00fade. A \u00e1rea de investiga\u00e7\u00e3o baseada no desenvolvimento sustent\u00e1vel e na qualidade e qualidade de vida, na diversidade do conhecimento, na cultura cient\u00edfica, na distin\u00e7\u00e3o institucional e no impacto na sociedade<\/p>\t\t\t\t\t\t\t\t<\/div>\n\t\t\t\t<\/div>\n\t\t\t\t\t<\/div>\n\t\t<\/div>\n\t\t\t\t\t<\/div>\n\t\t<\/section>\n\t\t\t\t<section class=\"elementor-section elementor-top-section elementor-element elementor-element-1vpad9g elementor-section-boxed elementor-section-height-default elementor-section-height-default\" data-id=\"1vpad9g\" data-element_type=\"section\" data-e-type=\"section\" data-settings=\"{&quot;_ha_eqh_enable&quot;:false,&quot;ekit_has_onepagescroll_dot&quot;:&quot;yes&quot;}\">\n\t\t\t\t\t\t<div class=\"elementor-container elementor-column-gap-default\">\n\t\t\t\t\t<div class=\"elementor-column elementor-col-50 elementor-top-column elementor-element elementor-element-fbde4a3\" data-id=\"fbde4a3\" data-element_type=\"column\" data-e-type=\"column\">\n\t\t\t<div class=\"elementor-widget-wrap elementor-element-populated\">\n\t\t\t\t\t\t<div class=\"elementor-element elementor-element-5ce2de6 elementor-widget elementor-widget-image\" data-id=\"5ce2de6\" data-element_type=\"widget\" data-e-type=\"widget\" data-settings=\"{&quot;ekit_we_effect_on&quot;:&quot;none&quot;}\" data-widget_type=\"image.default\">\n\t\t\t\t<div class=\"elementor-widget-container\">\n\t\t\t\t\t\t\t\t\t\t\t\t\t\t\t<img fetchpriority=\"high\" decoding=\"async\" width=\"755\" height=\"1024\" src=\"https:\/\/www.umc.br\/cigex\/wp-content\/uploads\/2023\/12\/Auditorium-scaled-e1701877862960-755x1024.jpg\" class=\"attachment-large size-large wp-image-1461\" alt=\"\" srcset=\"https:\/\/www.umc.br\/cigex\/wp-content\/uploads\/2023\/12\/Auditorium-scaled-e1701877862960-755x1024.jpg 755w, https:\/\/www.umc.br\/cigex\/wp-content\/uploads\/2023\/12\/Auditorium-scaled-e1701877862960-221x300.jpg 221w, https:\/\/www.umc.br\/cigex\/wp-content\/uploads\/2023\/12\/Auditorium-scaled-e1701877862960-768x1042.jpg 768w, https:\/\/www.umc.br\/cigex\/wp-content\/uploads\/2023\/12\/Auditorium-scaled-e1701877862960-1133x1536.jpg 1133w, https:\/\/www.umc.br\/cigex\/wp-content\/uploads\/2023\/12\/Auditorium-scaled-e1701877862960.jpg 1258w\" sizes=\"(max-width: 755px) 100vw, 755px\" \/>\t\t\t\t\t\t\t\t\t\t\t\t\t\t\t<\/div>\n\t\t\t\t<\/div>\n\t\t\t\t\t<\/div>\n\t\t<\/div>\n\t\t\t\t<div class=\"elementor-column elementor-col-50 elementor-top-column elementor-element elementor-element-ad2ef58\" data-id=\"ad2ef58\" data-element_type=\"column\" data-e-type=\"column\">\n\t\t\t<div class=\"elementor-widget-wrap elementor-element-populated\">\n\t\t\t\t\t\t<div class=\"elementor-element elementor-element-ee32c7b elementor-widget elementor-widget-image-carousel\" data-id=\"ee32c7b\" data-element_type=\"widget\" data-e-type=\"widget\" data-settings=\"{&quot;slides_to_show&quot;:&quot;1&quot;,&quot;navigation&quot;:&quot;none&quot;,&quot;autoplay_speed&quot;:2000,&quot;autoplay&quot;:&quot;yes&quot;,&quot;pause_on_hover&quot;:&quot;yes&quot;,&quot;pause_on_interaction&quot;:&quot;yes&quot;,&quot;infinite&quot;:&quot;yes&quot;,&quot;effect&quot;:&quot;slide&quot;,&quot;speed&quot;:500,&quot;ekit_we_effect_on&quot;:&quot;none&quot;}\" data-widget_type=\"image-carousel.default\">\n\t\t\t\t<div class=\"elementor-widget-container\">\n\t\t\t\t\t\t\t<div class=\"elementor-image-carousel-wrapper swiper\" role=\"region\" aria-roledescription=\"carousel\" aria-label=\"Carrossel de imagens\" dir=\"ltr\">\n\t\t\t<div class=\"elementor-image-carousel swiper-wrapper\" aria-live=\"off\">\n\t\t\t\t\t\t\t\t<div class=\"swiper-slide\" role=\"group\" aria-roledescription=\"slide\" aria-label=\"1 de 1\"><figure class=\"swiper-slide-inner\"><img decoding=\"async\" class=\"swiper-slide-image\" src=\"https:\/\/www.umc.br\/cigex\/wp-content\/uploads\/2023\/12\/Imagem-do-WhatsApp-de-2023-12-04-as-07.43.37_4cae8155.jpg\" alt=\"Imagem do WhatsApp de 2023-12-04 \u00e0(s) 07.43.37_4cae8155\" \/><\/figure><\/div>\t\t\t<\/div>\n\t\t\t\t\t<\/div>\n\t\t\t\t\t\t<\/div>\n\t\t\t\t<\/div>\n\t\t\t\t<div class=\"elementor-element elementor-element-8cff307 elementor-widget elementor-widget-image\" data-id=\"8cff307\" data-element_type=\"widget\" data-e-type=\"widget\" data-settings=\"{&quot;ekit_we_effect_on&quot;:&quot;none&quot;}\" data-widget_type=\"image.default\">\n\t\t\t\t<div class=\"elementor-widget-container\">\n\t\t\t\t\t\t\t\t\t\t\t\t\t\t\t<img decoding=\"async\" width=\"1024\" height=\"606\" src=\"https:\/\/www.umc.br\/cigex\/wp-content\/uploads\/2023\/12\/Imagem1-1024x606.jpg\" class=\"attachment-large size-large wp-image-1463\" alt=\"\" srcset=\"https:\/\/www.umc.br\/cigex\/wp-content\/uploads\/2023\/12\/Imagem1-1024x606.jpg 1024w, https:\/\/www.umc.br\/cigex\/wp-content\/uploads\/2023\/12\/Imagem1-300x178.jpg 300w, https:\/\/www.umc.br\/cigex\/wp-content\/uploads\/2023\/12\/Imagem1-768x455.jpg 768w, https:\/\/www.umc.br\/cigex\/wp-content\/uploads\/2023\/12\/Imagem1.jpg 1299w\" sizes=\"(max-width: 1024px) 100vw, 1024px\" \/>\t\t\t\t\t\t\t\t\t\t\t\t\t\t\t<\/div>\n\t\t\t\t<\/div>\n\t\t\t\t\t<\/div>\n\t\t<\/div>\n\t\t\t\t\t<\/div>\n\t\t<\/section>\n\t\t\t\t<\/div>\n\t\t","protected":false},"excerpt":{"rendered":"<p>Universidade Cat\u00f3lica de Santiago del Estero (UCSE). A Universidade Cat\u00f3lica de Santiago del Estero (UCSE). Foi fundada em 21 de junho de 1960, para colaborar no campo da educa\u00e7\u00e3o, comprometida com a evangeliza\u00e7\u00e3o da cultura e com o servi\u00e7o \u00e0 Igreja e \u00e0 Na\u00e7\u00e3o. Na d\u00e9cada de 90, foi tomada uma decis\u00e3o importante em rela\u00e7\u00e3o [&hellip;]<\/p>\n","protected":false},"author":1,"featured_media":0,"parent":0,"menu_order":0,"comment_status":"closed","ping_status":"closed","template":"elementor_header_footer","meta":{"footnotes":""},"class_list":["post-1459","page","type-page","status-publish","hentry"],"blocksy_meta":[],"_links":{"self":[{"href":"https:\/\/www.umc.br\/cigex\/wp-json\/wp\/v2\/pages\/1459","targetHints":{"allow":["GET"]}}],"collection":[{"href":"https:\/\/www.umc.br\/cigex\/wp-json\/wp\/v2\/pages"}],"about":[{"href":"https:\/\/www.umc.br\/cigex\/wp-json\/wp\/v2\/types\/page"}],"author":[{"embeddable":true,"href":"https:\/\/www.umc.br\/cigex\/wp-json\/wp\/v2\/users\/1"}],"replies":[{"embeddable":true,"href":"https:\/\/www.umc.br\/cigex\/wp-json\/wp\/v2\/comments?post=1459"}],"version-history":[{"count":7,"href":"https:\/\/www.umc.br\/cigex\/wp-json\/wp\/v2\/pages\/1459\/revisions"}],"predecessor-version":[{"id":1470,"href":"https:\/\/www.umc.br\/cigex\/wp-json\/wp\/v2\/pages\/1459\/revisions\/1470"}],"wp:attachment":[{"href":"https:\/\/www.umc.br\/cigex\/wp-json\/wp\/v2\/media?parent=1459"}],"curies":[{"name":"wp","href":"https:\/\/api.w.org\/{rel}","templated":true}]}}