{"id":1431,"date":"2023-06-27T19:16:07","date_gmt":"2023-06-27T19:16:07","guid":{"rendered":"https:\/\/www.umc.br\/cigex\/?page_id=1431"},"modified":"2023-06-27T19:28:43","modified_gmt":"2023-06-27T19:28:43","slug":"california-northstate-university","status":"publish","type":"page","link":"https:\/\/www.umc.br\/cigex\/california-northstate-university\/","title":{"rendered":"California Northstate University"},"content":{"rendered":"\t\t<div data-elementor-type=\"wp-page\" data-elementor-id=\"1431\" class=\"elementor elementor-1431\" data-elementor-settings=\"{&quot;ha_cmc_init_switcher&quot;:&quot;no&quot;}\" data-elementor-post-type=\"page\">\n\t\t\t\t\t\t<section class=\"elementor-section elementor-top-section elementor-element elementor-element-48c877d elementor-section-boxed elementor-section-height-default elementor-section-height-default\" data-id=\"48c877d\" data-element_type=\"section\" data-e-type=\"section\" data-settings=\"{&quot;background_background&quot;:&quot;slideshow&quot;,&quot;background_slideshow_gallery&quot;:[{&quot;id&quot;:1442,&quot;url&quot;:&quot;https:\\\/\\\/www.umc.br\\\/cigex\\\/wp-content\\\/uploads\\\/2023\\\/06\\\/338436188_153136661014032_716890961259705681_n-1.jpg&quot;}],&quot;background_slideshow_loop&quot;:&quot;yes&quot;,&quot;background_slideshow_slide_duration&quot;:5000,&quot;background_slideshow_slide_transition&quot;:&quot;fade&quot;,&quot;background_slideshow_transition_duration&quot;:500,&quot;_ha_eqh_enable&quot;:false,&quot;ekit_has_onepagescroll_dot&quot;:&quot;yes&quot;}\">\n\t\t\t\t\t\t\t<div class=\"elementor-background-overlay\"><\/div>\n\t\t\t\t\t\t\t<div class=\"elementor-container elementor-column-gap-default\">\n\t\t\t\t\t<div class=\"elementor-column elementor-col-100 elementor-top-column elementor-element elementor-element-e7eb573\" data-id=\"e7eb573\" data-element_type=\"column\" data-e-type=\"column\">\n\t\t\t<div class=\"elementor-widget-wrap elementor-element-populated\">\n\t\t\t\t\t\t<div class=\"elementor-element elementor-element-27d3f97 elementor-widget elementor-widget-heading\" data-id=\"27d3f97\" data-element_type=\"widget\" data-e-type=\"widget\" data-settings=\"{&quot;ekit_we_effect_on&quot;:&quot;none&quot;}\" data-widget_type=\"heading.default\">\n\t\t\t\t<div class=\"elementor-widget-container\">\n\t\t\t\t\t<h2 class=\"elementor-heading-title elementor-size-default\">California Northstate University\u200b<\/h2>\t\t\t\t<\/div>\n\t\t\t\t<\/div>\n\t\t\t\t\t<\/div>\n\t\t<\/div>\n\t\t\t\t\t<\/div>\n\t\t<\/section>\n\t\t\t\t<section class=\"elementor-section elementor-top-section elementor-element elementor-element-2vmp6z7 elementor-section-content-middle elementor-section-boxed elementor-section-height-default elementor-section-height-default\" data-id=\"2vmp6z7\" data-element_type=\"section\" data-e-type=\"section\" data-settings=\"{&quot;background_background&quot;:&quot;classic&quot;,&quot;_ha_eqh_enable&quot;:false,&quot;ekit_has_onepagescroll_dot&quot;:&quot;yes&quot;}\">\n\t\t\t\t\t\t\t<div class=\"elementor-background-overlay\"><\/div>\n\t\t\t\t\t\t\t<div class=\"elementor-container elementor-column-gap-no\">\n\t\t\t\t\t<div class=\"elementor-column elementor-col-50 elementor-top-column elementor-element elementor-element-957c1a9\" data-id=\"957c1a9\" data-element_type=\"column\" data-e-type=\"column\">\n\t\t\t<div class=\"elementor-widget-wrap elementor-element-populated\">\n\t\t\t\t\t\t<div class=\"elementor-element elementor-element-cbc7601 elementor-widget elementor-widget-image\" data-id=\"cbc7601\" data-element_type=\"widget\" data-e-type=\"widget\" data-settings=\"{&quot;ekit_we_effect_on&quot;:&quot;none&quot;}\" data-widget_type=\"image.default\">\n\t\t\t\t<div class=\"elementor-widget-container\">\n\t\t\t\t\t\t\t\t\t\t\t\t\t\t\t<img decoding=\"async\" width=\"300\" height=\"100\" src=\"https:\/\/www.umc.br\/cigex\/wp-content\/uploads\/2023\/06\/140038_CNU_Logo_English.png\" class=\"attachment-large size-large wp-image-1441\" alt=\"\" \/>\t\t\t\t\t\t\t\t\t\t\t\t\t\t\t<\/div>\n\t\t\t\t<\/div>\n\t\t\t\t<div class=\"elementor-element elementor-element-5687b7a elementor-widget-divider--view-line elementor-widget elementor-widget-divider\" data-id=\"5687b7a\" data-element_type=\"widget\" data-e-type=\"widget\" data-settings=\"{&quot;ekit_we_effect_on&quot;:&quot;none&quot;}\" data-widget_type=\"divider.default\">\n\t\t\t\t<div class=\"elementor-widget-container\">\n\t\t\t\t\t\t\t<div class=\"elementor-divider\">\n\t\t\t<span class=\"elementor-divider-separator\">\n\t\t\t\t\t\t<\/span>\n\t\t<\/div>\n\t\t\t\t\t\t<\/div>\n\t\t\t\t<\/div>\n\t\t\t\t<div class=\"elementor-element elementor-element-27a622b elementor-widget elementor-widget-text-editor\" data-id=\"27a622b\" data-element_type=\"widget\" data-e-type=\"widget\" data-settings=\"{&quot;ekit_we_effect_on&quot;:&quot;none&quot;}\" data-widget_type=\"text-editor.default\">\n\t\t\t\t<div class=\"elementor-widget-container\">\n\t\t\t\t\t\t\t\t\t<p>A UMC firmou, atrav\u00e9s da Coordena\u00e7\u00e3o de Internacionaliza\u00e7\u00e3o e Global Experience (CIGEX) uma parceria com a CALIFORNIA NORTHSTATE UNIVERSITY (CNU), na qual ser\u00e1 poss\u00edvel realizar interc\u00e2mbios de alunos e professores, al\u00e9m de parcerias em projetos de pesquisas e projetos acad\u00eamicos. A colabora\u00e7\u00e3o entre as Institui\u00e7\u00f5es se inicia em 2015 com pesquisas cient\u00edficas entre o N\u00facleo de Pesquisa Tecnol\u00f3gica da UMC e a Universidade Estadunidense.<\/p>\t\t\t\t\t\t\t\t<\/div>\n\t\t\t\t<\/div>\n\t\t\t\t<div class=\"elementor-element elementor-element-78dc562 elementor-widget elementor-widget-image\" data-id=\"78dc562\" data-element_type=\"widget\" data-e-type=\"widget\" data-settings=\"{&quot;ekit_we_effect_on&quot;:&quot;none&quot;}\" data-widget_type=\"image.default\">\n\t\t\t\t<div class=\"elementor-widget-container\">\n\t\t\t\t\t\t\t\t\t\t\t\t\t\t\t<img fetchpriority=\"high\" decoding=\"async\" width=\"1024\" height=\"683\" src=\"https:\/\/www.umc.br\/cigex\/wp-content\/uploads\/2023\/06\/CRK7beFUAAEH5vW-1024x683.jpg\" class=\"attachment-large size-large wp-image-1438\" alt=\"\" srcset=\"https:\/\/www.umc.br\/cigex\/wp-content\/uploads\/2023\/06\/CRK7beFUAAEH5vW-1024x683.jpg 1024w, https:\/\/www.umc.br\/cigex\/wp-content\/uploads\/2023\/06\/CRK7beFUAAEH5vW-300x200.jpg 300w, https:\/\/www.umc.br\/cigex\/wp-content\/uploads\/2023\/06\/CRK7beFUAAEH5vW-768x512.jpg 768w, https:\/\/www.umc.br\/cigex\/wp-content\/uploads\/2023\/06\/CRK7beFUAAEH5vW.jpg 1536w\" sizes=\"(max-width: 1024px) 100vw, 1024px\" \/>\t\t\t\t\t\t\t\t\t\t\t\t\t\t\t<\/div>\n\t\t\t\t<\/div>\n\t\t\t\t\t<\/div>\n\t\t<\/div>\n\t\t\t\t<div class=\"elementor-column elementor-col-50 elementor-top-column elementor-element elementor-element-75109e3\" data-id=\"75109e3\" data-element_type=\"column\" data-e-type=\"column\">\n\t\t\t<div class=\"elementor-widget-wrap elementor-element-populated\">\n\t\t\t\t\t\t<div class=\"elementor-element elementor-element-410a57e elementor-widget elementor-widget-image\" data-id=\"410a57e\" data-element_type=\"widget\" data-e-type=\"widget\" data-settings=\"{&quot;ekit_we_effect_on&quot;:&quot;none&quot;}\" data-widget_type=\"image.default\">\n\t\t\t\t<div class=\"elementor-widget-container\">\n\t\t\t\t\t\t\t\t\t\t\t\t\t\t\t<img decoding=\"async\" width=\"479\" height=\"359\" src=\"https:\/\/www.umc.br\/cigex\/wp-content\/uploads\/2023\/06\/cnu.jpg\" class=\"attachment-large size-large wp-image-1434\" alt=\"\" srcset=\"https:\/\/www.umc.br\/cigex\/wp-content\/uploads\/2023\/06\/cnu.jpg 479w, https:\/\/www.umc.br\/cigex\/wp-content\/uploads\/2023\/06\/cnu-300x225.jpg 300w\" sizes=\"(max-width: 479px) 100vw, 479px\" \/>\t\t\t\t\t\t\t\t\t\t\t\t\t\t\t<\/div>\n\t\t\t\t<\/div>\n\t\t\t\t<div class=\"elementor-element elementor-element-46b54b0 elementor-widget elementor-widget-heading\" data-id=\"46b54b0\" data-element_type=\"widget\" data-e-type=\"widget\" data-settings=\"{&quot;ekit_we_effect_on&quot;:&quot;none&quot;}\" data-widget_type=\"heading.default\">\n\t\t\t\t<div class=\"elementor-widget-container\">\n\t\t\t\t\t<h2 class=\"elementor-heading-title elementor-size-default\">California Northstate University<\/h2>\t\t\t\t<\/div>\n\t\t\t\t<\/div>\n\t\t\t\t<div class=\"elementor-element elementor-element-bced8d3 elementor-widget elementor-widget-text-editor\" data-id=\"bced8d3\" data-element_type=\"widget\" data-e-type=\"widget\" data-settings=\"{&quot;ekit_we_effect_on&quot;:&quot;none&quot;}\" data-widget_type=\"text-editor.default\">\n\t\t\t\t<div class=\"elementor-widget-container\">\n\t\t\t\t\t\t\t\t\t<p>A California Northstate University (CNU) \u00e9 uma institui\u00e7\u00e3o dedicada a educar, desenvolver e treinar indiv\u00edduos para fornecer atendimento competente e centrado no paciente. A Universidade foi desenvolvida ap\u00f3s o lan\u00e7amento bem-sucedido da Faculdade de Farm\u00e1cia. Os fundadores da Faculdade de Farm\u00e1cia constru\u00edram um programa progressivo que inclui aprendizado ativo, experi\u00eancias diretas com o paciente e pesquisa.<\/p><p>Como resultado de v\u00e1rias publica\u00e7\u00f5es e estudos que indicavam a necessidade de aumentar o n\u00famero de m\u00e9dicos de cuidados prim\u00e1rios treinados na Calif\u00f3rnia, a equipe operacional s\u00eanior do College of Pharmacy iniciou discuss\u00f5es para uma nova escola de medicina na \u00e1rea metropolitana de Sacramento no in\u00edcio da primavera. de 2010.<\/p>\t\t\t\t\t\t\t\t<\/div>\n\t\t\t\t<\/div>\n\t\t\t\t\t<\/div>\n\t\t<\/div>\n\t\t\t\t\t<\/div>\n\t\t<\/section>\n\t\t\t\t<\/div>\n\t\t","protected":false},"excerpt":{"rendered":"<p>California Northstate University\u200b A UMC firmou, atrav\u00e9s da Coordena\u00e7\u00e3o de Internacionaliza\u00e7\u00e3o e Global Experience (CIGEX) uma parceria com a CALIFORNIA NORTHSTATE UNIVERSITY (CNU), na qual ser\u00e1 poss\u00edvel realizar interc\u00e2mbios de alunos e professores, al\u00e9m de parcerias em projetos de pesquisas e projetos acad\u00eamicos. A colabora\u00e7\u00e3o entre as Institui\u00e7\u00f5es se inicia em 2015 com pesquisas cient\u00edficas [&hellip;]<\/p>\n","protected":false},"author":1,"featured_media":0,"parent":0,"menu_order":0,"comment_status":"closed","ping_status":"closed","template":"elementor_header_footer","meta":{"footnotes":""},"class_list":["post-1431","page","type-page","status-publish","hentry"],"blocksy_meta":[],"_links":{"self":[{"href":"https:\/\/www.umc.br\/cigex\/wp-json\/wp\/v2\/pages\/1431","targetHints":{"allow":["GET"]}}],"collection":[{"href":"https:\/\/www.umc.br\/cigex\/wp-json\/wp\/v2\/pages"}],"about":[{"href":"https:\/\/www.umc.br\/cigex\/wp-json\/wp\/v2\/types\/page"}],"author":[{"embeddable":true,"href":"https:\/\/www.umc.br\/cigex\/wp-json\/wp\/v2\/users\/1"}],"replies":[{"embeddable":true,"href":"https:\/\/www.umc.br\/cigex\/wp-json\/wp\/v2\/comments?post=1431"}],"version-history":[{"count":10,"href":"https:\/\/www.umc.br\/cigex\/wp-json\/wp\/v2\/pages\/1431\/revisions"}],"predecessor-version":[{"id":1449,"href":"https:\/\/www.umc.br\/cigex\/wp-json\/wp\/v2\/pages\/1431\/revisions\/1449"}],"wp:attachment":[{"href":"https:\/\/www.umc.br\/cigex\/wp-json\/wp\/v2\/media?parent=1431"}],"curies":[{"name":"wp","href":"https:\/\/api.w.org\/{rel}","templated":true}]}}