{"id":1304,"date":"2023-03-28T17:41:50","date_gmt":"2023-03-28T17:41:50","guid":{"rendered":"https:\/\/www.umc.br\/cigex\/?page_id=1304"},"modified":"2023-03-28T18:24:07","modified_gmt":"2023-03-28T18:24:07","slug":"ifmsa-brazil","status":"publish","type":"page","link":"https:\/\/www.umc.br\/cigex\/ifmsa-brazil\/","title":{"rendered":"IFMSA Brazil"},"content":{"rendered":"\t\t<div data-elementor-type=\"wp-page\" data-elementor-id=\"1304\" class=\"elementor elementor-1304\" data-elementor-settings=\"{&quot;ha_cmc_init_switcher&quot;:&quot;no&quot;}\" data-elementor-post-type=\"page\">\n\t\t\t\t\t\t<section class=\"elementor-section elementor-top-section elementor-element elementor-element-48c877d elementor-section-boxed elementor-section-height-default elementor-section-height-default\" data-id=\"48c877d\" data-element_type=\"section\" data-e-type=\"section\" data-settings=\"{&quot;background_background&quot;:&quot;slideshow&quot;,&quot;background_slideshow_gallery&quot;:[{&quot;id&quot;:1315,&quot;url&quot;:&quot;https:\\\/\\\/www.umc.br\\\/cigex\\\/wp-content\\\/uploads\\\/2023\\\/03\\\/post_thumbnail-38dc3c771a0e794781ec868c74c6ce5d.jpg&quot;}],&quot;background_slideshow_loop&quot;:&quot;yes&quot;,&quot;background_slideshow_slide_duration&quot;:5000,&quot;background_slideshow_slide_transition&quot;:&quot;fade&quot;,&quot;background_slideshow_transition_duration&quot;:500,&quot;_ha_eqh_enable&quot;:false,&quot;ekit_has_onepagescroll_dot&quot;:&quot;yes&quot;}\">\n\t\t\t\t\t\t\t<div class=\"elementor-background-overlay\"><\/div>\n\t\t\t\t\t\t\t<div class=\"elementor-container elementor-column-gap-default\">\n\t\t\t\t\t<div class=\"elementor-column elementor-col-100 elementor-top-column elementor-element elementor-element-e7eb573\" data-id=\"e7eb573\" data-element_type=\"column\" data-e-type=\"column\">\n\t\t\t<div class=\"elementor-widget-wrap elementor-element-populated\">\n\t\t\t\t\t\t<div class=\"elementor-element elementor-element-70d2a0c elementor-widget elementor-widget-heading\" data-id=\"70d2a0c\" data-element_type=\"widget\" data-e-type=\"widget\" data-settings=\"{&quot;ekit_we_effect_on&quot;:&quot;none&quot;}\" data-widget_type=\"heading.default\">\n\t\t\t\t<div class=\"elementor-widget-container\">\n\t\t\t\t\t<h2 class=\"elementor-heading-title elementor-size-default\">IFMSA Brazil <\/h2>\t\t\t\t<\/div>\n\t\t\t\t<\/div>\n\t\t\t\t<div class=\"elementor-element elementor-element-27d3f97 elementor-widget elementor-widget-heading\" data-id=\"27d3f97\" data-element_type=\"widget\" data-e-type=\"widget\" data-settings=\"{&quot;ekit_we_effect_on&quot;:&quot;none&quot;}\" data-widget_type=\"heading.default\">\n\t\t\t\t<div class=\"elementor-widget-container\">\n\t\t\t\t\t<h2 class=\"elementor-heading-title elementor-size-default\">(International Federation of Medical Students\u2019 Association of Brazil)<\/h2>\t\t\t\t<\/div>\n\t\t\t\t<\/div>\n\t\t\t\t\t<\/div>\n\t\t<\/div>\n\t\t\t\t\t<\/div>\n\t\t<\/section>\n\t\t\t\t<section class=\"elementor-section elementor-top-section elementor-element elementor-element-2vmp6z7 elementor-section-content-middle elementor-section-boxed elementor-section-height-default elementor-section-height-default\" data-id=\"2vmp6z7\" data-element_type=\"section\" data-e-type=\"section\" data-settings=\"{&quot;background_background&quot;:&quot;classic&quot;,&quot;_ha_eqh_enable&quot;:false,&quot;ekit_has_onepagescroll_dot&quot;:&quot;yes&quot;}\">\n\t\t\t\t\t\t\t<div class=\"elementor-background-overlay\"><\/div>\n\t\t\t\t\t\t\t<div class=\"elementor-container elementor-column-gap-no\">\n\t\t\t\t\t<div class=\"elementor-column elementor-col-50 elementor-top-column elementor-element elementor-element-957c1a9\" data-id=\"957c1a9\" data-element_type=\"column\" data-e-type=\"column\">\n\t\t\t<div class=\"elementor-widget-wrap elementor-element-populated\">\n\t\t\t\t\t\t<div class=\"elementor-element elementor-element-fd47f1d elementor-widget elementor-widget-image\" data-id=\"fd47f1d\" data-element_type=\"widget\" data-e-type=\"widget\" data-settings=\"{&quot;ekit_we_effect_on&quot;:&quot;none&quot;}\" data-widget_type=\"image.default\">\n\t\t\t\t<div class=\"elementor-widget-container\">\n\t\t\t\t\t\t\t\t\t\t\t\t\t\t\t<img fetchpriority=\"high\" decoding=\"async\" width=\"800\" height=\"312\" src=\"https:\/\/www.umc.br\/cigex\/wp-content\/uploads\/2023\/03\/logo.png\" class=\"attachment-full size-full wp-image-1307\" alt=\"\" srcset=\"https:\/\/www.umc.br\/cigex\/wp-content\/uploads\/2023\/03\/logo.png 800w, https:\/\/www.umc.br\/cigex\/wp-content\/uploads\/2023\/03\/logo-300x117.png 300w, https:\/\/www.umc.br\/cigex\/wp-content\/uploads\/2023\/03\/logo-768x300.png 768w\" sizes=\"(max-width: 800px) 100vw, 800px\" \/>\t\t\t\t\t\t\t\t\t\t\t\t\t\t\t<\/div>\n\t\t\t\t<\/div>\n\t\t\t\t<div class=\"elementor-element elementor-element-5687b7a elementor-widget-divider--view-line elementor-widget elementor-widget-divider\" data-id=\"5687b7a\" data-element_type=\"widget\" data-e-type=\"widget\" data-settings=\"{&quot;ekit_we_effect_on&quot;:&quot;none&quot;}\" data-widget_type=\"divider.default\">\n\t\t\t\t<div class=\"elementor-widget-container\">\n\t\t\t\t\t\t\t<div class=\"elementor-divider\">\n\t\t\t<span class=\"elementor-divider-separator\">\n\t\t\t\t\t\t<\/span>\n\t\t<\/div>\n\t\t\t\t\t\t<\/div>\n\t\t\t\t<\/div>\n\t\t\t\t<div class=\"elementor-element elementor-element-78dc562 elementor-widget elementor-widget-image\" data-id=\"78dc562\" data-element_type=\"widget\" data-e-type=\"widget\" data-settings=\"{&quot;ekit_we_effect_on&quot;:&quot;none&quot;}\" data-widget_type=\"image.default\">\n\t\t\t\t<div class=\"elementor-widget-container\">\n\t\t\t\t\t\t\t\t\t\t\t\t\t\t\t<img decoding=\"async\" width=\"512\" height=\"308\" src=\"https:\/\/www.umc.br\/cigex\/wp-content\/uploads\/2023\/03\/cropped-WhatsApp-Image-2021-09-16-at-16.06.00-e1680027286288.jpeg\" class=\"attachment-large size-large wp-image-1147\" alt=\"\" srcset=\"https:\/\/www.umc.br\/cigex\/wp-content\/uploads\/2023\/03\/cropped-WhatsApp-Image-2021-09-16-at-16.06.00-e1680027286288.jpeg 512w, https:\/\/www.umc.br\/cigex\/wp-content\/uploads\/2023\/03\/cropped-WhatsApp-Image-2021-09-16-at-16.06.00-e1680027286288-300x180.jpeg 300w\" sizes=\"(max-width: 512px) 100vw, 512px\" \/>\t\t\t\t\t\t\t\t\t\t\t\t\t\t\t<\/div>\n\t\t\t\t<\/div>\n\t\t\t\t<div class=\"elementor-element elementor-element-39c1e2d elementor-widget elementor-widget-text-editor\" data-id=\"39c1e2d\" data-element_type=\"widget\" data-e-type=\"widget\" data-settings=\"{&quot;ekit_we_effect_on&quot;:&quot;none&quot;}\" data-widget_type=\"text-editor.default\">\n\t\t\t\t<div class=\"elementor-widget-container\">\n\t\t\t\t\t\t\t\t\t<p>Al\u00e9m da Universidade de Miami, a <b>UMC<\/b> tamb\u00e9m \u00e9 associada \u00e0 <b>IFMSA Brazil<\/b>, que \u00e9 a maior organiza\u00e7\u00e3o estudantil do planeta, com mais de 1 milh\u00e3o de estudantes de medicina em 129 pa\u00edses.<br>\nMais recentemente, em parceria com a Diretoria de P\u00f3s-Gradua\u00e7\u00e3o da <b>UMC<\/b>, a <b>CIGEX<\/b> lan\u00e7ou edital para bolsas de doutorado no exterior, na modalidade sandu\u00edche, com recursos da CAPES, onde dois alunos da UMC foram selecionados. <\/p>\t\t\t\t\t\t\t\t<\/div>\n\t\t\t\t<\/div>\n\t\t\t\t\t<\/div>\n\t\t<\/div>\n\t\t\t\t<div class=\"elementor-column elementor-col-50 elementor-top-column elementor-element elementor-element-75109e3\" data-id=\"75109e3\" data-element_type=\"column\" data-e-type=\"column\">\n\t\t\t<div class=\"elementor-widget-wrap elementor-element-populated\">\n\t\t\t\t\t\t<div class=\"elementor-element elementor-element-0806230 elementor-widget elementor-widget-heading\" data-id=\"0806230\" data-element_type=\"widget\" data-e-type=\"widget\" data-settings=\"{&quot;ekit_we_effect_on&quot;:&quot;none&quot;}\" data-widget_type=\"heading.default\">\n\t\t\t\t<div class=\"elementor-widget-container\">\n\t\t\t\t\t<h2 class=\"elementor-heading-title elementor-size-default\">O que \u00e9 a IFMSA?<\/h2>\t\t\t\t<\/div>\n\t\t\t\t<\/div>\n\t\t\t\t<div class=\"elementor-element elementor-element-27a622b elementor-widget elementor-widget-text-editor\" data-id=\"27a622b\" data-element_type=\"widget\" data-e-type=\"widget\" data-settings=\"{&quot;ekit_we_effect_on&quot;:&quot;none&quot;}\" data-widget_type=\"text-editor.default\">\n\t\t\t\t<div class=\"elementor-widget-container\">\n\t\t\t\t\t\t\t\t\t<p>A IFMSA \u00e9 a maior organiza\u00e7\u00e3o estudantil do planeta. Com mais de 1 milh\u00e3o de estudantes de medicina em 129 pa\u00edses, tem sua vis\u00e3o e valores propagados por diversas Organiza\u00e7\u00f5es Nacionais de Membros, incluindo a IFMSA Brazil, que foi a primeira associa\u00e7\u00e3o filiada \u00e0 IFMSA na Am\u00e9rica Latina.<\/p>\t\t\t\t\t\t\t\t<\/div>\n\t\t\t\t<\/div>\n\t\t\t\t<div class=\"elementor-element elementor-element-46b54b0 elementor-widget elementor-widget-heading\" data-id=\"46b54b0\" data-element_type=\"widget\" data-e-type=\"widget\" data-settings=\"{&quot;ekit_we_effect_on&quot;:&quot;none&quot;}\" data-widget_type=\"heading.default\">\n\t\t\t\t<div class=\"elementor-widget-container\">\n\t\t\t\t\t<h2 class=\"elementor-heading-title elementor-size-default\">O que \u00e9 a IFMSA Brazil?<\/h2>\t\t\t\t<\/div>\n\t\t\t\t<\/div>\n\t\t\t\t<div class=\"elementor-element elementor-element-bced8d3 elementor-widget elementor-widget-text-editor\" data-id=\"bced8d3\" data-element_type=\"widget\" data-e-type=\"widget\" data-settings=\"{&quot;ekit_we_effect_on&quot;:&quot;none&quot;}\" data-widget_type=\"text-editor.default\">\n\t\t\t\t<div class=\"elementor-widget-container\">\n\t\t\t\t\t\t\t\t\t<p>A IFMSA Brazil (International Federation of Medical Students\u2019 Association of Brazil, traduzida para Federa\u00e7\u00e3o Internacional das Associa\u00e7\u00f5es de Estudantes de Medicina do Brasil) foi fundada em 1991 na Universidade Estadual de Londrina. Atualmente, estamos presentes em mais de 190 escolas m\u00e9dicas em todas as regi\u00f5es brasileiras e atuamos em diversos eixos incluindo humaniza\u00e7\u00e3o, ci\u00eancia e produ\u00e7\u00e3o cient\u00edfica, promo\u00e7\u00e3o de sa\u00fade, educa\u00e7\u00e3o m\u00e9dica, interc\u00e2mbios, representatividade estudantil, treinamentos e v\u00e1rios outros.<\/p>\t\t\t\t\t\t\t\t<\/div>\n\t\t\t\t<\/div>\n\t\t\t\t<div class=\"elementor-element elementor-element-ab33524 elementor-align-justify elementor-widget elementor-widget-button\" data-id=\"ab33524\" data-element_type=\"widget\" data-e-type=\"widget\" data-settings=\"{&quot;ekit_we_effect_on&quot;:&quot;none&quot;}\" data-widget_type=\"button.default\">\n\t\t\t\t<div class=\"elementor-widget-container\">\n\t\t\t\t\t\t\t\t\t<div class=\"elementor-button-wrapper\">\n\t\t\t\t\t<a class=\"elementor-button elementor-button-link elementor-size-sm\" href=\"https:\/\/ifmsabrazil.org\/institucional\/\" target=\"_blank\">\n\t\t\t\t\t\t<span class=\"elementor-button-content-wrapper\">\n\t\t\t\t\t\t\t\t\t<span class=\"elementor-button-text\">Conhe\u00e7a IFMSA Brazil<\/span>\n\t\t\t\t\t<\/span>\n\t\t\t\t\t<\/a>\n\t\t\t\t<\/div>\n\t\t\t\t\t\t\t\t<\/div>\n\t\t\t\t<\/div>\n\t\t\t\t\t<\/div>\n\t\t<\/div>\n\t\t\t\t\t<\/div>\n\t\t<\/section>\n\t\t\t\t<\/div>\n\t\t","protected":false},"excerpt":{"rendered":"<p>IFMSA Brazil (International Federation of Medical Students\u2019 Association of Brazil) Al\u00e9m da Universidade de Miami, a UMC tamb\u00e9m \u00e9 associada \u00e0 IFMSA Brazil, que \u00e9 a maior organiza\u00e7\u00e3o estudantil do planeta, com mais de 1 milh\u00e3o de estudantes de medicina em 129 pa\u00edses. Mais recentemente, em parceria com a Diretoria de P\u00f3s-Gradua\u00e7\u00e3o da UMC, a [&hellip;]<\/p>\n","protected":false},"author":1,"featured_media":0,"parent":0,"menu_order":0,"comment_status":"closed","ping_status":"closed","template":"elementor_header_footer","meta":{"footnotes":""},"class_list":["post-1304","page","type-page","status-publish","hentry"],"blocksy_meta":[],"_links":{"self":[{"href":"https:\/\/www.umc.br\/cigex\/wp-json\/wp\/v2\/pages\/1304","targetHints":{"allow":["GET"]}}],"collection":[{"href":"https:\/\/www.umc.br\/cigex\/wp-json\/wp\/v2\/pages"}],"about":[{"href":"https:\/\/www.umc.br\/cigex\/wp-json\/wp\/v2\/types\/page"}],"author":[{"embeddable":true,"href":"https:\/\/www.umc.br\/cigex\/wp-json\/wp\/v2\/users\/1"}],"replies":[{"embeddable":true,"href":"https:\/\/www.umc.br\/cigex\/wp-json\/wp\/v2\/comments?post=1304"}],"version-history":[{"count":37,"href":"https:\/\/www.umc.br\/cigex\/wp-json\/wp\/v2\/pages\/1304\/revisions"}],"predecessor-version":[{"id":1347,"href":"https:\/\/www.umc.br\/cigex\/wp-json\/wp\/v2\/pages\/1304\/revisions\/1347"}],"wp:attachment":[{"href":"https:\/\/www.umc.br\/cigex\/wp-json\/wp\/v2\/media?parent=1304"}],"curies":[{"name":"wp","href":"https:\/\/api.w.org\/{rel}","templated":true}]}}