{"id":1556,"date":"2025-10-13T12:23:18","date_gmt":"2025-10-13T12:23:18","guid":{"rendered":"https:\/\/www.umc.br\/cigex\/es-es\/?page_id=1556"},"modified":"2025-10-13T12:38:25","modified_gmt":"2025-10-13T12:38:25","slug":"la-universidad-estatal-de-nuevo-mexico","status":"publish","type":"page","link":"https:\/\/www.umc.br\/cigex\/es-es\/la-universidad-estatal-de-nuevo-mexico\/","title":{"rendered":"LA UNIVERSIDAD ESTATAL DE NUEVO M\u00c9XICO"},"content":{"rendered":"\t\t<div data-elementor-type=\"wp-page\" data-elementor-id=\"1556\" class=\"elementor elementor-1556\" data-elementor-settings=\"{&quot;ha_cmc_init_switcher&quot;:&quot;no&quot;}\" data-elementor-post-type=\"page\">\n\t\t\t\t\t\t<section class=\"elementor-section elementor-top-section elementor-element elementor-element-2f1ce12d ct-section-stretched elementor-section-boxed elementor-section-height-default elementor-section-height-default\" data-id=\"2f1ce12d\" data-element_type=\"section\" data-e-type=\"section\" data-settings=\"{&quot;background_background&quot;:&quot;slideshow&quot;,&quot;background_slideshow_gallery&quot;:[{&quot;id&quot;:1562,&quot;url&quot;:&quot;https:\\\/\\\/www.umc.br\\\/cigex\\\/es-es\\\/wp-content\\\/uploads\\\/2025\\\/10\\\/fotos.png&quot;}],&quot;background_slideshow_loop&quot;:&quot;yes&quot;,&quot;background_slideshow_slide_duration&quot;:5000,&quot;background_slideshow_slide_transition&quot;:&quot;fade&quot;,&quot;background_slideshow_transition_duration&quot;:500,&quot;_ha_eqh_enable&quot;:false,&quot;ekit_has_onepagescroll_dot&quot;:&quot;yes&quot;}\">\n\t\t\t\t\t\t\t<div class=\"elementor-background-overlay\"><\/div>\n\t\t\t\t\t\t\t<div class=\"elementor-container elementor-column-gap-default\">\n\t\t\t\t\t<div class=\"elementor-column elementor-col-100 elementor-top-column elementor-element elementor-element-61577180\" data-id=\"61577180\" data-element_type=\"column\" data-e-type=\"column\">\n\t\t\t<div class=\"elementor-widget-wrap elementor-element-populated\">\n\t\t\t\t\t\t<div class=\"elementor-element elementor-element-4c9ccf95 elementor-widget elementor-widget-heading\" data-id=\"4c9ccf95\" data-element_type=\"widget\" data-e-type=\"widget\" data-settings=\"{&quot;ekit_we_effect_on&quot;:&quot;none&quot;}\" data-widget_type=\"heading.default\">\n\t\t\t\t<div class=\"elementor-widget-container\">\n\t\t\t\t\t<h2 class=\"elementor-heading-title elementor-size-default\">LA UNIVERSIDAD ESTATAL DE NUEVO M\u00c9XICO<\/h2>\t\t\t\t<\/div>\n\t\t\t\t<\/div>\n\t\t\t\t\t<\/div>\n\t\t<\/div>\n\t\t\t\t\t<\/div>\n\t\t<\/section>\n\t\t\t\t<section class=\"elementor-section elementor-top-section elementor-element elementor-element-77267f0 elementor-section-content-middle ct-section-stretched elementor-section-boxed elementor-section-height-default elementor-section-height-default\" data-id=\"77267f0\" data-element_type=\"section\" data-e-type=\"section\" data-settings=\"{&quot;background_background&quot;:&quot;classic&quot;,&quot;_ha_eqh_enable&quot;:false,&quot;ekit_has_onepagescroll_dot&quot;:&quot;yes&quot;}\">\n\t\t\t\t\t\t\t<div class=\"elementor-background-overlay\"><\/div>\n\t\t\t\t\t\t\t<div class=\"elementor-container elementor-column-gap-no\">\n\t\t\t\t\t<div class=\"elementor-column elementor-col-50 elementor-top-column elementor-element elementor-element-32b30480\" data-id=\"32b30480\" data-element_type=\"column\" data-e-type=\"column\" data-settings=\"{&quot;background_background&quot;:&quot;slideshow&quot;,&quot;background_slideshow_gallery&quot;:[{&quot;id&quot;:1562,&quot;url&quot;:&quot;https:\\\/\\\/www.umc.br\\\/cigex\\\/es-es\\\/wp-content\\\/uploads\\\/2025\\\/10\\\/fotos.png&quot;}],&quot;background_slideshow_loop&quot;:&quot;yes&quot;,&quot;background_slideshow_slide_duration&quot;:5000,&quot;background_slideshow_slide_transition&quot;:&quot;fade&quot;,&quot;background_slideshow_transition_duration&quot;:500}\">\n\t\t\t<div class=\"elementor-widget-wrap elementor-element-populated\">\n\t\t\t\t\t\t<div class=\"elementor-element elementor-element-78c54806 elementor-widget elementor-widget-spacer\" data-id=\"78c54806\" data-element_type=\"widget\" data-e-type=\"widget\" data-settings=\"{&quot;ekit_we_effect_on&quot;:&quot;none&quot;}\" data-widget_type=\"spacer.default\">\n\t\t\t\t<div class=\"elementor-widget-container\">\n\t\t\t\t\t\t\t<div class=\"elementor-spacer\">\n\t\t\t<div class=\"elementor-spacer-inner\"><\/div>\n\t\t<\/div>\n\t\t\t\t\t\t<\/div>\n\t\t\t\t<\/div>\n\t\t\t\t\t<\/div>\n\t\t<\/div>\n\t\t\t\t<div class=\"elementor-column elementor-col-50 elementor-top-column elementor-element elementor-element-55578247\" data-id=\"55578247\" data-element_type=\"column\" data-e-type=\"column\">\n\t\t\t<div class=\"elementor-widget-wrap elementor-element-populated\">\n\t\t\t\t\t\t<div class=\"elementor-element elementor-element-756a8b9c elementor-widget elementor-widget-text-editor\" data-id=\"756a8b9c\" data-element_type=\"widget\" data-e-type=\"widget\" data-settings=\"{&quot;ekit_we_effect_on&quot;:&quot;none&quot;}\" data-widget_type=\"text-editor.default\">\n\t\t\t\t<div class=\"elementor-widget-container\">\n\t\t\t\t\t\t\t\t\t<p>La Universidad Estatal de Nuevo M\u00e9xico cuenta con m\u00e1s de 14 000 estudiantes procedentes de todos los Estados Unidos y otros 89 pa\u00edses. Como instituci\u00f3n que atende a la poblaci\u00f3n hispana, la NMSU atiende a una poblaci\u00f3n multicultural de estudiantes y miembros de la comunidad en todo el estado, en cuatro campus, un centro de aprendizaje sat\u00e9lite en Albuquerque, oficinas de extensi\u00f3n cooperativa ubicadas en cada uno de los 33 condados de Nuevo M\u00e9xico y 12 centros de investigaci\u00f3n y ciencia agr\u00edcola. Adem\u00e1s, los programas de educaci\u00f3n a distancia ofrecen a los estudiantes la m\u00e1xima flexibilidad.<\/p>\t\t\t\t\t\t\t\t<\/div>\n\t\t\t\t<\/div>\n\t\t\t\t\t<\/div>\n\t\t<\/div>\n\t\t\t\t\t<\/div>\n\t\t<\/section>\n\t\t\t\t<\/div>\n\t\t","protected":false},"excerpt":{"rendered":"<p>LA UNIVERSIDAD ESTATAL DE NUEVO M\u00c9XICO La Universidad Estatal de Nuevo M\u00e9xico cuenta con m\u00e1s de 14 000 estudiantes procedentes de todos los Estados Unidos y otros 89 pa\u00edses. Como instituci\u00f3n que atende a la poblaci\u00f3n hispana, la NMSU atiende a una poblaci\u00f3n multicultural de estudiantes y miembros de la comunidad en todo el estado, [&hellip;]<\/p>\n","protected":false},"author":3,"featured_media":0,"parent":0,"menu_order":0,"comment_status":"closed","ping_status":"closed","template":"elementor_header_footer","meta":{"footnotes":""},"class_list":["post-1556","page","type-page","status-publish","hentry"],"blocksy_meta":[],"_links":{"self":[{"href":"https:\/\/www.umc.br\/cigex\/es-es\/wp-json\/wp\/v2\/pages\/1556","targetHints":{"allow":["GET"]}}],"collection":[{"href":"https:\/\/www.umc.br\/cigex\/es-es\/wp-json\/wp\/v2\/pages"}],"about":[{"href":"https:\/\/www.umc.br\/cigex\/es-es\/wp-json\/wp\/v2\/types\/page"}],"author":[{"embeddable":true,"href":"https:\/\/www.umc.br\/cigex\/es-es\/wp-json\/wp\/v2\/users\/3"}],"replies":[{"embeddable":true,"href":"https:\/\/www.umc.br\/cigex\/es-es\/wp-json\/wp\/v2\/comments?post=1556"}],"version-history":[{"count":16,"href":"https:\/\/www.umc.br\/cigex\/es-es\/wp-json\/wp\/v2\/pages\/1556\/revisions"}],"predecessor-version":[{"id":1576,"href":"https:\/\/www.umc.br\/cigex\/es-es\/wp-json\/wp\/v2\/pages\/1556\/revisions\/1576"}],"wp:attachment":[{"href":"https:\/\/www.umc.br\/cigex\/es-es\/wp-json\/wp\/v2\/media?parent=1556"}],"curies":[{"name":"wp","href":"https:\/\/api.w.org\/{rel}","templated":true}]}}