{"id":1524,"date":"2024-12-12T18:23:17","date_gmt":"2024-12-12T18:23:17","guid":{"rendered":"https:\/\/www.umc.br\/cigex\/es-es\/?page_id=1524"},"modified":"2024-12-12T18:28:04","modified_gmt":"2024-12-12T18:28:04","slug":"universita-degli-studi-di-roma-foro-italico","status":"publish","type":"page","link":"https:\/\/www.umc.br\/cigex\/es-es\/universita-degli-studi-di-roma-foro-italico\/","title":{"rendered":"UNIVERSIT\u00c1 DEGLI STUDI DI ROMA \u2013 FORO ITALICO"},"content":{"rendered":"\t\t<div data-elementor-type=\"wp-page\" data-elementor-id=\"1524\" class=\"elementor elementor-1524\" data-elementor-settings=\"{&quot;ha_cmc_init_switcher&quot;:&quot;no&quot;}\" data-elementor-post-type=\"page\">\n\t\t\t\t\t\t<section class=\"elementor-section elementor-top-section elementor-element elementor-element-3ef31a5b elementor-section-boxed elementor-section-height-default elementor-section-height-default\" data-id=\"3ef31a5b\" data-element_type=\"section\" data-e-type=\"section\" data-settings=\"{&quot;background_background&quot;:&quot;slideshow&quot;,&quot;background_slideshow_gallery&quot;:[{&quot;id&quot;:1530,&quot;url&quot;:&quot;https:\\\/\\\/www.umc.br\\\/cigex\\\/es-es\\\/wp-content\\\/uploads\\\/2024\\\/12\\\/Imagem1.jpg&quot;}],&quot;background_slideshow_loop&quot;:&quot;yes&quot;,&quot;background_slideshow_slide_duration&quot;:5000,&quot;background_slideshow_slide_transition&quot;:&quot;fade&quot;,&quot;background_slideshow_transition_duration&quot;:500,&quot;_ha_eqh_enable&quot;:false,&quot;ekit_has_onepagescroll_dot&quot;:&quot;yes&quot;}\">\n\t\t\t\t\t\t\t<div class=\"elementor-background-overlay\"><\/div>\n\t\t\t\t\t\t\t<div class=\"elementor-container elementor-column-gap-default\">\n\t\t\t\t\t<div class=\"elementor-column elementor-col-100 elementor-top-column elementor-element elementor-element-74d8b2e9\" data-id=\"74d8b2e9\" data-element_type=\"column\" data-e-type=\"column\">\n\t\t\t<div class=\"elementor-widget-wrap elementor-element-populated\">\n\t\t\t\t\t\t<div class=\"elementor-element elementor-element-4f17c173 elementor-widget elementor-widget-heading\" data-id=\"4f17c173\" data-element_type=\"widget\" data-e-type=\"widget\" data-settings=\"{&quot;ekit_we_effect_on&quot;:&quot;none&quot;}\" data-widget_type=\"heading.default\">\n\t\t\t\t<div class=\"elementor-widget-container\">\n\t\t\t\t\t<h2 class=\"elementor-heading-title elementor-size-default\">UNIVERSIT\u00c1 DEGLI STUDI DI ROMA&lt; \u2013 FORO ITALICO<\/h2>\t\t\t\t<\/div>\n\t\t\t\t<\/div>\n\t\t\t\t\t<\/div>\n\t\t<\/div>\n\t\t\t\t\t<\/div>\n\t\t<\/section>\n\t\t\t\t<section class=\"elementor-section elementor-top-section elementor-element elementor-element-7a7d6d79 elementor-section-content-middle elementor-section-boxed elementor-section-height-default elementor-section-height-default\" data-id=\"7a7d6d79\" data-element_type=\"section\" data-e-type=\"section\" data-settings=\"{&quot;background_background&quot;:&quot;classic&quot;,&quot;_ha_eqh_enable&quot;:false,&quot;ekit_has_onepagescroll_dot&quot;:&quot;yes&quot;}\">\n\t\t\t\t\t\t\t<div class=\"elementor-background-overlay\"><\/div>\n\t\t\t\t\t\t\t<div class=\"elementor-container elementor-column-gap-no\">\n\t\t\t\t\t<div class=\"elementor-column elementor-col-50 elementor-top-column elementor-element elementor-element-ebf674e\" data-id=\"ebf674e\" data-element_type=\"column\" data-e-type=\"column\" data-settings=\"{&quot;background_background&quot;:&quot;slideshow&quot;,&quot;background_slideshow_gallery&quot;:[],&quot;background_slideshow_loop&quot;:&quot;yes&quot;,&quot;background_slideshow_slide_duration&quot;:5000,&quot;background_slideshow_slide_transition&quot;:&quot;fade&quot;,&quot;background_slideshow_transition_duration&quot;:500}\">\n\t\t\t<div class=\"elementor-widget-wrap elementor-element-populated\">\n\t\t\t\t\t\t<div class=\"elementor-element elementor-element-4d76a79d elementor-widget elementor-widget-image\" data-id=\"4d76a79d\" data-element_type=\"widget\" data-e-type=\"widget\" data-settings=\"{&quot;ekit_we_effect_on&quot;:&quot;none&quot;}\" data-widget_type=\"image.default\">\n\t\t\t\t<div class=\"elementor-widget-container\">\n\t\t\t\t\t\t\t\t\t\t\t\t\t\t\t<img fetchpriority=\"high\" decoding=\"async\" width=\"310\" height=\"310\" src=\"https:\/\/www.umc.br\/cigex\/es-es\/wp-content\/uploads\/2024\/12\/Imagem2.jpg\" class=\"attachment-large size-large wp-image-1531\" alt=\"\" srcset=\"https:\/\/www.umc.br\/cigex\/es-es\/wp-content\/uploads\/2024\/12\/Imagem2.jpg 310w, https:\/\/www.umc.br\/cigex\/es-es\/wp-content\/uploads\/2024\/12\/Imagem2-300x300.jpg 300w, https:\/\/www.umc.br\/cigex\/es-es\/wp-content\/uploads\/2024\/12\/Imagem2-150x150.jpg 150w\" sizes=\"(max-width: 310px) 100vw, 310px\" \/>\t\t\t\t\t\t\t\t\t\t\t\t\t\t\t<\/div>\n\t\t\t\t<\/div>\n\t\t\t\t\t<\/div>\n\t\t<\/div>\n\t\t\t\t<div class=\"elementor-column elementor-col-50 elementor-top-column elementor-element elementor-element-55a2dbd0\" data-id=\"55a2dbd0\" data-element_type=\"column\" data-e-type=\"column\">\n\t\t\t<div class=\"elementor-widget-wrap elementor-element-populated\">\n\t\t\t\t\t\t<div class=\"elementor-element elementor-element-76da62a7 elementor-widget__width-initial elementor-widget elementor-widget-text-editor\" data-id=\"76da62a7\" data-element_type=\"widget\" data-e-type=\"widget\" data-settings=\"{&quot;ekit_we_effect_on&quot;:&quot;none&quot;}\" data-widget_type=\"text-editor.default\">\n\t\t\t\t<div class=\"elementor-widget-container\">\n\t\t\t\t\t\t\t\t\t<p>Continuando en el camino de la internacionalizaci\u00f3n, la Universidad de Mogi das Cruzes, a trav\u00e9s de la Coordinaci\u00f3n de Internacionalizaci\u00f3n y Experiencia Global \u2013 CIGEX, firm\u00f3 otra alianza, ahora con la Universidad de Estudios de Roma \u2013 Foro It\u00e1lico.<\/p><p><strong>Esta asociaci\u00f3n comenzar\u00e1 con programas de investigaci\u00f3n para desarrollar prote\u00ednas que puedan ajustar la microbiota intestinal y fortalecer el sistema inmunol\u00f3gico<\/strong>. Esta investigaci\u00f3n involucrar\u00e1 al \u00e1rea de Biotecnolog\u00eda de la universidad y contar\u00e1 con la participaci\u00f3n directa del Profesor Dr. Carlos Mateus Rotta, entre otros investigadores.<\/p><p>La previsi\u00f3n es que este sea el primer trabajo conjunto y se extienda tambi\u00e9n a carreras de pregrado.<\/p>\t\t\t\t\t\t\t\t<\/div>\n\t\t\t\t<\/div>\n\t\t\t\t\t<\/div>\n\t\t<\/div>\n\t\t\t\t\t<\/div>\n\t\t<\/section>\n\t\t\t\t<section class=\"elementor-section elementor-top-section elementor-element elementor-element-36ee1864 elementor-section-content-middle elementor-reverse-tablet_extra elementor-reverse-tablet elementor-reverse-mobile_extra elementor-reverse-mobile elementor-section-boxed elementor-section-height-default elementor-section-height-default\" data-id=\"36ee1864\" data-element_type=\"section\" data-e-type=\"section\" data-settings=\"{&quot;background_background&quot;:&quot;classic&quot;,&quot;_ha_eqh_enable&quot;:false,&quot;ekit_has_onepagescroll_dot&quot;:&quot;yes&quot;}\">\n\t\t\t\t\t\t\t<div class=\"elementor-background-overlay\"><\/div>\n\t\t\t\t\t\t\t<div class=\"elementor-container elementor-column-gap-no\">\n\t\t\t\t\t<div class=\"elementor-column elementor-col-50 elementor-top-column elementor-element elementor-element-746c1b2f\" data-id=\"746c1b2f\" data-element_type=\"column\" data-e-type=\"column\">\n\t\t\t<div class=\"elementor-widget-wrap elementor-element-populated\">\n\t\t\t\t\t\t<div class=\"elementor-element elementor-element-56d29099 elementor-widget elementor-widget-text-editor\" data-id=\"56d29099\" data-element_type=\"widget\" data-e-type=\"widget\" data-settings=\"{&quot;ekit_we_effect_on&quot;:&quot;none&quot;}\" data-widget_type=\"text-editor.default\">\n\t\t\t\t<div class=\"elementor-widget-container\">\n\t\t\t\t\t\t\t\t\t<p>Fundada en 1928 como Academia de Educaci\u00f3n F\u00edsica, siempre se ha centrado en el Deporte, la Ciencia y la Salud como temas de investigaci\u00f3n y docencia estrechamente vinculados entre s\u00ed. Un caso \u00fanico en Italia.<\/p><p>La cuarta universidad de Roma es una universidad donde estudiantes, profesores, investigadores y personal t\u00e9cnico-administrativo viven una relaci\u00f3n diaria exclusiva y directa.<\/p><p>En los edificios rojiblancos del complejo Foro It\u00e1lico, j\u00f3venes capaces de competir a un alto nivel se forman a nivel internacional en todos los \u00e1mbitos del deporte como deportistas, pero tambi\u00e9n como gestores deportivos, investigadores y profesores, especialistas en marketing y comunicaci\u00f3n deportivos.<\/p><p>Existen innumerables laboratorios cient\u00edficos, donde docentes e investigadores discuten diariamente proyectos de investigaci\u00f3n innovadores, sin los cuales no es posible realizar una buena docencia e impactar en el desarrollo de la sociedad civil.<\/p><p>Aqu\u00ed se forman las habilidades profesionales cada vez m\u00e1s buscadas en nuestra sociedad, donde el deporte se considera parte integral de la cultura, el estilo de vida de las personas y la econom\u00eda mundial.<\/p>\t\t\t\t\t\t\t\t<\/div>\n\t\t\t\t<\/div>\n\t\t\t\t\t<\/div>\n\t\t<\/div>\n\t\t\t\t<div class=\"elementor-column elementor-col-50 elementor-top-column elementor-element elementor-element-1e1fbc94\" data-id=\"1e1fbc94\" data-element_type=\"column\" data-e-type=\"column\" data-settings=\"{&quot;background_background&quot;:&quot;slideshow&quot;,&quot;background_slideshow_gallery&quot;:[{&quot;id&quot;:1530,&quot;url&quot;:&quot;https:\\\/\\\/www.umc.br\\\/cigex\\\/es-es\\\/wp-content\\\/uploads\\\/2024\\\/12\\\/Imagem1.jpg&quot;}],&quot;background_slideshow_loop&quot;:&quot;yes&quot;,&quot;background_slideshow_slide_duration&quot;:5000,&quot;background_slideshow_slide_transition&quot;:&quot;fade&quot;,&quot;background_slideshow_transition_duration&quot;:500}\">\n\t\t\t<div class=\"elementor-widget-wrap elementor-element-populated\">\n\t\t\t\t\t\t<div class=\"elementor-element elementor-element-6c09bb5 elementor-widget elementor-widget-spacer\" data-id=\"6c09bb5\" data-element_type=\"widget\" data-e-type=\"widget\" data-settings=\"{&quot;ekit_we_effect_on&quot;:&quot;none&quot;}\" data-widget_type=\"spacer.default\">\n\t\t\t\t<div class=\"elementor-widget-container\">\n\t\t\t\t\t\t\t<div class=\"elementor-spacer\">\n\t\t\t<div class=\"elementor-spacer-inner\"><\/div>\n\t\t<\/div>\n\t\t\t\t\t\t<\/div>\n\t\t\t\t<\/div>\n\t\t\t\t\t<\/div>\n\t\t<\/div>\n\t\t\t\t\t<\/div>\n\t\t<\/section>\n\t\t\t\t<\/div>\n\t\t","protected":false},"excerpt":{"rendered":"<p>UNIVERSIT\u00c1 DEGLI STUDI DI ROMA&lt; \u2013 FORO ITALICO Continuando en el camino de la internacionalizaci\u00f3n, la Universidad de Mogi das Cruzes, a trav\u00e9s de la Coordinaci\u00f3n de Internacionalizaci\u00f3n y Experiencia Global \u2013 CIGEX, firm\u00f3 otra alianza, ahora con la Universidad de Estudios de Roma \u2013 Foro It\u00e1lico. Esta asociaci\u00f3n comenzar\u00e1 con programas de investigaci\u00f3n para [&hellip;]<\/p>\n","protected":false},"author":3,"featured_media":0,"parent":0,"menu_order":0,"comment_status":"closed","ping_status":"closed","template":"elementor_header_footer","meta":{"footnotes":""},"class_list":["post-1524","page","type-page","status-publish","hentry"],"blocksy_meta":[],"_links":{"self":[{"href":"https:\/\/www.umc.br\/cigex\/es-es\/wp-json\/wp\/v2\/pages\/1524","targetHints":{"allow":["GET"]}}],"collection":[{"href":"https:\/\/www.umc.br\/cigex\/es-es\/wp-json\/wp\/v2\/pages"}],"about":[{"href":"https:\/\/www.umc.br\/cigex\/es-es\/wp-json\/wp\/v2\/types\/page"}],"author":[{"embeddable":true,"href":"https:\/\/www.umc.br\/cigex\/es-es\/wp-json\/wp\/v2\/users\/3"}],"replies":[{"embeddable":true,"href":"https:\/\/www.umc.br\/cigex\/es-es\/wp-json\/wp\/v2\/comments?post=1524"}],"version-history":[{"count":7,"href":"https:\/\/www.umc.br\/cigex\/es-es\/wp-json\/wp\/v2\/pages\/1524\/revisions"}],"predecessor-version":[{"id":1538,"href":"https:\/\/www.umc.br\/cigex\/es-es\/wp-json\/wp\/v2\/pages\/1524\/revisions\/1538"}],"wp:attachment":[{"href":"https:\/\/www.umc.br\/cigex\/es-es\/wp-json\/wp\/v2\/media?parent=1524"}],"curies":[{"name":"wp","href":"https:\/\/api.w.org\/{rel}","templated":true}]}}