{"id":1510,"date":"2024-11-25T14:03:56","date_gmt":"2024-11-25T14:03:56","guid":{"rendered":"https:\/\/www.umc.br\/cigex\/es-es\/?page_id=1510"},"modified":"2024-11-25T17:07:45","modified_gmt":"2024-11-25T17:07:45","slug":"kansas-city-university","status":"publish","type":"page","link":"https:\/\/www.umc.br\/cigex\/es-es\/kansas-city-university\/","title":{"rendered":"LA KANSAS CITY UNIVERSITY"},"content":{"rendered":"\t\t<div data-elementor-type=\"wp-page\" data-elementor-id=\"1510\" class=\"elementor elementor-1510\" data-elementor-settings=\"{&quot;ha_cmc_init_switcher&quot;:&quot;no&quot;}\" data-elementor-post-type=\"page\">\n\t\t\t\t<div class=\"elementor-element elementor-element-5a29803 e-flex e-con-boxed e-con e-parent\" data-id=\"5a29803\" data-element_type=\"container\" data-e-type=\"container\" data-settings=\"{&quot;_ha_eqh_enable&quot;:false,&quot;ekit_has_onepagescroll_dot&quot;:&quot;yes&quot;}\">\n\t\t\t\t\t<div class=\"e-con-inner\">\n\t\t\t\t<div class=\"elementor-element elementor-element-8bd5a9b elementor-widget elementor-widget-heading\" data-id=\"8bd5a9b\" data-element_type=\"widget\" data-e-type=\"widget\" data-settings=\"{&quot;ekit_we_effect_on&quot;:&quot;none&quot;}\" data-widget_type=\"heading.default\">\n\t\t\t\t<div class=\"elementor-widget-container\">\n\t\t\t\t\t<h2 class=\"elementor-heading-title elementor-size-default\">La Kansas City University<\/h2>\t\t\t\t<\/div>\n\t\t\t\t<\/div>\n\t\t\t\t<div class=\"elementor-element elementor-element-d416a6a elementor-widget elementor-widget-text-editor\" data-id=\"d416a6a\" data-element_type=\"widget\" data-e-type=\"widget\" data-settings=\"{&quot;ekit_we_effect_on&quot;:&quot;none&quot;}\" data-widget_type=\"text-editor.default\">\n\t\t\t\t<div class=\"elementor-widget-container\">\n\t\t\t\t\t\t\t\t\t<p>La Kansas City University es una universidad privada compuesta por una Facultad de Medicina Osteop\u00e1tica, fundada en 1916, y una Facultad de Biociencias. La Kansas City University es la escuela de medicina m\u00e1s antigua de Kansas City, Mo., y la m\u00e1s grande de Missouri. La Facultad de Medicina Dental se inaugur\u00f3 en 2023 en Joplin, Missouri.<\/p><p><strong>Programa KCU-GMEC\/ADCS Orlando<br \/><\/strong><br \/>El programa de residencia, en asociaci\u00f3n con Advanced Dermatology and Cosmetic Surgery (ADCS), se centra en la formaci\u00f3n de m\u00e9dicos apasionados por la dermatolog\u00eda. El programa se enorgullece de especializarse en dermatolog\u00eda m\u00e9dica, quir\u00fargica y cosm\u00e9tica para tratar condiciones de la piel, el cabello y las u\u00f1as.<br \/>La misi\u00f3n del Programa KCU-GMEC\/ADCS Orlando es proporcionar experiencia cl\u00ednica, recursos educativos y apoyo de mentor\u00eda que formen dermat\u00f3logos excepcionales comprometidos con la pr\u00e1ctica \u00e9tica y compasiva de la medicina.<\/p>\t\t\t\t\t\t\t\t<\/div>\n\t\t\t\t<\/div>\n\t\t\t\t<div class=\"elementor-element elementor-element-fabaea1 elementor-widget elementor-widget-image\" data-id=\"fabaea1\" data-element_type=\"widget\" data-e-type=\"widget\" data-settings=\"{&quot;ekit_we_effect_on&quot;:&quot;none&quot;}\" data-widget_type=\"image.default\">\n\t\t\t\t<div class=\"elementor-widget-container\">\n\t\t\t\t\t\t\t\t\t\t\t\t\t\t\t<img fetchpriority=\"high\" decoding=\"async\" width=\"1024\" height=\"477\" src=\"https:\/\/www.umc.br\/cigex\/es-es\/wp-content\/uploads\/2024\/11\/Foto-1024x477.jpg\" class=\"attachment-large size-large wp-image-1514\" alt=\"\" srcset=\"https:\/\/www.umc.br\/cigex\/es-es\/wp-content\/uploads\/2024\/11\/Foto-1024x477.jpg 1024w, https:\/\/www.umc.br\/cigex\/es-es\/wp-content\/uploads\/2024\/11\/Foto-300x140.jpg 300w, https:\/\/www.umc.br\/cigex\/es-es\/wp-content\/uploads\/2024\/11\/Foto-768x358.jpg 768w, https:\/\/www.umc.br\/cigex\/es-es\/wp-content\/uploads\/2024\/11\/Foto-1536x716.jpg 1536w, https:\/\/www.umc.br\/cigex\/es-es\/wp-content\/uploads\/2024\/11\/Foto.jpg 1764w\" sizes=\"(max-width: 1024px) 100vw, 1024px\" \/>\t\t\t\t\t\t\t\t\t\t\t\t\t\t\t<\/div>\n\t\t\t\t<\/div>\n\t\t\t\t\t<\/div>\n\t\t\t\t<\/div>\n\t\t\t\t<\/div>\n\t\t","protected":false},"excerpt":{"rendered":"<p>La Kansas City University La Kansas City University es una universidad privada compuesta por una Facultad de Medicina Osteop\u00e1tica, fundada en 1916, y una Facultad de Biociencias. La Kansas City University es la escuela de medicina m\u00e1s antigua de Kansas City, Mo., y la m\u00e1s grande de Missouri. La Facultad de Medicina Dental se inaugur\u00f3 [&hellip;]<\/p>\n","protected":false},"author":3,"featured_media":0,"parent":0,"menu_order":0,"comment_status":"closed","ping_status":"closed","template":"elementor_header_footer","meta":{"footnotes":""},"class_list":["post-1510","page","type-page","status-publish","hentry"],"blocksy_meta":[],"_links":{"self":[{"href":"https:\/\/www.umc.br\/cigex\/es-es\/wp-json\/wp\/v2\/pages\/1510","targetHints":{"allow":["GET"]}}],"collection":[{"href":"https:\/\/www.umc.br\/cigex\/es-es\/wp-json\/wp\/v2\/pages"}],"about":[{"href":"https:\/\/www.umc.br\/cigex\/es-es\/wp-json\/wp\/v2\/types\/page"}],"author":[{"embeddable":true,"href":"https:\/\/www.umc.br\/cigex\/es-es\/wp-json\/wp\/v2\/users\/3"}],"replies":[{"embeddable":true,"href":"https:\/\/www.umc.br\/cigex\/es-es\/wp-json\/wp\/v2\/comments?post=1510"}],"version-history":[{"count":8,"href":"https:\/\/www.umc.br\/cigex\/es-es\/wp-json\/wp\/v2\/pages\/1510\/revisions"}],"predecessor-version":[{"id":1522,"href":"https:\/\/www.umc.br\/cigex\/es-es\/wp-json\/wp\/v2\/pages\/1510\/revisions\/1522"}],"wp:attachment":[{"href":"https:\/\/www.umc.br\/cigex\/es-es\/wp-json\/wp\/v2\/media?parent=1510"}],"curies":[{"name":"wp","href":"https:\/\/api.w.org\/{rel}","templated":true}]}}