{"id":1484,"date":"2023-12-06T16:02:58","date_gmt":"2023-12-06T16:02:58","guid":{"rendered":"https:\/\/www.umc.br\/cigex\/es-es\/?page_id=1484"},"modified":"2023-12-06T16:04:37","modified_gmt":"2023-12-06T16:04:37","slug":"la-universidad-catolica-de-santiago-del-estero","status":"publish","type":"page","link":"https:\/\/www.umc.br\/cigex\/es-es\/la-universidad-catolica-de-santiago-del-estero\/","title":{"rendered":"LA UNIVERSIDAD CAT\u00d3LICA DE SANTIAGO DEL ESTERO"},"content":{"rendered":"\t\t<div data-elementor-type=\"wp-page\" data-elementor-id=\"1484\" class=\"elementor elementor-1484\" data-elementor-settings=\"{&quot;ha_cmc_init_switcher&quot;:&quot;no&quot;}\" data-elementor-post-type=\"page\">\n\t\t\t\t\t\t<section class=\"elementor-section elementor-top-section elementor-element elementor-element-463bd24c elementor-section-boxed elementor-section-height-default elementor-section-height-default\" data-id=\"463bd24c\" data-element_type=\"section\" data-e-type=\"section\" data-settings=\"{&quot;background_background&quot;:&quot;slideshow&quot;,&quot;background_slideshow_gallery&quot;:[{&quot;id&quot;:1486,&quot;url&quot;:&quot;https:\\\/\\\/www.umc.br\\\/cigex\\\/es-es\\\/wp-content\\\/uploads\\\/2023\\\/12\\\/Imagem1.jpg&quot;}],&quot;background_slideshow_loop&quot;:&quot;yes&quot;,&quot;background_slideshow_slide_duration&quot;:5000,&quot;background_slideshow_slide_transition&quot;:&quot;fade&quot;,&quot;background_slideshow_transition_duration&quot;:500,&quot;_ha_eqh_enable&quot;:false,&quot;ekit_has_onepagescroll_dot&quot;:&quot;yes&quot;}\">\n\t\t\t\t\t\t\t<div class=\"elementor-background-overlay\"><\/div>\n\t\t\t\t\t\t\t<div class=\"elementor-container elementor-column-gap-default\">\n\t\t\t\t\t<div class=\"elementor-column elementor-col-100 elementor-top-column elementor-element elementor-element-444ce19\" data-id=\"444ce19\" data-element_type=\"column\" data-e-type=\"column\">\n\t\t\t<div class=\"elementor-widget-wrap elementor-element-populated\">\n\t\t\t\t\t\t<div class=\"elementor-element elementor-element-195c2f80 elementor-widget elementor-widget-heading\" data-id=\"195c2f80\" data-element_type=\"widget\" data-e-type=\"widget\" data-settings=\"{&quot;ekit_we_effect_on&quot;:&quot;none&quot;}\" data-widget_type=\"heading.default\">\n\t\t\t\t<div class=\"elementor-widget-container\">\n\t\t\t\t\t<h2 class=\"elementor-heading-title elementor-size-default\">LA UNIVERSIDAD CAT\u00d3LICA DE SANTIAGO DEL ESTERO (UCSE). <\/h2>\t\t\t\t<\/div>\n\t\t\t\t<\/div>\n\t\t\t\t\t<\/div>\n\t\t<\/div>\n\t\t\t\t\t<\/div>\n\t\t<\/section>\n\t\t\t\t<section class=\"elementor-section elementor-top-section elementor-element elementor-element-4fdc3fb1 elementor-section-content-middle elementor-section-boxed elementor-section-height-default elementor-section-height-default\" data-id=\"4fdc3fb1\" data-element_type=\"section\" data-e-type=\"section\" data-settings=\"{&quot;background_background&quot;:&quot;classic&quot;,&quot;_ha_eqh_enable&quot;:false,&quot;ekit_has_onepagescroll_dot&quot;:&quot;yes&quot;}\">\n\t\t\t\t\t\t\t<div class=\"elementor-background-overlay\"><\/div>\n\t\t\t\t\t\t\t<div class=\"elementor-container elementor-column-gap-no\">\n\t\t\t\t\t<div class=\"elementor-column elementor-col-100 elementor-top-column elementor-element elementor-element-4296cbdf\" data-id=\"4296cbdf\" data-element_type=\"column\" data-e-type=\"column\">\n\t\t\t<div class=\"elementor-widget-wrap elementor-element-populated\">\n\t\t\t\t\t\t<div class=\"elementor-element elementor-element-2d69ceaf elementor-widget elementor-widget-heading\" data-id=\"2d69ceaf\" data-element_type=\"widget\" data-e-type=\"widget\" data-settings=\"{&quot;ekit_we_effect_on&quot;:&quot;none&quot;}\" data-widget_type=\"heading.default\">\n\t\t\t\t<div class=\"elementor-widget-container\">\n\t\t\t\t\t<h1 class=\"elementor-heading-title elementor-size-default\">LA UNIVERSIDAD CAT\u00d3LICA DE SANTIAGO DEL ESTERO (UCSE). <\/h1>\t\t\t\t<\/div>\n\t\t\t\t<\/div>\n\t\t\t\t<div class=\"elementor-element elementor-element-35a6f445 elementor-widget elementor-widget-text-editor\" data-id=\"35a6f445\" data-element_type=\"widget\" data-e-type=\"widget\" data-settings=\"{&quot;ekit_we_effect_on&quot;:&quot;none&quot;}\" data-widget_type=\"text-editor.default\">\n\t\t\t\t<div class=\"elementor-widget-container\">\n\t\t\t\t\t\t\t\t\t<p>Fue\u00a0<strong>fundada\u00a0<\/strong>el 21 de junio de 1960, para colaborar en el campo de la educaci\u00f3n, comprometida con la evangelizaci\u00f3n de la cultura y al servicio de la Iglesia y de la Naci\u00f3n.<\/p><p>En los a\u00f1os 90 se tom\u00f3 una importante decisi\u00f3n respecto de la creaci\u00f3n de nuevas sedes acad\u00e9micas fuera de los l\u00edmites de la Provincia, con los Departamentos Acad\u00e9micos de Buenos Aires, San Salvador y Rafaela, lo que le dio a la instituci\u00f3n una nueva configuraci\u00f3n, enriquecida por la diversidad y las posibilidades que ofrec\u00eda. en su extenso territorio. La heterogeneidad del profesorado y su contexto social y productivo contribuyen a enriquecer el trabajo de la UCSE.<\/p><p>La universidad cuenta con carreras en las \u00e1reas de ciencias exactas, ciencias sociales y ciencias de la salud. El \u00e1rea de investigaci\u00f3n basada en el desarrollo sustentable y calidad y calidad de vida, la diversidad de saberes la cultura cient\u00edfica, distinci\u00f3n institucional y el impacto en la sociedad.<\/p>\t\t\t\t\t\t\t\t<\/div>\n\t\t\t\t<\/div>\n\t\t\t\t\t<\/div>\n\t\t<\/div>\n\t\t\t\t\t<\/div>\n\t\t<\/section>\n\t\t\t\t<section class=\"elementor-section elementor-top-section elementor-element elementor-element-67ecb86c elementor-section-boxed elementor-section-height-default elementor-section-height-default\" data-id=\"67ecb86c\" data-element_type=\"section\" data-e-type=\"section\" data-settings=\"{&quot;_ha_eqh_enable&quot;:false,&quot;ekit_has_onepagescroll_dot&quot;:&quot;yes&quot;}\">\n\t\t\t\t\t\t<div class=\"elementor-container elementor-column-gap-default\">\n\t\t\t\t\t<div class=\"elementor-column elementor-col-50 elementor-top-column elementor-element elementor-element-6f930d77\" data-id=\"6f930d77\" data-element_type=\"column\" data-e-type=\"column\">\n\t\t\t<div class=\"elementor-widget-wrap elementor-element-populated\">\n\t\t\t\t\t\t<div class=\"elementor-element elementor-element-25932340 elementor-widget elementor-widget-image\" data-id=\"25932340\" data-element_type=\"widget\" data-e-type=\"widget\" data-settings=\"{&quot;ekit_we_effect_on&quot;:&quot;none&quot;}\" data-widget_type=\"image.default\">\n\t\t\t\t<div class=\"elementor-widget-container\">\n\t\t\t\t\t\t\t\t\t\t\t\t\t\t\t<img fetchpriority=\"high\" decoding=\"async\" width=\"755\" height=\"1024\" src=\"https:\/\/www.umc.br\/cigex\/es-es\/wp-content\/uploads\/2023\/12\/Auditorium-scaled-e1701877862960-755x1024.jpg\" class=\"attachment-large size-large wp-image-1487\" alt=\"\" srcset=\"https:\/\/www.umc.br\/cigex\/es-es\/wp-content\/uploads\/2023\/12\/Auditorium-scaled-e1701877862960-755x1024.jpg 755w, https:\/\/www.umc.br\/cigex\/es-es\/wp-content\/uploads\/2023\/12\/Auditorium-scaled-e1701877862960-221x300.jpg 221w, https:\/\/www.umc.br\/cigex\/es-es\/wp-content\/uploads\/2023\/12\/Auditorium-scaled-e1701877862960-768x1042.jpg 768w, https:\/\/www.umc.br\/cigex\/es-es\/wp-content\/uploads\/2023\/12\/Auditorium-scaled-e1701877862960-1133x1536.jpg 1133w, https:\/\/www.umc.br\/cigex\/es-es\/wp-content\/uploads\/2023\/12\/Auditorium-scaled-e1701877862960.jpg 1258w\" sizes=\"(max-width: 755px) 100vw, 755px\" \/>\t\t\t\t\t\t\t\t\t\t\t\t\t\t\t<\/div>\n\t\t\t\t<\/div>\n\t\t\t\t\t<\/div>\n\t\t<\/div>\n\t\t\t\t<div class=\"elementor-column elementor-col-50 elementor-top-column elementor-element elementor-element-6c06f586\" data-id=\"6c06f586\" data-element_type=\"column\" data-e-type=\"column\">\n\t\t\t<div class=\"elementor-widget-wrap elementor-element-populated\">\n\t\t\t\t\t\t<div class=\"elementor-element elementor-element-992548d elementor-widget elementor-widget-image-carousel\" data-id=\"992548d\" data-element_type=\"widget\" data-e-type=\"widget\" data-settings=\"{&quot;slides_to_show&quot;:&quot;1&quot;,&quot;navigation&quot;:&quot;none&quot;,&quot;autoplay_speed&quot;:2000,&quot;autoplay&quot;:&quot;yes&quot;,&quot;pause_on_hover&quot;:&quot;yes&quot;,&quot;pause_on_interaction&quot;:&quot;yes&quot;,&quot;infinite&quot;:&quot;yes&quot;,&quot;effect&quot;:&quot;slide&quot;,&quot;speed&quot;:500,&quot;ekit_we_effect_on&quot;:&quot;none&quot;}\" data-widget_type=\"image-carousel.default\">\n\t\t\t\t<div class=\"elementor-widget-container\">\n\t\t\t\t\t\t\t<div class=\"elementor-image-carousel-wrapper swiper\" role=\"region\" aria-roledescription=\"carousel\" aria-label=\"Carrossel de imagens\" dir=\"ltr\">\n\t\t\t<div class=\"elementor-image-carousel swiper-wrapper\" aria-live=\"off\">\n\t\t\t\t\t\t\t\t<div class=\"swiper-slide\" role=\"group\" aria-roledescription=\"slide\" aria-label=\"1 de 1\"><figure class=\"swiper-slide-inner\"><img decoding=\"async\" class=\"swiper-slide-image\" src=\"https:\/\/www.umc.br\/cigex\/es-es\/wp-content\/uploads\/2023\/12\/Imagem-do-WhatsApp-de-2023-12-04-as-07.43.37_4cae8155.jpg\" alt=\"Imagem-do-WhatsApp-de-2023-12-04-as-07.43.37_4cae8155.jpg\" \/><\/figure><\/div>\t\t\t<\/div>\n\t\t\t\t\t<\/div>\n\t\t\t\t\t\t<\/div>\n\t\t\t\t<\/div>\n\t\t\t\t<div class=\"elementor-element elementor-element-76d195be elementor-widget elementor-widget-image\" data-id=\"76d195be\" data-element_type=\"widget\" data-e-type=\"widget\" data-settings=\"{&quot;ekit_we_effect_on&quot;:&quot;none&quot;}\" data-widget_type=\"image.default\">\n\t\t\t\t<div class=\"elementor-widget-container\">\n\t\t\t\t\t\t\t\t\t\t\t\t\t\t\t<img decoding=\"async\" width=\"1024\" height=\"606\" src=\"https:\/\/www.umc.br\/cigex\/es-es\/wp-content\/uploads\/2023\/12\/Imagem1-1024x606.jpg\" class=\"attachment-large size-large wp-image-1486\" alt=\"\" srcset=\"https:\/\/www.umc.br\/cigex\/es-es\/wp-content\/uploads\/2023\/12\/Imagem1-1024x606.jpg 1024w, https:\/\/www.umc.br\/cigex\/es-es\/wp-content\/uploads\/2023\/12\/Imagem1-300x178.jpg 300w, https:\/\/www.umc.br\/cigex\/es-es\/wp-content\/uploads\/2023\/12\/Imagem1-768x455.jpg 768w, https:\/\/www.umc.br\/cigex\/es-es\/wp-content\/uploads\/2023\/12\/Imagem1.jpg 1299w\" sizes=\"(max-width: 1024px) 100vw, 1024px\" \/>\t\t\t\t\t\t\t\t\t\t\t\t\t\t\t<\/div>\n\t\t\t\t<\/div>\n\t\t\t\t\t<\/div>\n\t\t<\/div>\n\t\t\t\t\t<\/div>\n\t\t<\/section>\n\t\t\t\t<\/div>\n\t\t","protected":false},"excerpt":{"rendered":"<p>LA UNIVERSIDAD CAT\u00d3LICA DE SANTIAGO DEL ESTERO (UCSE). LA UNIVERSIDAD CAT\u00d3LICA DE SANTIAGO DEL ESTERO (UCSE). Fue\u00a0fundada\u00a0el 21 de junio de 1960, para colaborar en el campo de la educaci\u00f3n, comprometida con la evangelizaci\u00f3n de la cultura y al servicio de la Iglesia y de la Naci\u00f3n. En los a\u00f1os 90 se tom\u00f3 una importante [&hellip;]<\/p>\n","protected":false},"author":4,"featured_media":0,"parent":0,"menu_order":0,"comment_status":"closed","ping_status":"closed","template":"elementor_header_footer","meta":{"footnotes":""},"class_list":["post-1484","page","type-page","status-publish","hentry"],"blocksy_meta":[],"_links":{"self":[{"href":"https:\/\/www.umc.br\/cigex\/es-es\/wp-json\/wp\/v2\/pages\/1484","targetHints":{"allow":["GET"]}}],"collection":[{"href":"https:\/\/www.umc.br\/cigex\/es-es\/wp-json\/wp\/v2\/pages"}],"about":[{"href":"https:\/\/www.umc.br\/cigex\/es-es\/wp-json\/wp\/v2\/types\/page"}],"author":[{"embeddable":true,"href":"https:\/\/www.umc.br\/cigex\/es-es\/wp-json\/wp\/v2\/users\/4"}],"replies":[{"embeddable":true,"href":"https:\/\/www.umc.br\/cigex\/es-es\/wp-json\/wp\/v2\/comments?post=1484"}],"version-history":[{"count":4,"href":"https:\/\/www.umc.br\/cigex\/es-es\/wp-json\/wp\/v2\/pages\/1484\/revisions"}],"predecessor-version":[{"id":1495,"href":"https:\/\/www.umc.br\/cigex\/es-es\/wp-json\/wp\/v2\/pages\/1484\/revisions\/1495"}],"wp:attachment":[{"href":"https:\/\/www.umc.br\/cigex\/es-es\/wp-json\/wp\/v2\/media?parent=1484"}],"curies":[{"name":"wp","href":"https:\/\/api.w.org\/{rel}","templated":true}]}}