{"id":1467,"date":"2023-06-27T19:53:00","date_gmt":"2023-06-27T19:53:00","guid":{"rendered":"https:\/\/www.umc.br\/cigex\/es-es\/?page_id=1467"},"modified":"2023-06-27T19:55:56","modified_gmt":"2023-06-27T19:55:56","slug":"california-northstate-university","status":"publish","type":"page","link":"https:\/\/www.umc.br\/cigex\/es-es\/california-northstate-university\/","title":{"rendered":"California Northstate University"},"content":{"rendered":"\t\t<div data-elementor-type=\"wp-page\" data-elementor-id=\"1467\" class=\"elementor elementor-1467\" data-elementor-settings=\"{&quot;ha_cmc_init_switcher&quot;:&quot;no&quot;}\" data-elementor-post-type=\"page\">\n\t\t\t\t\t\t<section class=\"elementor-section elementor-top-section elementor-element elementor-element-77e8935b ct-section-stretched elementor-section-boxed elementor-section-height-default elementor-section-height-default\" data-id=\"77e8935b\" data-element_type=\"section\" data-e-type=\"section\" data-settings=\"{&quot;background_background&quot;:&quot;slideshow&quot;,&quot;background_slideshow_gallery&quot;:[{&quot;id&quot;:1470,&quot;url&quot;:&quot;https:\\\/\\\/www.umc.br\\\/cigex\\\/es-es\\\/wp-content\\\/uploads\\\/2023\\\/06\\\/338436188_153136661014032_716890961259705681_n-1.jpg&quot;}],&quot;background_slideshow_loop&quot;:&quot;yes&quot;,&quot;background_slideshow_slide_duration&quot;:5000,&quot;background_slideshow_slide_transition&quot;:&quot;fade&quot;,&quot;background_slideshow_transition_duration&quot;:500,&quot;_ha_eqh_enable&quot;:false,&quot;ekit_has_onepagescroll_dot&quot;:&quot;yes&quot;}\">\n\t\t\t\t\t\t\t<div class=\"elementor-background-overlay\"><\/div>\n\t\t\t\t\t\t\t<div class=\"elementor-container elementor-column-gap-default\">\n\t\t\t\t\t<div class=\"elementor-column elementor-col-100 elementor-top-column elementor-element elementor-element-38712b5\" data-id=\"38712b5\" data-element_type=\"column\" data-e-type=\"column\">\n\t\t\t<div class=\"elementor-widget-wrap elementor-element-populated\">\n\t\t\t\t\t\t<div class=\"elementor-element elementor-element-70bb77bb elementor-widget elementor-widget-heading\" data-id=\"70bb77bb\" data-element_type=\"widget\" data-e-type=\"widget\" data-settings=\"{&quot;ekit_we_effect_on&quot;:&quot;none&quot;}\" data-widget_type=\"heading.default\">\n\t\t\t\t<div class=\"elementor-widget-container\">\n\t\t\t\t\t<h2 class=\"elementor-heading-title elementor-size-default\">California Northstate University<\/h2>\t\t\t\t<\/div>\n\t\t\t\t<\/div>\n\t\t\t\t\t<\/div>\n\t\t<\/div>\n\t\t\t\t\t<\/div>\n\t\t<\/section>\n\t\t\t\t<section class=\"elementor-section elementor-top-section elementor-element elementor-element-5c7d321a elementor-section-content-middle elementor-section-boxed elementor-section-height-default elementor-section-height-default\" data-id=\"5c7d321a\" data-element_type=\"section\" data-e-type=\"section\" data-settings=\"{&quot;background_background&quot;:&quot;classic&quot;,&quot;_ha_eqh_enable&quot;:false,&quot;ekit_has_onepagescroll_dot&quot;:&quot;yes&quot;}\">\n\t\t\t\t\t\t\t<div class=\"elementor-background-overlay\"><\/div>\n\t\t\t\t\t\t\t<div class=\"elementor-container elementor-column-gap-no\">\n\t\t\t\t\t<div class=\"elementor-column elementor-col-50 elementor-top-column elementor-element elementor-element-3ba9bd10\" data-id=\"3ba9bd10\" data-element_type=\"column\" data-e-type=\"column\">\n\t\t\t<div class=\"elementor-widget-wrap elementor-element-populated\">\n\t\t\t\t\t\t<div class=\"elementor-element elementor-element-2f102360 elementor-widget elementor-widget-image\" data-id=\"2f102360\" data-element_type=\"widget\" data-e-type=\"widget\" data-settings=\"{&quot;ekit_we_effect_on&quot;:&quot;none&quot;}\" data-widget_type=\"image.default\">\n\t\t\t\t<div class=\"elementor-widget-container\">\n\t\t\t\t\t\t\t\t\t\t\t\t\t\t\t<img decoding=\"async\" width=\"300\" height=\"100\" src=\"https:\/\/www.umc.br\/cigex\/es-es\/wp-content\/uploads\/2023\/06\/140038_CNU_Logo_English.png\" class=\"attachment-large size-large wp-image-1471\" alt=\"\" \/>\t\t\t\t\t\t\t\t\t\t\t\t\t\t\t<\/div>\n\t\t\t\t<\/div>\n\t\t\t\t<div class=\"elementor-element elementor-element-726d4f06 elementor-widget-divider--view-line elementor-widget elementor-widget-divider\" data-id=\"726d4f06\" data-element_type=\"widget\" data-e-type=\"widget\" data-settings=\"{&quot;ekit_we_effect_on&quot;:&quot;none&quot;}\" data-widget_type=\"divider.default\">\n\t\t\t\t<div class=\"elementor-widget-container\">\n\t\t\t\t\t\t\t<div class=\"elementor-divider\">\n\t\t\t<span class=\"elementor-divider-separator\">\n\t\t\t\t\t\t<\/span>\n\t\t<\/div>\n\t\t\t\t\t\t<\/div>\n\t\t\t\t<\/div>\n\t\t\t\t<div class=\"elementor-element elementor-element-2b58b6c6 elementor-widget elementor-widget-text-editor\" data-id=\"2b58b6c6\" data-element_type=\"widget\" data-e-type=\"widget\" data-settings=\"{&quot;ekit_we_effect_on&quot;:&quot;none&quot;}\" data-widget_type=\"text-editor.default\">\n\t\t\t\t<div class=\"elementor-widget-container\">\n\t\t\t\t\t\t\t\t\t<p>La UMC firm\u00f3, a trav\u00e9s de la Coordinaci\u00f3n de Internacionalizaci\u00f3n y Experiencia Global (CIGEX), una alianza con CALIFORNIA NORTHSTATE UNIVERSITY (CNU), en la que ser\u00e1 posible realizar intercambios de estudiantes y profesores, adem\u00e1s de alianzas en proyectos de investigaci\u00f3n y acad\u00e9micos . La colaboraci\u00f3n entre las Instituciones comenz\u00f3 en 2015 con una investigaci\u00f3n cient\u00edfica entre el Centro de Investigaci\u00f3n Tecnol\u00f3gica de la UMC y la Universidad de los Estados<\/p>\t\t\t\t\t\t\t\t<\/div>\n\t\t\t\t<\/div>\n\t\t\t\t<div class=\"elementor-element elementor-element-4f311cb1 elementor-widget elementor-widget-image\" data-id=\"4f311cb1\" data-element_type=\"widget\" data-e-type=\"widget\" data-settings=\"{&quot;ekit_we_effect_on&quot;:&quot;none&quot;}\" data-widget_type=\"image.default\">\n\t\t\t\t<div class=\"elementor-widget-container\">\n\t\t\t\t\t\t\t\t\t\t\t\t\t\t\t<img fetchpriority=\"high\" decoding=\"async\" width=\"1024\" height=\"683\" src=\"https:\/\/www.umc.br\/cigex\/es-es\/wp-content\/uploads\/2023\/06\/CRK7beFUAAEH5vW-1024x683.jpg\" class=\"attachment-large size-large wp-image-1472\" alt=\"\" srcset=\"https:\/\/www.umc.br\/cigex\/es-es\/wp-content\/uploads\/2023\/06\/CRK7beFUAAEH5vW-1024x683.jpg 1024w, https:\/\/www.umc.br\/cigex\/es-es\/wp-content\/uploads\/2023\/06\/CRK7beFUAAEH5vW-300x200.jpg 300w, https:\/\/www.umc.br\/cigex\/es-es\/wp-content\/uploads\/2023\/06\/CRK7beFUAAEH5vW-768x512.jpg 768w, https:\/\/www.umc.br\/cigex\/es-es\/wp-content\/uploads\/2023\/06\/CRK7beFUAAEH5vW.jpg 1536w\" sizes=\"(max-width: 1024px) 100vw, 1024px\" \/>\t\t\t\t\t\t\t\t\t\t\t\t\t\t\t<\/div>\n\t\t\t\t<\/div>\n\t\t\t\t\t<\/div>\n\t\t<\/div>\n\t\t\t\t<div class=\"elementor-column elementor-col-50 elementor-top-column elementor-element elementor-element-2be1fe2a\" data-id=\"2be1fe2a\" data-element_type=\"column\" data-e-type=\"column\">\n\t\t\t<div class=\"elementor-widget-wrap elementor-element-populated\">\n\t\t\t\t\t\t<div class=\"elementor-element elementor-element-13060c2b elementor-widget elementor-widget-image\" data-id=\"13060c2b\" data-element_type=\"widget\" data-e-type=\"widget\" data-settings=\"{&quot;ekit_we_effect_on&quot;:&quot;none&quot;}\" data-widget_type=\"image.default\">\n\t\t\t\t<div class=\"elementor-widget-container\">\n\t\t\t\t\t\t\t\t\t\t\t\t\t\t\t<img decoding=\"async\" width=\"479\" height=\"359\" src=\"https:\/\/www.umc.br\/cigex\/es-es\/wp-content\/uploads\/2023\/06\/cnu.jpg\" class=\"attachment-large size-large wp-image-1473\" alt=\"\" srcset=\"https:\/\/www.umc.br\/cigex\/es-es\/wp-content\/uploads\/2023\/06\/cnu.jpg 479w, https:\/\/www.umc.br\/cigex\/es-es\/wp-content\/uploads\/2023\/06\/cnu-300x225.jpg 300w\" sizes=\"(max-width: 479px) 100vw, 479px\" \/>\t\t\t\t\t\t\t\t\t\t\t\t\t\t\t<\/div>\n\t\t\t\t<\/div>\n\t\t\t\t<div class=\"elementor-element elementor-element-1b0f75de elementor-widget elementor-widget-heading\" data-id=\"1b0f75de\" data-element_type=\"widget\" data-e-type=\"widget\" data-settings=\"{&quot;ekit_we_effect_on&quot;:&quot;none&quot;}\" data-widget_type=\"heading.default\">\n\t\t\t\t<div class=\"elementor-widget-container\">\n\t\t\t\t\t<h2 class=\"elementor-heading-title elementor-size-default\">California Northstate University<\/h2>\t\t\t\t<\/div>\n\t\t\t\t<\/div>\n\t\t\t\t<div class=\"elementor-element elementor-element-244f94aa elementor-widget elementor-widget-text-editor\" data-id=\"244f94aa\" data-element_type=\"widget\" data-e-type=\"widget\" data-settings=\"{&quot;ekit_we_effect_on&quot;:&quot;none&quot;}\" data-widget_type=\"text-editor.default\">\n\t\t\t\t<div class=\"elementor-widget-container\">\n\t\t\t\t\t\t\t\t\t<p>California Northstate University (CNU) es una instituci\u00f3n dedicada a educar, desarrollar y capacitar a las personas para brindar una atenci\u00f3n competente y centrada en el paciente. La Universidad se desarroll\u00f3 despu\u00e9s del exitoso lanzamiento de la Facultad de Farmacia. Los fundadores de la Facultad de Farmacia crearon un programa progresivo que incluye aprendizaje activo, experiencias directas con los pacientes y investigaci\u00f3n.<\/p><p>Como resultado de varias publicaciones y estudios que indican la necesidad de aumentar la cantidad de m\u00e9dicos de atenci\u00f3n primaria capacitados en California, el personal operativo superior de la Facultad de Farmacia comenz\u00f3 a discutir la creaci\u00f3n de una nueva escuela de medicina en el \u00e1rea metropolitana de Sacramento a principios de la primavera. de 2010.<\/p>\t\t\t\t\t\t\t\t<\/div>\n\t\t\t\t<\/div>\n\t\t\t\t\t<\/div>\n\t\t<\/div>\n\t\t\t\t\t<\/div>\n\t\t<\/section>\n\t\t\t\t<\/div>\n\t\t","protected":false},"excerpt":{"rendered":"<p>California Northstate University La UMC firm\u00f3, a trav\u00e9s de la Coordinaci\u00f3n de Internacionalizaci\u00f3n y Experiencia Global (CIGEX), una alianza con CALIFORNIA NORTHSTATE UNIVERSITY (CNU), en la que ser\u00e1 posible realizar intercambios de estudiantes y profesores, adem\u00e1s de alianzas en proyectos de investigaci\u00f3n y acad\u00e9micos . La colaboraci\u00f3n entre las Instituciones comenz\u00f3 en 2015 con una [&hellip;]<\/p>\n","protected":false},"author":1,"featured_media":0,"parent":0,"menu_order":0,"comment_status":"closed","ping_status":"closed","template":"elementor_header_footer","meta":{"footnotes":""},"class_list":["post-1467","page","type-page","status-publish","hentry"],"blocksy_meta":[],"_links":{"self":[{"href":"https:\/\/www.umc.br\/cigex\/es-es\/wp-json\/wp\/v2\/pages\/1467","targetHints":{"allow":["GET"]}}],"collection":[{"href":"https:\/\/www.umc.br\/cigex\/es-es\/wp-json\/wp\/v2\/pages"}],"about":[{"href":"https:\/\/www.umc.br\/cigex\/es-es\/wp-json\/wp\/v2\/types\/page"}],"author":[{"embeddable":true,"href":"https:\/\/www.umc.br\/cigex\/es-es\/wp-json\/wp\/v2\/users\/1"}],"replies":[{"embeddable":true,"href":"https:\/\/www.umc.br\/cigex\/es-es\/wp-json\/wp\/v2\/comments?post=1467"}],"version-history":[{"count":7,"href":"https:\/\/www.umc.br\/cigex\/es-es\/wp-json\/wp\/v2\/pages\/1467\/revisions"}],"predecessor-version":[{"id":1482,"href":"https:\/\/www.umc.br\/cigex\/es-es\/wp-json\/wp\/v2\/pages\/1467\/revisions\/1482"}],"wp:attachment":[{"href":"https:\/\/www.umc.br\/cigex\/es-es\/wp-json\/wp\/v2\/media?parent=1467"}],"curies":[{"name":"wp","href":"https:\/\/api.w.org\/{rel}","templated":true}]}}