{"id":1304,"date":"2023-03-28T17:41:50","date_gmt":"2023-03-28T17:41:50","guid":{"rendered":"https:\/\/www.umc.br\/cigex\/es-es\/?page_id=1304"},"modified":"2023-04-19T13:39:54","modified_gmt":"2023-04-19T13:39:54","slug":"ifmsa-brazil","status":"publish","type":"page","link":"https:\/\/www.umc.br\/cigex\/es-es\/ifmsa-brazil\/","title":{"rendered":"IFMSA Brazil"},"content":{"rendered":"\t\t<div data-elementor-type=\"wp-page\" data-elementor-id=\"1304\" class=\"elementor elementor-1304\" data-elementor-settings=\"{&quot;ha_cmc_init_switcher&quot;:&quot;no&quot;}\" data-elementor-post-type=\"page\">\n\t\t\t\t\t\t<section class=\"elementor-section elementor-top-section elementor-element elementor-element-48c877d elementor-section-boxed elementor-section-height-default elementor-section-height-default\" data-id=\"48c877d\" data-element_type=\"section\" data-e-type=\"section\" data-settings=\"{&quot;background_background&quot;:&quot;slideshow&quot;,&quot;background_slideshow_gallery&quot;:[{&quot;id&quot;:1315,&quot;url&quot;:&quot;https:\\\/\\\/www.umc.br\\\/cigex\\\/es-es\\\/wp-content\\\/uploads\\\/2023\\\/03\\\/post_thumbnail-38dc3c771a0e794781ec868c74c6ce5d.jpg&quot;}],&quot;background_slideshow_loop&quot;:&quot;yes&quot;,&quot;background_slideshow_slide_duration&quot;:5000,&quot;background_slideshow_slide_transition&quot;:&quot;fade&quot;,&quot;background_slideshow_transition_duration&quot;:500,&quot;_ha_eqh_enable&quot;:false,&quot;ekit_has_onepagescroll_dot&quot;:&quot;yes&quot;}\">\n\t\t\t\t\t\t\t<div class=\"elementor-background-overlay\"><\/div>\n\t\t\t\t\t\t\t<div class=\"elementor-container elementor-column-gap-default\">\n\t\t\t\t\t<div class=\"elementor-column elementor-col-100 elementor-top-column elementor-element elementor-element-e7eb573\" data-id=\"e7eb573\" data-element_type=\"column\" data-e-type=\"column\">\n\t\t\t<div class=\"elementor-widget-wrap elementor-element-populated\">\n\t\t\t\t\t\t<div class=\"elementor-element elementor-element-70d2a0c elementor-widget elementor-widget-heading\" data-id=\"70d2a0c\" data-element_type=\"widget\" data-e-type=\"widget\" data-settings=\"{&quot;ekit_we_effect_on&quot;:&quot;none&quot;}\" data-widget_type=\"heading.default\">\n\t\t\t\t<div class=\"elementor-widget-container\">\n\t\t\t\t\t<h2 class=\"elementor-heading-title elementor-size-default\">IFMSA Brazil <\/h2>\t\t\t\t<\/div>\n\t\t\t\t<\/div>\n\t\t\t\t<div class=\"elementor-element elementor-element-27d3f97 elementor-widget elementor-widget-heading\" data-id=\"27d3f97\" data-element_type=\"widget\" data-e-type=\"widget\" data-settings=\"{&quot;ekit_we_effect_on&quot;:&quot;none&quot;}\" data-widget_type=\"heading.default\">\n\t\t\t\t<div class=\"elementor-widget-container\">\n\t\t\t\t\t<h2 class=\"elementor-heading-title elementor-size-default\">(International Federation of Medical Students\u2019 Association of Brazil)<\/h2>\t\t\t\t<\/div>\n\t\t\t\t<\/div>\n\t\t\t\t\t<\/div>\n\t\t<\/div>\n\t\t\t\t\t<\/div>\n\t\t<\/section>\n\t\t\t\t<section class=\"elementor-section elementor-top-section elementor-element elementor-element-2vmp6z7 elementor-section-content-middle elementor-section-boxed elementor-section-height-default elementor-section-height-default\" data-id=\"2vmp6z7\" data-element_type=\"section\" data-e-type=\"section\" data-settings=\"{&quot;background_background&quot;:&quot;classic&quot;,&quot;_ha_eqh_enable&quot;:false,&quot;ekit_has_onepagescroll_dot&quot;:&quot;yes&quot;}\">\n\t\t\t\t\t\t\t<div class=\"elementor-background-overlay\"><\/div>\n\t\t\t\t\t\t\t<div class=\"elementor-container elementor-column-gap-no\">\n\t\t\t\t\t<div class=\"elementor-column elementor-col-50 elementor-top-column elementor-element elementor-element-957c1a9\" data-id=\"957c1a9\" data-element_type=\"column\" data-e-type=\"column\">\n\t\t\t<div class=\"elementor-widget-wrap elementor-element-populated\">\n\t\t\t\t\t\t<div class=\"elementor-element elementor-element-fd47f1d elementor-widget elementor-widget-image\" data-id=\"fd47f1d\" data-element_type=\"widget\" data-e-type=\"widget\" data-settings=\"{&quot;ekit_we_effect_on&quot;:&quot;none&quot;}\" data-widget_type=\"image.default\">\n\t\t\t\t<div class=\"elementor-widget-container\">\n\t\t\t\t\t\t\t\t\t\t\t\t\t\t\t<img fetchpriority=\"high\" decoding=\"async\" width=\"800\" height=\"312\" src=\"https:\/\/www.umc.br\/cigex\/es-es\/wp-content\/uploads\/2023\/03\/logo.png\" class=\"attachment-full size-full wp-image-1307\" alt=\"\" srcset=\"https:\/\/www.umc.br\/cigex\/es-es\/wp-content\/uploads\/2023\/03\/logo.png 800w, https:\/\/www.umc.br\/cigex\/es-es\/wp-content\/uploads\/2023\/03\/logo-300x117.png 300w, https:\/\/www.umc.br\/cigex\/es-es\/wp-content\/uploads\/2023\/03\/logo-768x300.png 768w\" sizes=\"(max-width: 800px) 100vw, 800px\" \/>\t\t\t\t\t\t\t\t\t\t\t\t\t\t\t<\/div>\n\t\t\t\t<\/div>\n\t\t\t\t<div class=\"elementor-element elementor-element-5687b7a elementor-widget-divider--view-line elementor-widget elementor-widget-divider\" data-id=\"5687b7a\" data-element_type=\"widget\" data-e-type=\"widget\" data-settings=\"{&quot;ekit_we_effect_on&quot;:&quot;none&quot;}\" data-widget_type=\"divider.default\">\n\t\t\t\t<div class=\"elementor-widget-container\">\n\t\t\t\t\t\t\t<div class=\"elementor-divider\">\n\t\t\t<span class=\"elementor-divider-separator\">\n\t\t\t\t\t\t<\/span>\n\t\t<\/div>\n\t\t\t\t\t\t<\/div>\n\t\t\t\t<\/div>\n\t\t\t\t<div class=\"elementor-element elementor-element-78dc562 elementor-widget elementor-widget-image\" data-id=\"78dc562\" data-element_type=\"widget\" data-e-type=\"widget\" data-settings=\"{&quot;ekit_we_effect_on&quot;:&quot;none&quot;}\" data-widget_type=\"image.default\">\n\t\t\t\t<div class=\"elementor-widget-container\">\n\t\t\t\t\t\t\t\t\t\t\t\t\t\t\t<img decoding=\"async\" width=\"512\" height=\"308\" src=\"https:\/\/www.umc.br\/cigex\/es-es\/wp-content\/uploads\/2023\/03\/cropped-WhatsApp-Image-2021-09-16-at-16.06.00-e1680027286288.jpeg\" class=\"attachment-large size-large wp-image-1147\" alt=\"\" srcset=\"https:\/\/www.umc.br\/cigex\/es-es\/wp-content\/uploads\/2023\/03\/cropped-WhatsApp-Image-2021-09-16-at-16.06.00-e1680027286288.jpeg 512w, https:\/\/www.umc.br\/cigex\/es-es\/wp-content\/uploads\/2023\/03\/cropped-WhatsApp-Image-2021-09-16-at-16.06.00-e1680027286288-300x180.jpeg 300w\" sizes=\"(max-width: 512px) 100vw, 512px\" \/>\t\t\t\t\t\t\t\t\t\t\t\t\t\t\t<\/div>\n\t\t\t\t<\/div>\n\t\t\t\t<div class=\"elementor-element elementor-element-39c1e2d elementor-widget elementor-widget-text-editor\" data-id=\"39c1e2d\" data-element_type=\"widget\" data-e-type=\"widget\" data-settings=\"{&quot;ekit_we_effect_on&quot;:&quot;none&quot;}\" data-widget_type=\"text-editor.default\">\n\t\t\t\t<div class=\"elementor-widget-container\">\n\t\t\t\t\t\t\t\t\t<p>Adem\u00e1s de la Universidad de Miami, la UMC tambi\u00e9n es asociada a la IFMSA Brazil, que es la mayor organizaci\u00f3n estudiantil del planeta, con m\u00e1s de 1 mill\u00f3n de estudiantes de medicina en 129 pa\u00edses.<\/p><p>Mas recientemente, en alianza con la Decretoria de Posgrado da UMC, a CIGEX lanz\u00f3 edicto para bolsas de doctorado en el exterior, en la modalidad s\u00e1ndwich, con recursos de la CAPES, donde dos alumnos de la UMC fueron seleccionados.<\/p>\t\t\t\t\t\t\t\t<\/div>\n\t\t\t\t<\/div>\n\t\t\t\t\t<\/div>\n\t\t<\/div>\n\t\t\t\t<div class=\"elementor-column elementor-col-50 elementor-top-column elementor-element elementor-element-75109e3\" data-id=\"75109e3\" data-element_type=\"column\" data-e-type=\"column\">\n\t\t\t<div class=\"elementor-widget-wrap elementor-element-populated\">\n\t\t\t\t\t\t<div class=\"elementor-element elementor-element-0806230 elementor-widget elementor-widget-heading\" data-id=\"0806230\" data-element_type=\"widget\" data-e-type=\"widget\" data-settings=\"{&quot;ekit_we_effect_on&quot;:&quot;none&quot;}\" data-widget_type=\"heading.default\">\n\t\t\t\t<div class=\"elementor-widget-container\">\n\t\t\t\t\t<h2 class=\"elementor-heading-title elementor-size-default\">\u00bfQu\u00e9 es la IFMSA?<\/h2>\t\t\t\t<\/div>\n\t\t\t\t<\/div>\n\t\t\t\t<div class=\"elementor-element elementor-element-27a622b elementor-widget elementor-widget-text-editor\" data-id=\"27a622b\" data-element_type=\"widget\" data-e-type=\"widget\" data-settings=\"{&quot;ekit_we_effect_on&quot;:&quot;none&quot;}\" data-widget_type=\"text-editor.default\">\n\t\t\t\t<div class=\"elementor-widget-container\">\n\t\t\t\t\t\t\t\t\t<p>La IFMSA es la mayor organizaci\u00f3n estudiantil del planeta. Con m\u00e1s de 1 mill\u00f3n de estudiantes de medicina en 129 pa\u00edses, tiene su visi\u00f3n y valores propagados por diversas Organizaciones Nacionales de Miembros, incluida la IFMSA Brazil, que fue la primera asociaci\u00f3n afiliada a la IFMSA en Am\u00e9rica Latina.<\/p>\t\t\t\t\t\t\t\t<\/div>\n\t\t\t\t<\/div>\n\t\t\t\t<div class=\"elementor-element elementor-element-46b54b0 elementor-widget elementor-widget-heading\" data-id=\"46b54b0\" data-element_type=\"widget\" data-e-type=\"widget\" data-settings=\"{&quot;ekit_we_effect_on&quot;:&quot;none&quot;}\" data-widget_type=\"heading.default\">\n\t\t\t\t<div class=\"elementor-widget-container\">\n\t\t\t\t\t<h2 class=\"elementor-heading-title elementor-size-default\">\u00bfQu\u00e9 es la IFMSA Brazil?<\/h2>\t\t\t\t<\/div>\n\t\t\t\t<\/div>\n\t\t\t\t<div class=\"elementor-element elementor-element-bced8d3 elementor-widget elementor-widget-text-editor\" data-id=\"bced8d3\" data-element_type=\"widget\" data-e-type=\"widget\" data-settings=\"{&quot;ekit_we_effect_on&quot;:&quot;none&quot;}\" data-widget_type=\"text-editor.default\">\n\t\t\t\t<div class=\"elementor-widget-container\">\n\t\t\t\t\t\t\t\t\t<p>La IFMSA Brazil (International Federation of Medical Students\u2019 Association of Brazil, traducida para Federaci\u00f3n Internacional de las Asociaciones de Estudiantes de Medicina del Brasil) fue fundada en 1991 en la Universidad Estadual de Londrina. Actualmente, estamos presentes en m\u00e1s de 190 escuelas m\u00e9dicas en todas las regiones brasileras y actuamos en diversos ejes incluyendo humanizaci\u00f3n, ciencia y producci\u00f3n cient\u00edfica, promoci\u00f3n de la salud, educaci\u00f3n m\u00e9dica, intercambios, representatividad estudiantil, entrenamientos y varios otros.<\/p>\t\t\t\t\t\t\t\t<\/div>\n\t\t\t\t<\/div>\n\t\t\t\t<div class=\"elementor-element elementor-element-ab33524 elementor-align-justify elementor-widget elementor-widget-button\" data-id=\"ab33524\" data-element_type=\"widget\" data-e-type=\"widget\" data-settings=\"{&quot;ekit_we_effect_on&quot;:&quot;none&quot;}\" data-widget_type=\"button.default\">\n\t\t\t\t<div class=\"elementor-widget-container\">\n\t\t\t\t\t\t\t\t\t<div class=\"elementor-button-wrapper\">\n\t\t\t\t\t<a class=\"elementor-button elementor-button-link elementor-size-sm\" href=\"https:\/\/ifmsabrazil.org\/institucional\/\" target=\"_blank\">\n\t\t\t\t\t\t<span class=\"elementor-button-content-wrapper\">\n\t\t\t\t\t\t\t\t\t<span class=\"elementor-button-text\">Conoce IFMSA Brasil<\/span>\n\t\t\t\t\t<\/span>\n\t\t\t\t\t<\/a>\n\t\t\t\t<\/div>\n\t\t\t\t\t\t\t\t<\/div>\n\t\t\t\t<\/div>\n\t\t\t\t\t<\/div>\n\t\t<\/div>\n\t\t\t\t\t<\/div>\n\t\t<\/section>\n\t\t\t\t<\/div>\n\t\t","protected":false},"excerpt":{"rendered":"<p>IFMSA Brazil (International Federation of Medical Students\u2019 Association of Brazil) Adem\u00e1s de la Universidad de Miami, la UMC tambi\u00e9n es asociada a la IFMSA Brazil, que es la mayor organizaci\u00f3n estudiantil del planeta, con m\u00e1s de 1 mill\u00f3n de estudiantes de medicina en 129 pa\u00edses. Mas recientemente, en alianza con la Decretoria de Posgrado da [&hellip;]<\/p>\n","protected":false},"author":1,"featured_media":0,"parent":0,"menu_order":0,"comment_status":"closed","ping_status":"closed","template":"elementor_header_footer","meta":{"footnotes":""},"class_list":["post-1304","page","type-page","status-publish","hentry"],"blocksy_meta":[],"_links":{"self":[{"href":"https:\/\/www.umc.br\/cigex\/es-es\/wp-json\/wp\/v2\/pages\/1304","targetHints":{"allow":["GET"]}}],"collection":[{"href":"https:\/\/www.umc.br\/cigex\/es-es\/wp-json\/wp\/v2\/pages"}],"about":[{"href":"https:\/\/www.umc.br\/cigex\/es-es\/wp-json\/wp\/v2\/types\/page"}],"author":[{"embeddable":true,"href":"https:\/\/www.umc.br\/cigex\/es-es\/wp-json\/wp\/v2\/users\/1"}],"replies":[{"embeddable":true,"href":"https:\/\/www.umc.br\/cigex\/es-es\/wp-json\/wp\/v2\/comments?post=1304"}],"version-history":[{"count":40,"href":"https:\/\/www.umc.br\/cigex\/es-es\/wp-json\/wp\/v2\/pages\/1304\/revisions"}],"predecessor-version":[{"id":1406,"href":"https:\/\/www.umc.br\/cigex\/es-es\/wp-json\/wp\/v2\/pages\/1304\/revisions\/1406"}],"wp:attachment":[{"href":"https:\/\/www.umc.br\/cigex\/es-es\/wp-json\/wp\/v2\/media?parent=1304"}],"curies":[{"name":"wp","href":"https:\/\/api.w.org\/{rel}","templated":true}]}}